{"id":6,"date":"2007-11-22T13:49:16","date_gmt":"2007-11-22T13:49:16","guid":{"rendered":"http:\/\/people.unica.it\/wifi\/home"},"modified":"2017-12-11T17:44:37","modified_gmt":"2017-12-11T17:44:37","slug":"rete-wireless-dateneo","status":"publish","type":"page","link":"https:\/\/people.unica.it\/wifi\/","title":{"rendered":"Rete Wireless d&#8217;Ateneo"},"content":{"rendered":"<p><span style=\"color: #000080\"><em><strong>UNICAMeNTe<\/strong><\/em><\/span> &#8211; La rete Wireless dell\u2019Universit\u00e0 degli Studi di Cagliari<\/p>\n<p>Online il nuovo portale del progetto <span style=\"color: #000080\"><em><strong>UNICAMeNTe<\/strong><\/em><\/span> &#8211; <span style=\"color: #000080\"><strong>UNICA Mobile Network<\/strong><\/span> nel quale potrai trovare le istruzioni di configurazione per accedere ai servizi di rete ed altre informazioni relative al servizio.<\/p>\n<p>L\u2019Universit\u00e0 degli Studi di Cagliari rende disponibile la copertura Wireless dei propri Campus universitari dislocati all\u2019interno delle aree metropolitane di Cagliari e Monserrato.<\/p>\n<p>Le soluzioni tecniche e tecnologiche adottate per la realizzazione del progetto hanno portato alla messa in esercizio di una piattaforma di tipo misto Wired-Wireless (rame &#8211; fibra ottica &#8211; etere), che ha consentito alla nuova rete Wireless di diffondersi come naturale espansione della rete tradizionale.<\/p>\n<p>La finalit\u00e0 \u00e8 quella di sfruttare le peculiarit\u00e0 dei sistemi Wireless, come la capillarit\u00e0 e la mobilit\u00e0, per rendere maggiormente disponibili le potenzialit\u00e0 offerte dal nuovo sistema informativo d\u2019Ateneo.<\/p>\n<p>Considerata la finalit\u00e0 istituzionale della rete di Ateneo, \u00e8 stata prestata particolare attenzione al problema della sicurezza, concretizzatasi nello sviluppo di una procedura di autenticazione centralizzata basata sui protocolli e servizi IEEE 802.1x, Radius ed LDAP.<\/p>\n","protected":false},"excerpt":{"rendered":"<p>UNICAMeNTe &#8211; La rete Wireless dell\u2019Universit\u00e0 degli Studi di Cagliari Online il nuovo portale del progetto UNICAMeNTe &#8211; UNICA Mobile Network nel quale potrai trovare le istruzioni di configurazione per accedere ai servizi di rete ed altre informazioni relative al servizio. L\u2019Universit\u00e0 degli Studi di Cagliari rende disponibile la copertura Wireless dei propri Campus universitari dislocati all\u2019interno delle aree metropolitane &#8230; <a href=\"https:\/\/people.unica.it\/wifi\/\" class=\"more-link\">Read More<\/a><\/p>\n","protected":false},"author":134,"featured_media":0,"parent":0,"menu_order":0,"comment_status":"closed","ping_status":"closed","template":"","meta":{"footnotes":""},"class_list":["post-6","page","type-page","status-publish","hentry","no-post-thumbnail"],"_links":{"self":[{"href":"https:\/\/people.unica.it\/wifi\/wp-json\/wp\/v2\/pages\/6","targetHints":{"allow":["GET"]}}],"collection":[{"href":"https:\/\/people.unica.it\/wifi\/wp-json\/wp\/v2\/pages"}],"about":[{"href":"https:\/\/people.unica.it\/wifi\/wp-json\/wp\/v2\/types\/page"}],"author":[{"embeddable":true,"href":"https:\/\/people.unica.it\/wifi\/wp-json\/wp\/v2\/users\/134"}],"replies":[{"embeddable":true,"href":"https:\/\/people.unica.it\/wifi\/wp-json\/wp\/v2\/comments?post=6"}],"version-history":[{"count":3,"href":"https:\/\/people.unica.it\/wifi\/wp-json\/wp\/v2\/pages\/6\/revisions"}],"predecessor-version":[{"id":425,"href":"https:\/\/people.unica.it\/wifi\/wp-json\/wp\/v2\/pages\/6\/revisions\/425"}],"wp:attachment":[{"href":"https:\/\/people.unica.it\/wifi\/wp-json\/wp\/v2\/media?parent=6"}],"curies":[{"name":"wp","href":"https:\/\/api.w.org\/{rel}","templated":true}]}}