{"id":2,"date":"2011-02-04T09:08:47","date_gmt":"2011-02-04T09:08:47","guid":{"rendered":"http:\/\/people.unica.it\/universities\/?page_id=2"},"modified":"2018-09-26T09:06:12","modified_gmt":"2018-09-26T09:06:12","slug":"info","status":"publish","type":"page","link":"https:\/\/people.unica.it\/universities\/","title":{"rendered":"Cosa unisce e cosa divide le universit\u00e0 dentro e fuori l&#8217;Italia"},"content":{"rendered":"<div>\n<div>\n<div>\n<div><a href=\"http:\/\/people.unica.it\/universities\/files\/2011\/02\/locandinagennaio2011.pdf\"><img decoding=\"async\" class=\"size-medium wp-image-54 alignleft\" src=\"http:\/\/people.unica.it\/universities\/files\/2011\/02\/locandinagennaio2011-211x300.jpg\" alt=\"\" width=\"211\" height=\"300\" srcset=\"https:\/\/people.unica.it\/universities\/files\/2011\/02\/locandinagennaio2011-211x300.jpg 211w, https:\/\/people.unica.it\/universities\/files\/2011\/02\/locandinagennaio2011.jpg 595w\" sizes=\"(max-width: 211px) 100vw, 211px\" \/><\/a>Mercoled\u00ec 26 gennaio 2011 si \u00e8 svolto presso la Facolt\u00e0 di Scienze della Formazione di Cagliari<\/div>\n<div>un incontro-dibattito relativo al confronto tra l&#8217;universit\u00e0 italiana e le universit\u00e0 di alcuni paesi esteri.<\/div>\n<div>I lavori sono stati introdotti dalla <strong><em>prof. Elisabetta Gola<\/em><\/strong>, docente di Teoria dei linguaggi e della comunicazione e Filosofia della Mente all&#8217;Universit\u00e0 degli Studi di Cagliari.<\/div>\n<div>All&#8217;incontro hanno partecipato diversi visiting professors attualmente in servizio presso l&#8217;ateneo di Cagliari (programma finanziato dalla Regione Autonoma della Sardegna):<\/div>\n<div>\n<div>&#8211; <a href=\"http:\/\/people.unica.it\/universities\/2011\/02\/23\/workshop-universita-intervento-di-angela-cacciarru\/\"><em><strong>Angela Cacciarru<\/strong><\/em><\/a>,\u00a0University of\u00a0North Carolina\u00a0at Chapel<\/div>\n<\/div>\n<div>&#8211; <strong><em><a href=\"http:\/\/people.unica.it\/universities\/2011\/02\/23\/workshop-universita%E2%80%99-%E2%80%93-intervento-di-linda-stern\/\">Linda Stern<\/a>, <\/em><\/strong>Dept. Of Computer science and software engeneering , University of Melbourne<\/div>\n<div>&#8211; <a href=\"http:\/\/people.unica.it\/universities\/2011\/02\/23\/workshop-universita%E2%80%99-%E2%80%93-intervento-di-mario-herrera-marschitz\/\"><strong><em>Mario\u00a0Herrera-Marschitz<\/em><\/strong><\/a>, Medical Faculty, University of Chile (Santiago)<br \/>\n&#8211; <strong><em><a href=\"http:\/\/people.unica.it\/universities\/2011\/02\/23\/workshop-universita%E2%80%99-%E2%80%93-intervento-di-roberto-muffoletto\/\" target=\"_blank\">Roberto Muffoletto<\/a>, <\/em><\/strong>Dep. of Curriculum and Instruction,\u00a0 Appalachian University (Boone, North Carolina)<br \/>\nE&#8217; intervenuto il <em><strong><a href=\"http:\/\/people.unica.it\/universities\/2011\/02\/23\/workshop-universita%E2%80%99-%E2%80%93-intervento-di-stefano-federici\/\">prof. Stefano Federici<\/a><\/strong><\/em>,\u00a0docente\u00a0di\u00a0Informatica\u00a0all&#8217;universit\u00e0 degli Studi di Cagliari.<\/div>\n<\/div>\n<\/div>\n<\/div>\n","protected":false},"excerpt":{"rendered":"<p>Mercoled\u00ec 26 gennaio 2011 si \u00e8 svolto presso la Facolt\u00e0 di Scienze della Formazione di Cagliari un incontro-dibattito relativo al confronto tra l&#8217;universit\u00e0 italiana e le universit\u00e0 di alcuni paesi esteri. I lavori sono stati introdotti dalla prof. Elisabetta Gola, docente di Teoria dei linguaggi e della comunicazione e Filosofia della Mente all&#8217;Universit\u00e0 degli Studi di Cagliari. All&#8217;incontro hanno partecipato diversi visiting professors attualmente in servizio presso l&#8217;ateneo di Cagliari (programma finanziato dalla Regione Autonoma della Sardegna): &#8211; Angela Cacciarru,\u00a0University of\u00a0North Carolina\u00a0at Chapel &#8211; Linda Stern, Dept. Of Computer science and software engeneering , University of Melbourne &#8211; Mario\u00a0Herrera-Marschitz, Medical <a href='https:\/\/people.unica.it\/universities\/' class='excerpt-more'>[&#8230;]<\/a><\/p>\n","protected":false},"author":455,"featured_media":0,"parent":0,"menu_order":0,"comment_status":"closed","ping_status":"closed","template":"","meta":{"footnotes":""},"class_list":["post-2","page","type-page","status-publish","hentry","post-seq-1","post-parity-odd","meta-position-corners","fix"],"_links":{"self":[{"href":"https:\/\/people.unica.it\/universities\/wp-json\/wp\/v2\/pages\/2","targetHints":{"allow":["GET"]}}],"collection":[{"href":"https:\/\/people.unica.it\/universities\/wp-json\/wp\/v2\/pages"}],"about":[{"href":"https:\/\/people.unica.it\/universities\/wp-json\/wp\/v2\/types\/page"}],"author":[{"embeddable":true,"href":"https:\/\/people.unica.it\/universities\/wp-json\/wp\/v2\/users\/455"}],"replies":[{"embeddable":true,"href":"https:\/\/people.unica.it\/universities\/wp-json\/wp\/v2\/comments?post=2"}],"version-history":[{"count":21,"href":"https:\/\/people.unica.it\/universities\/wp-json\/wp\/v2\/pages\/2\/revisions"}],"predecessor-version":[{"id":127,"href":"https:\/\/people.unica.it\/universities\/wp-json\/wp\/v2\/pages\/2\/revisions\/127"}],"wp:attachment":[{"href":"https:\/\/people.unica.it\/universities\/wp-json\/wp\/v2\/media?parent=2"}],"curies":[{"name":"wp","href":"https:\/\/api.w.org\/{rel}","templated":true}]}}