{"id":1551,"date":"2010-10-25T15:30:03","date_gmt":"2010-10-25T14:30:03","guid":{"rendered":"http:\/\/people.unica.it\/uilpa\/"},"modified":"2018-03-15T14:53:52","modified_gmt":"2018-03-15T13:53:52","slug":"giorgio-mancosu","status":"publish","type":"page","link":"https:\/\/people.unica.it\/uilpa\/contatti\/giorgio-mancosu\/","title":{"rendered":"Giorgio Mancosu"},"content":{"rendered":"<p style=\"text-align: left\">Nel 2006 si iscrive alla UIL e affianca il Segretario di Ateneo nell&#8217;attivit\u00e0 sindacale.<br \/>\nNel 2007 \u00e8 eletto nella RSU di Ateneo nella lista UIL.<br \/>\n<a href=\"http:\/\/www.unionesarda.it\/Articoli\/News\/147710\" target=\"_blank\" rel=\"noopener\"><strong>Nel Congresso UIL di ottobre 2009 \u00e8 eletto Segretario Generale UIL Universit\u00e0 di Cagliari<\/strong><\/a>.<br \/>\nNel novembre 2009 \u00e8 eletto nel Direttivo Nazionale UIL Ricerca, Universit\u00e0, AFAM.<\/p>\n<p style=\"text-align: left\">Nel 2014 \u00e8 confermato Segretario Generale UIL RUA di Ateneo.<\/p>\n","protected":false},"excerpt":{"rendered":"<p>Nel 2006 si iscrive alla UIL e affianca il Segretario di Ateneo nell&#8217;attivit\u00e0 sindacale. Nel 2007 \u00e8 eletto nella RSU di Ateneo nella lista UIL. Nel Congresso UIL di ottobre 2009 \u00e8 eletto Segretario Generale UIL [&hellip;]<\/p>\n","protected":false},"author":195,"featured_media":0,"parent":11,"menu_order":1,"comment_status":"open","ping_status":"closed","template":"","meta":{"ngg_post_thumbnail":0,"footnotes":""},"class_list":["post-1551","page","type-page","status-publish","hentry"],"_links":{"self":[{"href":"https:\/\/people.unica.it\/uilpa\/wp-json\/wp\/v2\/pages\/1551","targetHints":{"allow":["GET"]}}],"collection":[{"href":"https:\/\/people.unica.it\/uilpa\/wp-json\/wp\/v2\/pages"}],"about":[{"href":"https:\/\/people.unica.it\/uilpa\/wp-json\/wp\/v2\/types\/page"}],"author":[{"embeddable":true,"href":"https:\/\/people.unica.it\/uilpa\/wp-json\/wp\/v2\/users\/195"}],"replies":[{"embeddable":true,"href":"https:\/\/people.unica.it\/uilpa\/wp-json\/wp\/v2\/comments?post=1551"}],"version-history":[{"count":33,"href":"https:\/\/people.unica.it\/uilpa\/wp-json\/wp\/v2\/pages\/1551\/revisions"}],"predecessor-version":[{"id":2292,"href":"https:\/\/people.unica.it\/uilpa\/wp-json\/wp\/v2\/pages\/1551\/revisions\/2292"}],"up":[{"embeddable":true,"href":"https:\/\/people.unica.it\/uilpa\/wp-json\/wp\/v2\/pages\/11"}],"wp:attachment":[{"href":"https:\/\/people.unica.it\/uilpa\/wp-json\/wp\/v2\/media?parent=1551"}],"curies":[{"name":"wp","href":"https:\/\/api.w.org\/{rel}","templated":true}]}}