{"id":4383,"date":"2019-12-05T12:03:17","date_gmt":"2019-12-05T12:03:17","guid":{"rendered":"http:\/\/people.unica.it\/traduzionespecialisticadeitesti\/?page_id=4383"},"modified":"2023-02-24T13:53:04","modified_gmt":"2023-02-24T13:53:04","slug":"composizione-del-consiglio-di-classe-a-a-2022-2023","status":"publish","type":"page","link":"https:\/\/people.unica.it\/traduzionespecialisticadeitesti\/chi-siamo\/consiglio-di-classe\/composizione-del-consiglio-di-classe-a-a-2022-2023\/","title":{"rendered":"Composizione del Consiglio di Classe A.A. 2022\/2023"},"content":{"rendered":"<table style=\"width: 66.9623%;height: 792px\">\n<tbody>\n<tr style=\"height: 24px\">\n<td style=\"height: 24px;width: 6.54426%\" width=\"57\"><strong>N.<\/strong><\/td>\n<td style=\"height: 24px;width: 250.157%\" width=\"227\"><strong>DOCENTI AFFERENTI<\/strong><\/td>\n<\/tr>\n<tr style=\"height: 24px\">\n<td style=\"height: 24px;width: 6.54426%\" width=\"57\"><strong>1<\/strong><\/td>\n<td style=\"height: 24px;width: 250.157%\" width=\"227\">ACHILLI Alessandro<\/td>\n<\/tr>\n<tr style=\"height: 24px\">\n<td style=\"height: 24px;width: 6.54426%\" width=\"57\"><strong>2<\/strong><\/td>\n<td style=\"height: 24px;width: 250.157%\" width=\"227\">ARMANGU\u00c9 HERRERO Joan<\/td>\n<\/tr>\n<tr style=\"height: 24px\">\n<td style=\"height: 24px;width: 6.54426%\" width=\"57\"><strong>3<\/strong><\/td>\n<td style=\"height: 24px;width: 250.157%\" width=\"227\">BADINI\u00a0 Riccardo<\/td>\n<\/tr>\n<tr style=\"height: 24px\">\n<td style=\"height: 24px;width: 6.54426%\" width=\"57\"><strong>4<\/strong><\/td>\n<td style=\"height: 24px;width: 250.157%\" width=\"227\">BOARINI Francesca<\/td>\n<\/tr>\n<tr style=\"height: 24px\">\n<td style=\"height: 24px;width: 6.54426%\" width=\"57\"><strong>5<\/strong><\/td>\n<td style=\"height: 24px;width: 250.157%\" width=\"227\">BUKIES Gudrun<\/td>\n<\/tr>\n<tr style=\"height: 24px\">\n<td style=\"height: 24px;width: 6.54426%\"><strong>6<\/strong><\/td>\n<td style=\"height: 24px;width: 250.157%\">CAMBOSU Gabriella<\/td>\n<\/tr>\n<tr style=\"height: 24px\">\n<td style=\"height: 24px;width: 6.54426%\"><strong>7<\/strong><\/td>\n<td style=\"height: 24px;width: 250.157%\">CAU Luciano<\/td>\n<\/tr>\n<tr style=\"height: 24px\">\n<td style=\"height: 24px;width: 6.54426%\"><strong>8<\/strong><\/td>\n<td style=\"height: 24px;width: 250.157%\">CHESSA Francesca<\/td>\n<\/tr>\n<tr style=\"height: 24px\">\n<td style=\"height: 24px;width: 6.54426%\"><strong>9<\/strong><\/td>\n<td style=\"height: 24px;width: 250.157%\">COCCO Maria Simona<\/td>\n<\/tr>\n<tr style=\"height: 24px\">\n<td style=\"height: 24px;width: 6.54426%\"><strong>10<\/strong><\/td>\n<td style=\"height: 24px;width: 250.157%\">COSENTINO Gianluca<\/td>\n<\/tr>\n<tr style=\"height: 24px\">\n<td style=\"height: 24px;width: 6.54426%\"><strong>11<\/strong><\/td>\n<td style=\"height: 24px;width: 250.157%\">DE GIOVANNI Cosimo<\/td>\n<\/tr>\n<tr style=\"height: 24px\">\n<td style=\"height: 24px;width: 6.54426%\"><strong>12<\/strong><\/td>\n<td style=\"height: 24px;width: 250.157%\">DENTI Olga<\/td>\n<\/tr>\n<tr style=\"height: 24px\">\n<td style=\"height: 24px;width: 6.54426%\"><strong>13\u00a0<\/strong><\/td>\n<td style=\"height: 24px;width: 250.157%\">DI FELICE Maria Luisa<\/td>\n<\/tr>\n<tr style=\"height: 24px\">\n<td style=\"height: 24px;width: 6.54426%\"><strong>14<\/strong><\/td>\n<td style=\"height: 24px;width: 250.157%\">DONGU Maria Grazia<\/td>\n<\/tr>\n<tr>\n<td style=\"width: 6.54426%\"><strong>15<\/strong><\/td>\n<td style=\"width: 250.157%\">FOIS Eleonora<\/td>\n<\/tr>\n<tr>\n<td style=\"width: 6.54426%\"><strong>16<\/strong><\/td>\n<td style=\"width: 250.157%\">GARC\u00cdA S\u00c1NCHEZ Mar\u00eda Dolores<\/td>\n<\/tr>\n<tr>\n<td style=\"width: 6.54426%\"><strong>17<\/strong><\/td>\n<td style=\"width: 250.157%\">GIORDANO Michela<\/td>\n<\/tr>\n<tr style=\"height: 24px\">\n<td style=\"height: 24px;width: 6.54426%\"><strong>18<\/strong><\/td>\n<td style=\"height: 24px;width: 250.157%\">IULIANO Fiorenzo<\/td>\n<\/tr>\n<tr style=\"height: 24px\">\n<td style=\"height: 24px;width: 6.54426%\"><strong>19<\/strong><\/td>\n<td style=\"height: 24px;width: 250.157%\">LANGONE Angela<\/td>\n<\/tr>\n<tr style=\"height: 24px\">\n<td style=\"height: 24px;width: 6.54426%\"><strong>20<\/strong><\/td>\n<td style=\"height: 24px;width: 250.157%\">MANINCHEDDA Paolo<\/td>\n<\/tr>\n<tr style=\"height: 24px\">\n<td style=\"height: 24px;width: 6.54426%\"><strong>21<\/strong><\/td>\n<td style=\"height: 24px;width: 250.157%\">MELONI Ilaria<\/td>\n<\/tr>\n<tr style=\"height: 24px\">\n<td style=\"height: 24px;width: 6.54426%\"><strong>22<\/strong><\/td>\n<td style=\"height: 24px;width: 250.157%\">PALA Mauro<\/td>\n<\/tr>\n<tr style=\"height: 24px\">\n<td style=\"height: 24px;width: 6.54426%\"><strong>23<\/strong><\/td>\n<td style=\"height: 24px;width: 250.157%\">PALLADINI Irene<\/td>\n<\/tr>\n<tr style=\"height: 24px\">\n<td style=\"height: 24px;width: 6.54426%\"><strong>24<\/strong><\/td>\n<td style=\"height: 24px;width: 250.157%\">PIGA Antonio<\/td>\n<\/tr>\n<tr style=\"height: 24px\">\n<td style=\"height: 24px;width: 6.54426%\"><strong>25<\/strong><\/td>\n<td style=\"height: 24px;width: 250.157%\">PUDDU Nicoletta<\/td>\n<\/tr>\n<tr style=\"height: 24px\">\n<td style=\"height: 24px;width: 6.54426%\"><strong>26<\/strong><\/td>\n<td style=\"height: 24px;width: 250.157%\">PUGGIONI Roberto<\/td>\n<\/tr>\n<tr style=\"height: 24px\">\n<td style=\"height: 24px;width: 6.54426%\"><strong>27<\/strong><\/td>\n<td style=\"height: 24px;width: 250.157%\">RUGGERINI Maria Elena<\/td>\n<\/tr>\n<tr style=\"height: 24px\">\n<td style=\"height: 24px;width: 6.54426%\"><strong>28<\/strong><\/td>\n<td style=\"height: 24px;width: 250.157%\">SECCI Maria Cristina<\/td>\n<\/tr>\n<tr style=\"height: 24px\">\n<td style=\"height: 24px;width: 6.54426%\"><strong>29<\/strong><\/td>\n<td style=\"height: 24px;width: 250.157%\">SZ\u0150KE Veronka<\/td>\n<\/tr>\n<tr style=\"height: 24px\">\n<td style=\"height: 24px;width: 6.54426%\"><strong>30<\/strong><\/td>\n<td style=\"height: 24px;width: 250.157%\">TRIA Massimo<\/td>\n<\/tr>\n<tr style=\"height: 24px\">\n<td style=\"height: 24px;width: 6.54426%\"><strong>31<\/strong><\/td>\n<td style=\"height: 24px;width: 250.157%\">TRIFONE Maurizio<\/td>\n<\/tr>\n<tr style=\"height: 24px\">\n<td style=\"height: 24px;width: 6.54426%\"><strong>32<\/strong><\/td>\n<td style=\"height: 24px;width: 250.157%\">VASARRI Fabio<\/td>\n<\/tr>\n<tr style=\"height: 24px\">\n<td style=\"height: 24px;width: 6.54426%\"><strong>33<\/strong><\/td>\n<td style=\"height: 24px;width: 250.157%\">VIRDIS Daniela Francesca<\/td>\n<\/tr>\n<tr style=\"height: 24px\">\n<td style=\"height: 24px;width: 6.54426%\"><strong>34<\/strong><\/td>\n<td style=\"height: 24px;width: 250.157%\">ZIZI Daniela<\/td>\n<\/tr>\n<\/tbody>\n<\/table>\n<p>&nbsp;<\/p>\n<table style=\"width: 67.0517%\">\n<tbody>\n<tr>\n<td style=\"width: 5.51355%\" width=\"57\"><strong>N.<\/strong><\/td>\n<td style=\"width: 328.41%\" width=\"227\"><strong>DOCENTI NON AFFERENTI<\/strong><\/td>\n<\/tr>\n<tr>\n<td style=\"width: 5.51355%\" width=\"57\"><strong>35<\/strong><\/td>\n<td style=\"width: 328.41%\" width=\"227\">ALBANO Mariangela<\/td>\n<\/tr>\n<tr>\n<td style=\"width: 5.51355%\" width=\"57\"><strong>36<\/strong><\/td>\n<td style=\"width: 328.41%\" width=\"227\">BACHIS Francesco<\/td>\n<\/tr>\n<tr>\n<td style=\"width: 5.51355%\" width=\"57\"><strong>37<\/strong><\/td>\n<td style=\"width: 328.41%\" width=\"227\">BRUNI David<\/td>\n<\/tr>\n<tr>\n<td style=\"width: 5.51355%\" width=\"57\"><strong>38<\/strong><\/td>\n<td style=\"width: 328.41%\" width=\"227\">CASULA Clementina<\/td>\n<\/tr>\n<tr>\n<td style=\"width: 5.51355%\" width=\"57\"><strong>39<\/strong><\/td>\n<td style=\"width: 328.41%\" width=\"227\">CATTEDRA Raffaele<\/td>\n<\/tr>\n<tr>\n<td style=\"width: 5.51355%\" width=\"57\"><strong>40\u00a0<\/strong><\/td>\n<td style=\"width: 328.41%\" width=\"227\">CICCOLONE Simone<\/td>\n<\/tr>\n<tr>\n<td style=\"width: 5.51355%\" width=\"57\"><strong>41<\/strong><\/td>\n<td style=\"width: 328.41%\" width=\"227\">COSSU Tatiana Maria Antonia<\/td>\n<\/tr>\n<tr>\n<td style=\"width: 5.51355%\" width=\"57\"><strong>42<\/strong><\/td>\n<td style=\"width: 328.41%\" width=\"227\">DEPLANO Valeria<\/td>\n<\/tr>\n<tr>\n<td style=\"width: 5.51355%\" width=\"57\"><strong>43<\/strong><\/td>\n<td style=\"width: 328.41%\" width=\"227\">FERRARESI Roberta<\/td>\n<\/tr>\n<tr>\n<td style=\"width: 5.51355%\" width=\"57\"><strong>44<\/strong><\/td>\n<td style=\"width: 328.41%\" width=\"227\">GROSSO Giulia Isabella<\/td>\n<\/tr>\n<tr>\n<td style=\"width: 5.51355%\" width=\"57\"><strong>45<\/strong><\/td>\n<td style=\"width: 328.41%\" width=\"227\">LUCAMANTE Stefania<\/td>\n<\/tr>\n<tr>\n<td style=\"width: 5.51355%\" width=\"57\"><strong>46<\/strong><\/td>\n<td style=\"width: 328.41%\" width=\"227\">LUPANO Emma<\/td>\n<\/tr>\n<tr>\n<td style=\"width: 5.51355%\" width=\"57\"><strong>47<\/strong><\/td>\n<td style=\"width: 328.41%\" width=\"227\">LUTZU Marco Francesco<\/td>\n<\/tr>\n<tr>\n<td style=\"width: 5.51355%\" width=\"57\"><strong>48<\/strong><\/td>\n<td style=\"width: 328.41%\" width=\"227\">MARRA Antonietta<\/td>\n<\/tr>\n<tr>\n<td style=\"width: 5.51355%\" width=\"57\"><strong>49<\/strong><\/td>\n<td style=\"width: 328.41%\" width=\"227\">MELIS Nicola<\/td>\n<\/tr>\n<tr>\n<td style=\"width: 5.51355%\"><strong>50<\/strong><\/td>\n<td style=\"width: 328.41%\">MION Giuliano<\/td>\n<\/tr>\n<tr>\n<td style=\"width: 5.51355%\"><strong>51<\/strong><\/td>\n<td style=\"width: 328.41%\">ORR\u00d9 Paolo<\/td>\n<\/tr>\n<tr>\n<td style=\"width: 5.51355%\"><strong>52<\/strong><\/td>\n<td style=\"width: 328.41%\">PIGNOTTI Marco<\/td>\n<\/tr>\n<tr>\n<td style=\"width: 5.51355%\"><strong>53<\/strong><\/td>\n<td style=\"width: 328.41%\">PILO Rafaella<\/td>\n<\/tr>\n<tr>\n<td style=\"width: 5.51355%\"><strong>54<\/strong><\/td>\n<td style=\"width: 328.41%\">PUTZU Ignazio Efisio<\/td>\n<\/tr>\n<tr>\n<td style=\"width: 5.51355%\"><strong>55<\/strong><\/td>\n<td style=\"width: 328.41%\">SALICE Giampaolo<\/td>\n<\/tr>\n<tr>\n<td style=\"width: 5.51355%\"><strong>56<\/strong><\/td>\n<td style=\"width: 328.41%\">SEDDA Francesco<\/td>\n<\/tr>\n<tr>\n<td style=\"width: 5.51355%\"><strong>57<\/strong><\/td>\n<td style=\"width: 328.41%\">SERRA Valentina<\/td>\n<\/tr>\n<tr>\n<td style=\"width: 5.51355%\"><strong>58<\/strong><\/td>\n<td style=\"width: 328.41%\">TIRAGALLO Felice<\/td>\n<\/tr>\n<\/tbody>\n<\/table>\n<p>&nbsp;<\/p>\n<table style=\"width: 67.0371%\">\n<tbody>\n<tr>\n<td style=\"width: 5.63516%\" width=\"57\"><strong>N.<\/strong><\/td>\n<td style=\"width: 314.673%\" width=\"227\"><strong>DOCENTI A CONTRATTO<\/strong><\/td>\n<\/tr>\n<tr>\n<td style=\"width: 5.63516%\"><strong>59<\/strong><\/td>\n<td style=\"width: 314.673%\">BAGNONE Maura<\/td>\n<\/tr>\n<tr>\n<td style=\"width: 5.63516%\" width=\"57\"><strong>60<\/strong><\/td>\n<td style=\"width: 314.673%\" width=\"227\">CERESER Elisa<\/td>\n<\/tr>\n<tr>\n<td style=\"width: 5.63516%\" width=\"57\"><strong>61<\/strong><\/td>\n<td style=\"width: 314.673%\" width=\"227\">DE MARCO Catia<\/td>\n<\/tr>\n<tr>\n<td style=\"width: 5.63516%\"><strong>62<\/strong><\/td>\n<td style=\"width: 314.673%\">GASPARINI Fabio<\/td>\n<\/tr>\n<tr>\n<td style=\"width: 5.63516%\" width=\"57\"><strong>63<\/strong><\/td>\n<td style=\"width: 314.673%\" width=\"227\">HASON Gras<\/td>\n<\/tr>\n<tr>\n<td style=\"width: 5.63516%\"><strong>64<\/strong><\/td>\n<td style=\"width: 314.673%\">MARROCU Luciano<\/td>\n<\/tr>\n<tr>\n<td style=\"width: 5.63516%\"><strong>65<\/strong><\/td>\n<td style=\"width: 314.673%\">MURGIA Pamela<\/td>\n<\/tr>\n<tr>\n<td style=\"width: 5.63516%\" width=\"57\"><strong>66<\/strong><\/td>\n<td style=\"width: 314.673%\" width=\"227\">PASQUINI Cinzia<\/td>\n<\/tr>\n<tr>\n<td style=\"width: 5.63516%\"><strong>67<\/strong><\/td>\n<td style=\"width: 314.673%\">PIRAS Isabella<\/td>\n<\/tr>\n<tr>\n<td style=\"width: 5.63516%\" width=\"57\"><strong>68<\/strong><\/td>\n<td style=\"width: 314.673%\" width=\"227\">R\u00cdOS SANTANA H\u00e9ctor Ruben<\/td>\n<\/tr>\n<tr>\n<td style=\"width: 5.63516%\" width=\"57\"><strong>69<\/strong><\/td>\n<td style=\"width: 314.673%\" width=\"227\">SANNA Grazia Mercedes<\/td>\n<\/tr>\n<tr>\n<td style=\"width: 5.63516%\" width=\"57\"><strong>70<\/strong><\/td>\n<td style=\"width: 314.673%\" width=\"227\">TOCCO Raffaella<\/td>\n<\/tr>\n<\/tbody>\n<\/table>\n<p>&nbsp;<\/p>\n<table style=\"width: 66.6837%;height: 264px\">\n<tbody>\n<tr style=\"height: 24px\">\n<td style=\"width: 5.67939%;height: 24px\" width=\"57\"><strong>N.<\/strong><\/td>\n<td style=\"width: 300.29%;height: 24px\" width=\"227\"><strong>RAPPRESENTANTI\u00a0 STUDENTI<\/strong><\/td>\n<\/tr>\n<tr style=\"height: 24px\">\n<td style=\"width: 5.67939%;height: 24px\" width=\"57\"><strong>71<\/strong><\/td>\n<td style=\"width: 300.29%;height: 24px\" width=\"227\">CARTA Alessandra<\/td>\n<\/tr>\n<tr style=\"height: 24px\">\n<td style=\"width: 5.67939%;height: 24px\" width=\"57\"><strong>72<\/strong><\/td>\n<td style=\"width: 300.29%;height: 24px\" width=\"227\">DEIDDA Miriam<\/td>\n<\/tr>\n<tr style=\"height: 24px\">\n<td style=\"width: 5.67939%;height: 24px\" width=\"57\"><strong>73<\/strong><\/td>\n<td style=\"width: 300.29%;height: 24px\" width=\"227\">FARCI Federica<\/td>\n<\/tr>\n<tr style=\"height: 24px\">\n<td style=\"width: 5.67939%;height: 24px\" width=\"57\"><strong>74<\/strong><\/td>\n<td style=\"width: 300.29%;height: 24px\" width=\"227\">MARRAS Alessio<\/td>\n<\/tr>\n<tr style=\"height: 24px\">\n<td style=\"width: 5.67939%;height: 24px\" width=\"57\"><strong>75<\/strong><\/td>\n<td style=\"width: 300.29%;height: 24px\" width=\"227\">MATTANA Marta<\/td>\n<\/tr>\n<tr style=\"height: 24px\">\n<td style=\"width: 5.67939%;height: 24px\" width=\"57\"><strong>76<\/strong><\/td>\n<td style=\"width: 300.29%;height: 24px\" width=\"227\">PAULIS Alice<\/td>\n<\/tr>\n<tr style=\"height: 24px\">\n<td style=\"width: 5.67939%;height: 24px\" width=\"57\"><strong>77<\/strong><\/td>\n<td style=\"width: 300.29%;height: 24px\" width=\"227\">PUSCEDDU Gian Piero<\/td>\n<\/tr>\n<tr style=\"height: 24px\">\n<td style=\"width: 5.67939%;height: 24px\" width=\"57\"><strong>78<\/strong><\/td>\n<td style=\"width: 300.29%;height: 24px\" width=\"227\">SANNA Mattia<\/td>\n<\/tr>\n<tr style=\"height: 24px\">\n<td style=\"width: 5.67939%;height: 24px\" width=\"57\"><strong>79<\/strong><\/td>\n<td style=\"width: 300.29%;height: 24px\" width=\"227\">TETTI Matilde<\/td>\n<\/tr>\n<tr style=\"height: 24px\">\n<td style=\"width: 5.67939%;height: 24px\"><strong>80<\/strong><\/td>\n<td style=\"width: 300.29%;height: 24px\">UMANA Francesca<\/td>\n<\/tr>\n<\/tbody>\n<\/table>\n<p>&nbsp;<\/p>\n<p>&nbsp;<\/p>\n<p>&nbsp;<\/p>\n","protected":false},"excerpt":{"rendered":"<p>N. DOCENTI AFFERENTI 1 ACHILLI Alessandro 2 ARMANGU\u00c9 HERRERO Joan 3 BADINI\u00a0 Riccardo 4 BOARINI Francesca 5 BUKIES Gudrun 6 CAMBOSU Gabriella 7 CAU Luciano 8 CHESSA Francesca 9 COCCO Maria Simona 10 COSENTINO Gianluca 11 DE GIOVANNI Cosimo 12 DENTI Olga 13\u00a0 DI FELICE Maria Luisa 14 DONGU Maria Grazia 15 FOIS Eleonora 16 GARC\u00cdA S\u00c1NCHEZ Mar\u00eda Dolores 17 GIORDANO Michela 18 IULIANO Fiorenzo 19 LANGONE Angela 20 MANINCHEDDA Paolo 21 MELONI Ilaria 22 PALA Mauro 23 PALLADINI Irene 24 PIGA Antonio 25 PUDDU Nicoletta 26 PUGGIONI Roberto 27 RUGGERINI Maria Elena 28 SECCI Maria Cristina 29 SZ\u0150KE Veronka <a href='https:\/\/people.unica.it\/traduzionespecialisticadeitesti\/chi-siamo\/consiglio-di-classe\/composizione-del-consiglio-di-classe-a-a-2022-2023\/' class='excerpt-more'>[&#8230;]<\/a><\/p>\n","protected":false},"author":2071,"featured_media":0,"parent":10,"menu_order":0,"comment_status":"closed","ping_status":"closed","template":"","meta":{"footnotes":""},"class_list":["post-4383","page","type-page","status-publish","hentry","post-seq-1","post-parity-odd","meta-position-corners","fix"],"_links":{"self":[{"href":"https:\/\/people.unica.it\/traduzionespecialisticadeitesti\/wp-json\/wp\/v2\/pages\/4383","targetHints":{"allow":["GET"]}}],"collection":[{"href":"https:\/\/people.unica.it\/traduzionespecialisticadeitesti\/wp-json\/wp\/v2\/pages"}],"about":[{"href":"https:\/\/people.unica.it\/traduzionespecialisticadeitesti\/wp-json\/wp\/v2\/types\/page"}],"author":[{"embeddable":true,"href":"https:\/\/people.unica.it\/traduzionespecialisticadeitesti\/wp-json\/wp\/v2\/users\/2071"}],"replies":[{"embeddable":true,"href":"https:\/\/people.unica.it\/traduzionespecialisticadeitesti\/wp-json\/wp\/v2\/comments?post=4383"}],"version-history":[{"count":4,"href":"https:\/\/people.unica.it\/traduzionespecialisticadeitesti\/wp-json\/wp\/v2\/pages\/4383\/revisions"}],"predecessor-version":[{"id":4972,"href":"https:\/\/people.unica.it\/traduzionespecialisticadeitesti\/wp-json\/wp\/v2\/pages\/4383\/revisions\/4972"}],"up":[{"embeddable":true,"href":"https:\/\/people.unica.it\/traduzionespecialisticadeitesti\/wp-json\/wp\/v2\/pages\/10"}],"wp:attachment":[{"href":"https:\/\/people.unica.it\/traduzionespecialisticadeitesti\/wp-json\/wp\/v2\/media?parent=4383"}],"curies":[{"name":"wp","href":"https:\/\/api.w.org\/{rel}","templated":true}]}}