{"id":4113,"date":"2019-07-01T16:40:05","date_gmt":"2019-07-01T16:40:05","guid":{"rendered":"http:\/\/people.unica.it\/traduzionespecialisticadeitesti\/?page_id=4113"},"modified":"2020-08-31T09:44:44","modified_gmt":"2020-08-31T09:44:44","slug":"lingua-spagnola","status":"publish","type":"page","link":"https:\/\/people.unica.it\/traduzionespecialisticadeitesti\/esercizi-preparazione-prova-ingresso-curriculum-interpretazione\/lingua-spagnola\/","title":{"rendered":"Lingua spagnola"},"content":{"rendered":"<!--[if lt IE 9]><script>document.createElement('audio');<\/script><![endif]-->\n<audio class=\"wp-audio-shortcode\" id=\"audio-4113-1\" preload=\"none\" style=\"width: 100%;\" controls=\"controls\"><source type=\"audio\/mpeg\" src=\"http:\/\/people.unica.it\/traduzionespecialisticadeitesti\/files\/2019\/07\/Cuando-ser-grafitero-te-lleva-a-la-c\u00e1rcel.mp3?_=1\" \/><a href=\"http:\/\/people.unica.it\/traduzionespecialisticadeitesti\/files\/2019\/07\/Cuando-ser-grafitero-te-lleva-a-la-c\u00e1rcel.mp3\">http:\/\/people.unica.it\/traduzionespecialisticadeitesti\/files\/2019\/07\/Cuando-ser-grafitero-te-lleva-a-la-c\u00e1rcel.mp3<\/a><\/audio>\n<audio class=\"wp-audio-shortcode\" id=\"audio-4113-2\" preload=\"none\" style=\"width: 100%;\" controls=\"controls\"><source type=\"audio\/mpeg\" src=\"http:\/\/people.unica.it\/traduzionespecialisticadeitesti\/files\/2019\/07\/Drones-para-vigilar-las-carreteras-espa\u00f1olas.mp3?_=2\" \/><a href=\"http:\/\/people.unica.it\/traduzionespecialisticadeitesti\/files\/2019\/07\/Drones-para-vigilar-las-carreteras-espa\u00f1olas.mp3\">http:\/\/people.unica.it\/traduzionespecialisticadeitesti\/files\/2019\/07\/Drones-para-vigilar-las-carreteras-espa\u00f1olas.mp3<\/a><\/audio>\n<audio class=\"wp-audio-shortcode\" id=\"audio-4113-3\" preload=\"none\" style=\"width: 100%;\" controls=\"controls\"><source type=\"audio\/mpeg\" src=\"http:\/\/people.unica.it\/traduzionespecialisticadeitesti\/files\/2019\/07\/El-arma-que-mat\u00f3-a-Van-Gogh.mp3?_=3\" \/><a href=\"http:\/\/people.unica.it\/traduzionespecialisticadeitesti\/files\/2019\/07\/El-arma-que-mat\u00f3-a-Van-Gogh.mp3\">http:\/\/people.unica.it\/traduzionespecialisticadeitesti\/files\/2019\/07\/El-arma-que-mat\u00f3-a-Van-Gogh.mp3<\/a><\/audio>\n<audio class=\"wp-audio-shortcode\" id=\"audio-4113-4\" preload=\"none\" style=\"width: 100%;\" controls=\"controls\"><source type=\"audio\/mpeg\" src=\"http:\/\/people.unica.it\/traduzionespecialisticadeitesti\/files\/2019\/07\/El-dominio-del-idioma-espa\u00f1ol-a-concurso-por-segunda-vez-en-China.mp3?_=4\" \/><a href=\"http:\/\/people.unica.it\/traduzionespecialisticadeitesti\/files\/2019\/07\/El-dominio-del-idioma-espa\u00f1ol-a-concurso-por-segunda-vez-en-China.mp3\">http:\/\/people.unica.it\/traduzionespecialisticadeitesti\/files\/2019\/07\/El-dominio-del-idioma-espa\u00f1ol-a-concurso-por-segunda-vez-en-China.mp3<\/a><\/audio>\n<audio class=\"wp-audio-shortcode\" id=\"audio-4113-5\" preload=\"none\" style=\"width: 100%;\" controls=\"controls\"><source type=\"audio\/mpeg\" src=\"http:\/\/people.unica.it\/traduzionespecialisticadeitesti\/files\/2019\/07\/El-informe-de-Par\u00eds-sobre-la-biodiversidad-y-la-extinci\u00f3n-de-especies.mp3?_=5\" \/><a href=\"http:\/\/people.unica.it\/traduzionespecialisticadeitesti\/files\/2019\/07\/El-informe-de-Par\u00eds-sobre-la-biodiversidad-y-la-extinci\u00f3n-de-especies.mp3\">http:\/\/people.unica.it\/traduzionespecialisticadeitesti\/files\/2019\/07\/El-informe-de-Par\u00eds-sobre-la-biodiversidad-y-la-extinci\u00f3n-de-especies.mp3<\/a><\/audio>\n<audio class=\"wp-audio-shortcode\" id=\"audio-4113-6\" preload=\"none\" style=\"width: 100%;\" controls=\"controls\"><source type=\"audio\/mpeg\" src=\"http:\/\/people.unica.it\/traduzionespecialisticadeitesti\/files\/2019\/07\/El-mini-robot-humanoide-japon\u00e9s-robohon-ejercer\u00e1-de-gu\u00eda-tur\u00edstico-en-kioto.mp3?_=6\" \/><a href=\"http:\/\/people.unica.it\/traduzionespecialisticadeitesti\/files\/2019\/07\/El-mini-robot-humanoide-japon\u00e9s-robohon-ejercer\u00e1-de-gu\u00eda-tur\u00edstico-en-kioto.mp3\">http:\/\/people.unica.it\/traduzionespecialisticadeitesti\/files\/2019\/07\/El-mini-robot-humanoide-japon\u00e9s-robohon-ejercer\u00e1-de-gu\u00eda-tur\u00edstico-en-kioto.mp3<\/a><\/audio>\n<audio class=\"wp-audio-shortcode\" id=\"audio-4113-7\" preload=\"none\" style=\"width: 100%;\" controls=\"controls\"><source type=\"audio\/mpeg\" src=\"http:\/\/people.unica.it\/traduzionespecialisticadeitesti\/files\/2019\/07\/La-constituci\u00f3n-espa\u00f1ola-cumple-40-a\u00f1os.mp3?_=7\" \/><a href=\"http:\/\/people.unica.it\/traduzionespecialisticadeitesti\/files\/2019\/07\/La-constituci\u00f3n-espa\u00f1ola-cumple-40-a\u00f1os.mp3\">http:\/\/people.unica.it\/traduzionespecialisticadeitesti\/files\/2019\/07\/La-constituci\u00f3n-espa\u00f1ola-cumple-40-a\u00f1os.mp3<\/a><\/audio>\n<audio class=\"wp-audio-shortcode\" id=\"audio-4113-8\" preload=\"none\" style=\"width: 100%;\" controls=\"controls\"><source type=\"audio\/mpeg\" src=\"http:\/\/people.unica.it\/traduzionespecialisticadeitesti\/files\/2019\/07\/Las-manifestaciones-de-protesta-en-EE.UU_.-por-el-trato-\u201cinhumano\u201d-a-los-migrantes-detenidos.mp3?_=8\" \/><a href=\"http:\/\/people.unica.it\/traduzionespecialisticadeitesti\/files\/2019\/07\/Las-manifestaciones-de-protesta-en-EE.UU_.-por-el-trato-\u201cinhumano\u201d-a-los-migrantes-detenidos.mp3\">http:\/\/people.unica.it\/traduzionespecialisticadeitesti\/files\/2019\/07\/Las-manifestaciones-de-protesta-en-EE.UU_.-por-el-trato-\u201cinhumano\u201d-a-los-migrantes-detenidos.mp3<\/a><\/audio>\n<audio class=\"wp-audio-shortcode\" id=\"audio-4113-9\" preload=\"none\" style=\"width: 100%;\" controls=\"controls\"><source type=\"audio\/mpeg\" src=\"http:\/\/people.unica.it\/traduzionespecialisticadeitesti\/files\/2019\/07\/Medina-Azahara-la-ciudad-que-brilla.mp3?_=9\" \/><a href=\"http:\/\/people.unica.it\/traduzionespecialisticadeitesti\/files\/2019\/07\/Medina-Azahara-la-ciudad-que-brilla.mp3\">http:\/\/people.unica.it\/traduzionespecialisticadeitesti\/files\/2019\/07\/Medina-Azahara-la-ciudad-que-brilla.mp3<\/a><\/audio>\n<audio class=\"wp-audio-shortcode\" id=\"audio-4113-10\" preload=\"none\" style=\"width: 100%;\" controls=\"controls\"><source type=\"audio\/mpeg\" src=\"http:\/\/people.unica.it\/traduzionespecialisticadeitesti\/files\/2019\/07\/Uno-de-cada-tres-j\u00f3venes-espa\u00f1oles-\u201cno-encaja\u201d-en-este-mundo.mp3?_=10\" \/><a href=\"http:\/\/people.unica.it\/traduzionespecialisticadeitesti\/files\/2019\/07\/Uno-de-cada-tres-j\u00f3venes-espa\u00f1oles-\u201cno-encaja\u201d-en-este-mundo.mp3\">http:\/\/people.unica.it\/traduzionespecialisticadeitesti\/files\/2019\/07\/Uno-de-cada-tres-j\u00f3venes-espa\u00f1oles-\u201cno-encaja\u201d-en-este-mundo.mp3<\/a><\/audio>\n<p>Trascrizioni file audio:<\/p>\n<p><a href=\"http:\/\/people.unica.it\/traduzionespecialisticadeitesti\/esercizi-preparazione-prova-ingresso-curriculum-mediazione-orale\/lingua-spagnola\/cuando-ser-grafitero-te-lleva-a-la-carcel-2\/\" rel=\"attachment wp-att-4175\">CUANDO SER GRAFITERO TE LLEVA A LA C\u00c1RCEL<\/a><\/p>\n<p><a href=\"http:\/\/people.unica.it\/traduzionespecialisticadeitesti\/esercizi-preparazione-prova-ingresso-curriculum-mediazione-orale\/lingua-spagnola\/drones-para-vigilar-las-carreteras-espanolas-2\/\" rel=\"attachment wp-att-4176\">DRONES PARA VIGILAR LAS CARRETERAS ESPA\u00d1OLAS<\/a><\/p>\n<p><a href=\"http:\/\/people.unica.it\/traduzionespecialisticadeitesti\/esercizi-preparazione-prova-ingresso-curriculum-mediazione-orale\/lingua-spagnola\/el-arma-que-mato-a-van-gogh-2\/\" rel=\"attachment wp-att-4177\">EL ARMA QUE MAT\u00d3 A VAN GOGH<\/a><\/p>\n<p><a href=\"http:\/\/people.unica.it\/traduzionespecialisticadeitesti\/esercizi-preparazione-prova-ingresso-curriculum-mediazione-orale\/lingua-spagnola\/el-dominio-del-idioma-espanol-a-concurso-por-segunda-vez-en-china-2\/\" rel=\"attachment wp-att-4178\">EL DOMINIO DEL IDIOMA ESPA\u00d1OL A CONCURSO POR SEGUNDA VEZ EN CHINA<\/a><\/p>\n<p><a href=\"http:\/\/people.unica.it\/traduzionespecialisticadeitesti\/esercizi-preparazione-prova-ingresso-curriculum-mediazione-orale\/lingua-spagnola\/el-informe-de-paris-sobre-la-biodiversidad-y-la-extincion-de-especies-2\/\" rel=\"attachment wp-att-4179\">EL INFORME DE PAR\u00cdS SOBRE LA BIODIVERSIDAD Y LA EXTINCI\u00d3N DE ESPECIES<\/a><\/p>\n<p><a href=\"http:\/\/people.unica.it\/traduzionespecialisticadeitesti\/esercizi-preparazione-prova-ingresso-curriculum-mediazione-orale\/lingua-spagnola\/el-mini-robot-humanoide-japones-robohon-ejercera-de-guia-turistico-en-kioto-2\/\" rel=\"attachment wp-att-4180\">EL MINI-ROBOT HUMANOIDE JAPON\u00c9S ROBOHON EJERCER\u00c1 DE GU\u00cdA TUR\u00cdSTICO EN KIOTO<\/a><\/p>\n<p><a href=\"http:\/\/people.unica.it\/traduzionespecialisticadeitesti\/esercizi-preparazione-prova-ingresso-curriculum-mediazione-orale\/lingua-spagnola\/la-constitucion-espanola-cumple-40-anos-2\/\" rel=\"attachment wp-att-4181\">LA CONSTITUCI\u00d3N ESPA\u00d1OLA CUMPLE 40 A\u00d1OS<\/a><\/p>\n<p><a href=\"http:\/\/people.unica.it\/traduzionespecialisticadeitesti\/esercizi-preparazione-prova-ingresso-curriculum-mediazione-orale\/lingua-spagnola\/las-manifestaciones-de-protesta-en-ee-uu-por-el-trato-inhumano-a-los-migrantes-detenidos-2\/\" rel=\"attachment wp-att-4182\">LAS MANIFESTACIONES DE PROTESTA EN EE.UU. POR EL TRATO \u201cINHUMANO\u201d A LOS MIGRANTES DETENIDOS<\/a><\/p>\n<p><a href=\"http:\/\/people.unica.it\/traduzionespecialisticadeitesti\/esercizi-preparazione-prova-ingresso-curriculum-mediazione-orale\/lingua-spagnola\/medina-azahara-la-ciudad-que-brilla-2\/\" rel=\"attachment wp-att-4183\">MEDINA AZAHARA LA CIUDAD QUE BRILLA<\/a><\/p>\n<p><a href=\"http:\/\/people.unica.it\/traduzionespecialisticadeitesti\/esercizi-preparazione-prova-ingresso-curriculum-mediazione-orale\/lingua-spagnola\/uno-de-cada-tres-jovenes-espanoles-no-encaja-en-este-mundo-2\/\" rel=\"attachment wp-att-4184\">UNO DE CADA TRES J\u00d3VENES ESPA\u00d1OLES \u201cNO ENCAJA\u201d EN ESTE MUNDO<\/a><\/p>\n","protected":false},"excerpt":{"rendered":"<p>Trascrizioni file audio: CUANDO SER GRAFITERO TE LLEVA A LA C\u00c1RCEL DRONES PARA VIGILAR LAS CARRETERAS ESPA\u00d1OLAS EL ARMA QUE MAT\u00d3 A VAN GOGH EL DOMINIO DEL IDIOMA ESPA\u00d1OL A CONCURSO POR SEGUNDA VEZ EN CHINA EL INFORME DE PAR\u00cdS SOBRE LA BIODIVERSIDAD Y LA EXTINCI\u00d3N DE ESPECIES EL MINI-ROBOT HUMANOIDE JAPON\u00c9S ROBOHON EJERCER\u00c1 DE GU\u00cdA TUR\u00cdSTICO EN KIOTO LA CONSTITUCI\u00d3N ESPA\u00d1OLA CUMPLE 40 A\u00d1OS LAS MANIFESTACIONES DE PROTESTA EN EE.UU. POR EL TRATO \u201cINHUMANO\u201d A LOS MIGRANTES DETENIDOS MEDINA AZAHARA LA CIUDAD QUE BRILLA UNO DE CADA TRES J\u00d3VENES ESPA\u00d1OLES \u201cNO ENCAJA\u201d EN ESTE MUNDO<\/p>\n","protected":false},"author":2071,"featured_media":0,"parent":4102,"menu_order":0,"comment_status":"closed","ping_status":"closed","template":"","meta":{"footnotes":""},"class_list":["post-4113","page","type-page","status-publish","hentry","post-seq-1","post-parity-odd","meta-position-corners","fix"],"_links":{"self":[{"href":"https:\/\/people.unica.it\/traduzionespecialisticadeitesti\/wp-json\/wp\/v2\/pages\/4113","targetHints":{"allow":["GET"]}}],"collection":[{"href":"https:\/\/people.unica.it\/traduzionespecialisticadeitesti\/wp-json\/wp\/v2\/pages"}],"about":[{"href":"https:\/\/people.unica.it\/traduzionespecialisticadeitesti\/wp-json\/wp\/v2\/types\/page"}],"author":[{"embeddable":true,"href":"https:\/\/people.unica.it\/traduzionespecialisticadeitesti\/wp-json\/wp\/v2\/users\/2071"}],"replies":[{"embeddable":true,"href":"https:\/\/people.unica.it\/traduzionespecialisticadeitesti\/wp-json\/wp\/v2\/comments?post=4113"}],"version-history":[{"count":4,"href":"https:\/\/people.unica.it\/traduzionespecialisticadeitesti\/wp-json\/wp\/v2\/pages\/4113\/revisions"}],"predecessor-version":[{"id":4186,"href":"https:\/\/people.unica.it\/traduzionespecialisticadeitesti\/wp-json\/wp\/v2\/pages\/4113\/revisions\/4186"}],"up":[{"embeddable":true,"href":"https:\/\/people.unica.it\/traduzionespecialisticadeitesti\/wp-json\/wp\/v2\/pages\/4102"}],"wp:attachment":[{"href":"https:\/\/people.unica.it\/traduzionespecialisticadeitesti\/wp-json\/wp\/v2\/media?parent=4113"}],"curies":[{"name":"wp","href":"https:\/\/api.w.org\/{rel}","templated":true}]}}