{"id":3070,"date":"2017-06-15T10:36:52","date_gmt":"2017-06-15T10:36:52","guid":{"rendered":"http:\/\/people.unica.it\/traduzionespecialisticadeitesti\/?page_id=3070"},"modified":"2019-06-14T14:40:20","modified_gmt":"2019-06-14T14:40:20","slug":"calendario-attivita","status":"publish","type":"page","link":"https:\/\/people.unica.it\/traduzionespecialisticadeitesti\/requisiti-di-trasparenza\/documenti\/calendario-attivita\/","title":{"rendered":"Calendario attivit\u00e0"},"content":{"rendered":"<p>Il calendario delle attivit\u00e0 annuali del Corso di studio \u00e8 riportato nel <a href=\"http:\/\/people.unica.it\/traduzionespecialisticadeitesti\/requisiti-di-trasparenza\/documenti\/assicurazione-interna-della-qualita-del-corso\/sistema-aq-cds-lm94-2\/\">Documento di Assicurazione Interna della Qualit\u00e0<\/a>, pp. 10-11.<\/p>","protected":false},"excerpt":{"rendered":"<p>Il calendario delle attivit\u00e0 annuali del Corso di studio \u00e8 riportato nel Documento di Assicurazione Interna della Qualit\u00e0, pp. 10-11.<\/p>\n","protected":false},"author":2071,"featured_media":0,"parent":3061,"menu_order":0,"comment_status":"closed","ping_status":"closed","template":"","meta":{"footnotes":""},"class_list":["post-3070","page","type-page","status-publish","hentry","post-seq-1","post-parity-odd","meta-position-corners","fix"],"_links":{"self":[{"href":"https:\/\/people.unica.it\/traduzionespecialisticadeitesti\/wp-json\/wp\/v2\/pages\/3070","targetHints":{"allow":["GET"]}}],"collection":[{"href":"https:\/\/people.unica.it\/traduzionespecialisticadeitesti\/wp-json\/wp\/v2\/pages"}],"about":[{"href":"https:\/\/people.unica.it\/traduzionespecialisticadeitesti\/wp-json\/wp\/v2\/types\/page"}],"author":[{"embeddable":true,"href":"https:\/\/people.unica.it\/traduzionespecialisticadeitesti\/wp-json\/wp\/v2\/users\/2071"}],"replies":[{"embeddable":true,"href":"https:\/\/people.unica.it\/traduzionespecialisticadeitesti\/wp-json\/wp\/v2\/comments?post=3070"}],"version-history":[{"count":3,"href":"https:\/\/people.unica.it\/traduzionespecialisticadeitesti\/wp-json\/wp\/v2\/pages\/3070\/revisions"}],"predecessor-version":[{"id":4075,"href":"https:\/\/people.unica.it\/traduzionespecialisticadeitesti\/wp-json\/wp\/v2\/pages\/3070\/revisions\/4075"}],"up":[{"embeddable":true,"href":"https:\/\/people.unica.it\/traduzionespecialisticadeitesti\/wp-json\/wp\/v2\/pages\/3061"}],"wp:attachment":[{"href":"https:\/\/people.unica.it\/traduzionespecialisticadeitesti\/wp-json\/wp\/v2\/media?parent=3070"}],"curies":[{"name":"wp","href":"https:\/\/api.w.org\/{rel}","templated":true}]}}