{"id":1503,"date":"2013-03-09T17:41:28","date_gmt":"2013-03-09T17:41:28","guid":{"rendered":"http:\/\/people.unica.it\/traduzionespecialisticadeitesti\/?page_id=1503"},"modified":"2025-09-09T09:34:07","modified_gmt":"2025-09-09T09:34:07","slug":"indagine-soddisfazione-studenti-frequentanti","status":"publish","type":"page","link":"https:\/\/people.unica.it\/traduzionespecialisticadeitesti\/requisiti-di-trasparenza\/indagine-soddisfazione-studenti-frequentanti\/","title":{"rendered":"Opinioni studenti"},"content":{"rendered":"<p>Il Corso di Studio analizza periodicamente gli esiti della rilevazione della qualit\u00e0 percepita degli insegnamenti e delle attivit\u00e0 didattiche in generale. Evidenza di tale analisi \u00e8 riportata nei verbali del Consiglio di Corso di Studio\/Classe\/Interclasse i cui resoconti sintetici sono pubblicati sul sito del Corso di Studio.<\/p>\n<p>I Report analitici e anonimizzati degli esiti della rilevazione delle opinioni degli studenti sono disponibili nella sezione dedicata alla Qualit\u00e0 e miglioramento di Ateneo.<\/p>\n<p><a href=\"https:\/\/web.unica.it\/unica\/it\/ateneo_s11_ss10.page\">Opinioni degli studenti<\/a><\/p>","protected":false},"excerpt":{"rendered":"<p>Il Corso di Studio analizza periodicamente gli esiti della rilevazione della qualit\u00e0 percepita degli insegnamenti e delle attivit\u00e0 didattiche in generale. Evidenza di tale analisi \u00e8 riportata nei verbali del Consiglio di Corso di Studio\/Classe\/Interclasse i cui resoconti sintetici sono pubblicati sul sito del Corso di Studio. I Report analitici e anonimizzati degli esiti della rilevazione delle opinioni degli studenti sono disponibili nella sezione dedicata alla Qualit\u00e0 e miglioramento di Ateneo. Opinioni degli studenti<\/p>\n","protected":false},"author":678,"featured_media":0,"parent":1245,"menu_order":0,"comment_status":"closed","ping_status":"closed","template":"","meta":{"footnotes":""},"class_list":["post-1503","page","type-page","status-publish","hentry","post-seq-1","post-parity-odd","meta-position-corners","fix"],"_links":{"self":[{"href":"https:\/\/people.unica.it\/traduzionespecialisticadeitesti\/wp-json\/wp\/v2\/pages\/1503","targetHints":{"allow":["GET"]}}],"collection":[{"href":"https:\/\/people.unica.it\/traduzionespecialisticadeitesti\/wp-json\/wp\/v2\/pages"}],"about":[{"href":"https:\/\/people.unica.it\/traduzionespecialisticadeitesti\/wp-json\/wp\/v2\/types\/page"}],"author":[{"embeddable":true,"href":"https:\/\/people.unica.it\/traduzionespecialisticadeitesti\/wp-json\/wp\/v2\/users\/678"}],"replies":[{"embeddable":true,"href":"https:\/\/people.unica.it\/traduzionespecialisticadeitesti\/wp-json\/wp\/v2\/comments?post=1503"}],"version-history":[{"count":21,"href":"https:\/\/people.unica.it\/traduzionespecialisticadeitesti\/wp-json\/wp\/v2\/pages\/1503\/revisions"}],"predecessor-version":[{"id":5318,"href":"https:\/\/people.unica.it\/traduzionespecialisticadeitesti\/wp-json\/wp\/v2\/pages\/1503\/revisions\/5318"}],"up":[{"embeddable":true,"href":"https:\/\/people.unica.it\/traduzionespecialisticadeitesti\/wp-json\/wp\/v2\/pages\/1245"}],"wp:attachment":[{"href":"https:\/\/people.unica.it\/traduzionespecialisticadeitesti\/wp-json\/wp\/v2\/media?parent=1503"}],"curies":[{"name":"wp","href":"https:\/\/api.w.org\/{rel}","templated":true}]}}