{"id":1231,"date":"2012-11-26T10:28:30","date_gmt":"2012-11-26T10:28:30","guid":{"rendered":"http:\/\/people.unica.it\/provacds2\/?page_id=1231"},"modified":"2023-03-28T08:08:49","modified_gmt":"2023-03-28T08:08:49","slug":"commissione-cfu-aa","status":"publish","type":"page","link":"https:\/\/people.unica.it\/traduzionespecialisticadeitesti\/chi-siamo\/commissioni\/commissione-cfu-aa\/","title":{"rendered":"Commissione Convalida CFU Altre Attivit\u00e0"},"content":{"rendered":"<p style=\"text-align: justify\">La <em>Commissione Convalida CFU Altre Attivit\u00e0<\/em> \u00e8 istituita in seno al Consiglio di Classe ed \u00e8 composta da docenti del Consiglio, i quali assolvono i seguenti compiti:<\/p>\n<ul>\n<li style=\"text-align: justify\">esaminano le domande di riconoscimento di crediti formativi per attivit\u00e0 svolte per le Altre Attivit\u00e0 organizzate da componenti interni o esterni al Corso;<\/li>\n<li style=\"text-align: justify\">istruiscono le relative pratiche per il Consiglio di Classe.<\/li>\n<\/ul>\n<p>La Commissione \u00e8 attualmente composta da:<\/p>\n<p><em>Alessandro Achilli<\/em><\/p>\n<p><em>Massimo Tria<\/em><\/p>\n<p><em>Gianluca Cosentino<\/em><\/p>\n<p>Per contattare la commissione si prega di utilizzare esclusivamente il seguente indirizzo: <a href=\"mailto:commissione.cfu@gmail.com\">commissione.cfu@gmail.com<\/a><\/p>\n","protected":false},"excerpt":{"rendered":"<p>La Commissione Convalida CFU Altre Attivit\u00e0 \u00e8 istituita in seno al Consiglio di Classe ed \u00e8 composta da docenti del Consiglio, i quali assolvono i seguenti compiti: esaminano le domande di riconoscimento di crediti formativi per attivit\u00e0 svolte per le Altre Attivit\u00e0 organizzate da componenti interni o esterni al Corso; istruiscono le relative pratiche per il Consiglio di Classe. La Commissione \u00e8 attualmente composta da: Alessandro Achilli Massimo Tria Gianluca Cosentino Per contattare la commissione si prega di utilizzare esclusivamente il seguente indirizzo: commissione.cfu@gmail.com<\/p>\n","protected":false},"author":643,"featured_media":0,"parent":14,"menu_order":0,"comment_status":"closed","ping_status":"closed","template":"","meta":{"footnotes":""},"class_list":["post-1231","page","type-page","status-publish","hentry","post-seq-1","post-parity-odd","meta-position-corners","fix"],"_links":{"self":[{"href":"https:\/\/people.unica.it\/traduzionespecialisticadeitesti\/wp-json\/wp\/v2\/pages\/1231","targetHints":{"allow":["GET"]}}],"collection":[{"href":"https:\/\/people.unica.it\/traduzionespecialisticadeitesti\/wp-json\/wp\/v2\/pages"}],"about":[{"href":"https:\/\/people.unica.it\/traduzionespecialisticadeitesti\/wp-json\/wp\/v2\/types\/page"}],"author":[{"embeddable":true,"href":"https:\/\/people.unica.it\/traduzionespecialisticadeitesti\/wp-json\/wp\/v2\/users\/643"}],"replies":[{"embeddable":true,"href":"https:\/\/people.unica.it\/traduzionespecialisticadeitesti\/wp-json\/wp\/v2\/comments?post=1231"}],"version-history":[{"count":11,"href":"https:\/\/people.unica.it\/traduzionespecialisticadeitesti\/wp-json\/wp\/v2\/pages\/1231\/revisions"}],"predecessor-version":[{"id":5000,"href":"https:\/\/people.unica.it\/traduzionespecialisticadeitesti\/wp-json\/wp\/v2\/pages\/1231\/revisions\/5000"}],"up":[{"embeddable":true,"href":"https:\/\/people.unica.it\/traduzionespecialisticadeitesti\/wp-json\/wp\/v2\/pages\/14"}],"wp:attachment":[{"href":"https:\/\/people.unica.it\/traduzionespecialisticadeitesti\/wp-json\/wp\/v2\/media?parent=1231"}],"curies":[{"name":"wp","href":"https:\/\/api.w.org\/{rel}","templated":true}]}}