{"id":10,"date":"2012-04-12T09:42:41","date_gmt":"2012-04-12T09:42:41","guid":{"rendered":"http:\/\/people.unica.it\/basecds\/?page_id=10"},"modified":"2023-03-14T14:00:00","modified_gmt":"2023-03-14T14:00:00","slug":"consiglio-di-classe","status":"publish","type":"page","link":"https:\/\/people.unica.it\/traduzionespecialisticadeitesti\/chi-siamo\/consiglio-di-classe\/","title":{"rendered":"Consiglio di Classe"},"content":{"rendered":"<p style=\"text-align: justify\">Il <em>Consiglio di Classe<\/em> \u00e8 l&#8217;organo di governo del Corso di studio; di esso fanno parte <em>docenti<\/em> e <em>rappresentanti degli studenti<\/em>. I Corsi di studio coordinati dal Consiglio sono tre:<\/p>\n<ul style=\"text-align: justify\">\n<li>Corso di laurea in <em>Lingue e culture per la mediazione linguistica<\/em><\/li>\n<li>Corso di laurea magistrale in <em>Lingue e letterature moderne europee e americane<\/em><\/li>\n<li>Corso di laurea magistrale in <em>Traduzione specialistica dei testi<\/em><\/li>\n<\/ul>\n<p style=\"text-align: justify\"><a href=\"https:\/\/people.unica.it\/traduzionespecialisticadeitesti\/chi-siamo\/consiglio-di-classe\/composizione-del-consiglio-di-classe-a-a-2022-2023\/\">Composizione del Consiglio di Classe A.A. 2022\/2023<\/a><\/p>\n<p style=\"text-align: justify\"><a href=\"http:\/\/people.unica.it\/lingueecultureperlamediazionelinguistica\/chi-siamo\/consiglio-di-classe\/verbali-consiglio-di-classe\/\">Verbali<\/a><\/p>\n<p style=\"text-align: justify\">Il Consiglio di Classe ha le seguenti funzioni:<\/p>\n<ul>\n<li style=\"text-align: justify\">formula le richieste di docenza ai Dipartimenti, nel rispetto delle esigenze didattiche del Corso;<\/li>\n<li style=\"text-align: justify\">stabilisce i contenuti didattici e le modalit\u00e0 di svolgimento degli insegnamenti, coordinandoli tra loro;<\/li>\n<li style=\"text-align: justify\">promuove e sostiene la qualit\u00e0 ed i processi di valutazione e monitoraggio della didattica, nonch\u00e9 lo sviluppo di modalit\u00e0 didattiche innovative;<\/li>\n<li style=\"text-align: justify\">delibera in merito alle pratiche studenti: piani di studio individuali, domande di passaggio e trasferimento, convalida degli esami, richieste di riconoscimento CFU extrauniversitari, altre domande degli studenti attinenti al curriculum degli studi;<\/li>\n<li style=\"text-align: justify\">pu\u00f2 proporre ai Dipartimenti e alla Facolt\u00e0 la disattivazione e la modifica dei Corsi di studio;<\/li>\n<li style=\"text-align: justify\">propone la programmazione delle attivit\u00e0 didattiche e predispone le relazioni annuali sull&#8217;attivit\u00e0 didattica, anche al fine di fornire elementi agli organi preposti alla valutazione;<\/li>\n<li style=\"text-align: justify\">definisce le politiche per le attivit\u00e0 di tutorato e di tirocinio degli studenti iscritti al corso;<\/li>\n<li style=\"text-align: justify\">\u00e8 responsabile del sistema di gestione della Assicurazione della Qualit\u00e0 (AQ) del Corso;<\/li>\n<li style=\"text-align: justify\">programma le attivit\u00e0 e le azioni necessarie a produrre adeguata fiducia nei portatori di interesse che i &#8220;requisiti per la qualit\u00e0&#8221; saranno soddisfatti nel tempo;<\/li>\n<li style=\"text-align: justify\">verifica che le attivit\u00e0 intraprese siano coerenti con la programmazione da esso deliberata;<\/li>\n<li style=\"text-align: justify\">approva il Rapporto di Riesame Ciclico e la Scheda di Monitoraggio Annuale;<\/li>\n<li style=\"text-align: justify\">adotta la Scheda Unica Annuale del Corso di Studio (SUA-CdS).<\/li>\n<\/ul>\n","protected":false},"excerpt":{"rendered":"<p>Il Consiglio di Classe \u00e8 l&#8217;organo di governo del Corso di studio; di esso fanno parte docenti e rappresentanti degli studenti. I Corsi di studio coordinati dal Consiglio sono tre: Corso di laurea in Lingue e culture per la mediazione linguistica Corso di laurea magistrale in Lingue e letterature moderne europee e americane Corso di laurea magistrale in Traduzione specialistica dei testi Composizione del Consiglio di Classe A.A. 2022\/2023 Verbali Il Consiglio di Classe ha le seguenti funzioni: formula le richieste di docenza ai Dipartimenti, nel rispetto delle esigenze didattiche del Corso; stabilisce i contenuti didattici e le modalit\u00e0 di <a href='https:\/\/people.unica.it\/traduzionespecialisticadeitesti\/chi-siamo\/consiglio-di-classe\/' class='excerpt-more'>[&#8230;]<\/a><\/p>\n","protected":false},"author":1,"featured_media":0,"parent":90,"menu_order":0,"comment_status":"closed","ping_status":"closed","template":"","meta":{"footnotes":""},"class_list":["post-10","page","type-page","status-publish","hentry","post-seq-1","post-parity-odd","meta-position-corners","fix"],"_links":{"self":[{"href":"https:\/\/people.unica.it\/traduzionespecialisticadeitesti\/wp-json\/wp\/v2\/pages\/10","targetHints":{"allow":["GET"]}}],"collection":[{"href":"https:\/\/people.unica.it\/traduzionespecialisticadeitesti\/wp-json\/wp\/v2\/pages"}],"about":[{"href":"https:\/\/people.unica.it\/traduzionespecialisticadeitesti\/wp-json\/wp\/v2\/types\/page"}],"author":[{"embeddable":true,"href":"https:\/\/people.unica.it\/traduzionespecialisticadeitesti\/wp-json\/wp\/v2\/users\/1"}],"replies":[{"embeddable":true,"href":"https:\/\/people.unica.it\/traduzionespecialisticadeitesti\/wp-json\/wp\/v2\/comments?post=10"}],"version-history":[{"count":37,"href":"https:\/\/people.unica.it\/traduzionespecialisticadeitesti\/wp-json\/wp\/v2\/pages\/10\/revisions"}],"predecessor-version":[{"id":4987,"href":"https:\/\/people.unica.it\/traduzionespecialisticadeitesti\/wp-json\/wp\/v2\/pages\/10\/revisions\/4987"}],"up":[{"embeddable":true,"href":"https:\/\/people.unica.it\/traduzionespecialisticadeitesti\/wp-json\/wp\/v2\/pages\/90"}],"wp:attachment":[{"href":"https:\/\/people.unica.it\/traduzionespecialisticadeitesti\/wp-json\/wp\/v2\/media?parent=10"}],"curies":[{"name":"wp","href":"https:\/\/api.w.org\/{rel}","templated":true}]}}