{"id":398,"date":"2013-01-03T17:15:56","date_gmt":"2013-01-03T17:15:56","guid":{"rendered":"http:\/\/people.unica.it\/tfachimica\/?page_id=398"},"modified":"2013-01-03T18:31:21","modified_gmt":"2013-01-03T18:31:21","slug":"didattica-chimica","status":"publish","type":"page","link":"https:\/\/people.unica.it\/tfachimica\/didattica-chimica\/","title":{"rendered":"Didattica Chimica"},"content":{"rendered":"<p><strong>In questa pagina si propone di inserire il materiale didattico delle sedi.<\/strong><\/p>\n<p>Aldo Borsese ha accettato di mettere a disposizione di tutti noi, impegnati nel coordinamento\/partecipazione ai TFA, un articolo che viene fatto precedere da una breve introduzione. L&#8217;articolo \u00e8 scaricabile in formato pdf.<\/p>\n<p>In relazione ad un possibile modo di procedere nei corsi, mi permetto di\u00a0 far seguire a queste brevissime note un mio contributo del 2009 pubblicato su \u201cUniversit\u00e0 e Scuola\u201d, una rivista pubblicata a cura del CONCURED, cio\u00e8 dalla Conferenza Nazionale dei Centri Universitari i per la Ricerca Educativa e Didattica. Nella parte iniziale dell\u2019articolo si fa riferimento alla didattica laboratoriale e si forniscono indicazioni sulla metodologia adottata nel realizzare il corso. Nel merito del contenuto specifico trattato, si\u00a0 tenga\u00a0 conto che il tema considerato \u00e8 stato affrontato in una scuola media di primo grado.<\/p>\n<p>E\u2019 mia convinzione che, a prescindere dal contenuto che si tratta, un coinvolgimento continuo e sistematico dei tirocinanti attraverso lavori individuali, di gruppo, discussioni\u00a0 generali e conclusioni possibilmente condivise sia fondamentale.\u00a0 Attraverso questa\u00a0 sequenza\u00a0 operativa si pu\u00f2 chiedere loro quali requisiti disciplinari e matematici il contenuto che si intende trasporre didatticamente richiede;\u00a0 conclusa questa fase con un elenco dettagliato di tali requisiti (che dovranno essere posseduti o recuperati dai futuri allievi perch\u00e9 sia comprensibile il percorso che si intende poi proporre), si pu\u00f2 chiedere di mettere a punto un breve tratto iniziale del\u00a0 percorso che intendono attuare. Giunti ad una possibile condivisione finale del tratto di percorso dopo la stessa sequenza operativa, se c\u2019\u00e8 tempo si pu\u00f2 proseguire con un secondo tratto di percorso e cos\u00ec via.<\/p>\n<p><strong><a href=\"http:\/\/people.unica.it\/tfachimica\/didattica-chimica\/did_laboratoriale_xx\/\" rel=\"attachment wp-att-403\">articolo di didattica laboratoriale<\/a><\/strong><\/p>","protected":false},"excerpt":{"rendered":"<p>In questa pagina si propone di inserire il materiale didattico delle sedi. Aldo Borsese ha accettato di mettere a disposizione di tutti noi, impegnati nel coordinamento\/partecipazione ai TFA, un articolo che viene fatto precedere da una breve introduzione. L&#8217;articolo \u00e8 scaricabile in formato pdf. In relazione ad un possibile modo di procedere nei corsi, mi <a href='https:\/\/people.unica.it\/tfachimica\/didattica-chimica\/' class='excerpt-more'>[&#8230;]<\/a><\/p>\n","protected":false},"author":335,"featured_media":0,"parent":0,"menu_order":0,"comment_status":"closed","ping_status":"closed","template":"","meta":{"footnotes":""},"class_list":["post-398","page","type-page","status-publish","hentry","post-seq-1","post-parity-odd","meta-position-corners","fix"],"_links":{"self":[{"href":"https:\/\/people.unica.it\/tfachimica\/wp-json\/wp\/v2\/pages\/398","targetHints":{"allow":["GET"]}}],"collection":[{"href":"https:\/\/people.unica.it\/tfachimica\/wp-json\/wp\/v2\/pages"}],"about":[{"href":"https:\/\/people.unica.it\/tfachimica\/wp-json\/wp\/v2\/types\/page"}],"author":[{"embeddable":true,"href":"https:\/\/people.unica.it\/tfachimica\/wp-json\/wp\/v2\/users\/335"}],"replies":[{"embeddable":true,"href":"https:\/\/people.unica.it\/tfachimica\/wp-json\/wp\/v2\/comments?post=398"}],"version-history":[{"count":8,"href":"https:\/\/people.unica.it\/tfachimica\/wp-json\/wp\/v2\/pages\/398\/revisions"}],"predecessor-version":[{"id":416,"href":"https:\/\/people.unica.it\/tfachimica\/wp-json\/wp\/v2\/pages\/398\/revisions\/416"}],"wp:attachment":[{"href":"https:\/\/people.unica.it\/tfachimica\/wp-json\/wp\/v2\/media?parent=398"}],"curies":[{"name":"wp","href":"https:\/\/api.w.org\/{rel}","templated":true}]}}