{"id":688,"date":"2012-11-05T09:59:10","date_gmt":"2012-11-05T08:59:10","guid":{"rendered":"http:\/\/people.unica.it\/sspl\/?page_id=688"},"modified":"2021-11-23T10:45:37","modified_gmt":"2021-11-23T09:45:37","slug":"informazioni","status":"publish","type":"page","link":"https:\/\/people.unica.it\/sspl\/","title":{"rendered":"Informazioni"},"content":{"rendered":"<p style=\"text-align: center\"><a href=\"http:\/\/people.unica.it\/sspl\/files\/2012\/11\/logo-unica.jpg\"><img decoding=\"async\" class=\"alignnone size-full wp-image-935\" src=\"http:\/\/people.unica.it\/sspl\/files\/2012\/11\/logo-unica.jpg\" alt=\"logo-unica\" width=\"69\" height=\"69\" \/><\/a><\/p>\n<p><strong>Segreteria studenti<\/strong> : viale Sant&#8217; Ignazio 17, Cagliari<\/p>\n<ul>\n<li>Sig.ra Maria Rita Puddu<br \/>\n<strong>e-mail:<\/strong> rita@unica.it<br \/>\n<strong>tel.<\/strong> 070 6753820\/3044<br \/>\n<strong>fax.<\/strong> 070 6753807<\/li>\n<\/ul>\n<p>link: <a href=\"https:\/\/www.unica.it\/unica\/it\/studenti_s01_ss04.page\">Sito info su Scuole di Specializzazione<\/a><\/p>\n<p><span style=\"color: #ff0000\">Le lezioni si svolgono in:<\/span><\/p>\n<p><span style=\"color: #ff0000\">Viale Sant&#8217;Ignazio, 84,\u00a0<\/span><span style=\"color: #ff0000\"> Cagliari (Aula informatica_ Biblioteca Scienze Economiche)<\/span><\/p>\n<p><span style=\"color: #ff0000\">tel.\u00a0 070 6753044<\/span><\/p>\n<p><strong>Per ulteriori informazioni consultare il seguenti files:<br \/>\n<\/strong>Le domande pi\u00f9 frequenti e delucidazioni sulle attivit\u00e0 didattiche le trovi in:<a href=\"http:\/\/people.unica.it\/sspl\"><strong>FAQ<\/strong><\/a><\/p>\n<p>Alcuni file necessitano di Adobe Reader scaricabile <a href=\"http:\/\/www.adobe.com\/it\/products\/acrobat\/readstep2.html\"><strong>qu\u00ec<\/strong><\/a><\/p>\n<p><strong>Normativa sulle Scuole di specializzazione per le professioni legali<\/strong><\/p>\n<p><a href=\"http:\/\/people.unica.it\/sspl\/files\/2015\/09\/di_20_08_2015_n627-scuola-sspl-2015-2016-2.pdf\">dm 627 2015<\/a> del 20\/08\/2015<\/p>\n<p><a href=\"http:\/\/people.unica.it\/sspl\/files\/2012\/11\/dm-120-2004.pdf\">dm 120 2004<\/a><\/p>\n<p><a href=\"http:\/\/people.unica.it\/sspl\/files\/2012\/11\/dm-475-2001.pdf\">dm 475 2001<\/a><\/p>\n<p><a href=\"http:\/\/people.unica.it\/sspl\/files\/2012\/11\/dm-537-1999.pdf\">dm 537 1999<\/a><\/p>\n<p>Regolamento della Scuola di specializzazione per le professioni legali dell&#8217;Universit\u00e0 di Cagliari:<\/p>\n<p><a href=\"http:\/\/people.unica.it\/sspl\/files\/2012\/11\/regolamento-SSPL-unica-2001.pdf\">regolamento SSPL unica (2001)<\/a><\/p>\n<p>&nbsp;<\/p>\n","protected":false},"excerpt":{"rendered":"<p>Segreteria studenti : viale Sant&#8217; Ignazio 17, Cagliari Sig.ra Maria Rita Puddu e-mail: rita@unica.it tel. 070 6753820\/3044 fax. 070 6753807 link: Sito info su Scuole di Specializzazione Le lezioni si svolgono in: Viale Sant&#8217;Ignazio, 84,\u00a0 Cagliari (Aula informatica_ Biblioteca Scienze Economiche) tel.\u00a0 070 6753044 Per ulteriori informazioni consultare il seguenti files: Le domande pi\u00f9 frequenti e delucidazioni sulle attivit\u00e0 didattiche le trovi in:FAQ Alcuni file necessitano di Adobe Reader scaricabile qu\u00ec Normativa sulle Scuole di specializzazione per le professioni legali dm 627 2015 del 20\/08\/2015 dm 120 2004 dm 475 2001 dm 537 1999 Regolamento della Scuola di specializzazione per <a href='https:\/\/people.unica.it\/sspl\/' class='excerpt-more'>[&#8230;]<\/a><\/p>\n","protected":false},"author":658,"featured_media":0,"parent":0,"menu_order":0,"comment_status":"closed","ping_status":"closed","template":"","meta":{"footnotes":""},"class_list":["post-688","page","type-page","status-publish","hentry","post-seq-1","post-parity-odd","meta-position-corners","fix"],"_links":{"self":[{"href":"https:\/\/people.unica.it\/sspl\/wp-json\/wp\/v2\/pages\/688","targetHints":{"allow":["GET"]}}],"collection":[{"href":"https:\/\/people.unica.it\/sspl\/wp-json\/wp\/v2\/pages"}],"about":[{"href":"https:\/\/people.unica.it\/sspl\/wp-json\/wp\/v2\/types\/page"}],"author":[{"embeddable":true,"href":"https:\/\/people.unica.it\/sspl\/wp-json\/wp\/v2\/users\/658"}],"replies":[{"embeddable":true,"href":"https:\/\/people.unica.it\/sspl\/wp-json\/wp\/v2\/comments?post=688"}],"version-history":[{"count":25,"href":"https:\/\/people.unica.it\/sspl\/wp-json\/wp\/v2\/pages\/688\/revisions"}],"predecessor-version":[{"id":3046,"href":"https:\/\/people.unica.it\/sspl\/wp-json\/wp\/v2\/pages\/688\/revisions\/3046"}],"wp:attachment":[{"href":"https:\/\/people.unica.it\/sspl\/wp-json\/wp\/v2\/media?parent=688"}],"curies":[{"name":"wp","href":"https:\/\/api.w.org\/{rel}","templated":true}]}}