{"id":3,"date":"2006-11-20T10:03:31","date_gmt":"2006-11-20T10:03:31","guid":{"rendered":"http:\/\/people.unica.it\/settoreposta\/servizi-agli-utenti\/"},"modified":"2026-01-16T12:32:56","modified_gmt":"2026-01-16T12:32:56","slug":"servizi-agli-utenti","status":"publish","type":"page","link":"https:\/\/people.unica.it\/settoreposta\/servizi-agli-utenti\/","title":{"rendered":"Servizi agli utenti"},"content":{"rendered":"<p><strong>Servizio di Posta Elettronica<\/strong><\/p>\n<p>CASELLA DI POSTA MICROSOFT<\/p>\n<p>Le nuove caselle di posta elettronica sono disponibili, per il personale strutturato dell&#8217;Universit\u00e0 degli studi di Cagliari, sulla piattaforma Microsoft di Ateneo.<br \/>\nNon \u00e8 necessaria richiesta di attivazione.<br \/>\nOgni nuovo utente riceve le prime istruzioni all&#8217;indirizzo di posta personale\/privato dichiarato all&#8217;amministrazione.<br \/>\nNome Utente e Password sono i medesimi utilizzati per accedere a Rete, U-GOV, IRIS, TITULUS.<br \/>\n<a href=\"https:\/\/outlook.office.com\/mail\/\">Outlook Online<\/a><br \/>\n<a href=\"https:\/\/unica.it\/unica\/it\/ateneo_s08_ss03_sss05.page\">Office 365 per il personale<\/a><br \/>\n<a href=\"https:\/\/unica.it\/unica\/it\/ateneo_s12.page\">Servizi al personale<\/a><\/p>\n<p>CASELLA DI POSTA IMPERSONALE\/CONDIVISA<br \/>\nRichiesta casella impersonale\/condivisa alla pagina <a href=\"https:\/\/people.unica.it\/settoreposta\/modulistica\/\">Modulistica<\/a><\/p>\n<p><strong>ASSISTENZA<\/strong><\/p>\n<p><strong>Caselle su Microsoft<\/strong><br \/>\n<a href=\"https:\/\/helpdesk.unica.it\">https:\/\/helpdesk.unica.it<\/a> (Categoria: Software -&gt; Client di Posta), si accede con le credenziali UGov.<br \/>\nvia e-mail: help.sid@unica.it<br \/>\nPassword dimenticata: <a href=\"https:\/\/passwordreset.microsoftonline.com\/?whr=unica.it\">https:\/\/passwordreset.microsoftonline.com\/?whr=unica.it<\/a><\/p>\n<p><strong>Caselle sui server Linux<\/strong><br \/>\n<a href=\"https:\/\/helpdesk.unica.it\">https:\/\/helpdesk.unica.it<\/a> (Categoria: Posta Elettronica).<br \/>\nvia e-mail: posta.unica@unica.it<br \/>\nRinnovo sui server Linux alla pagina <a href=\"https:\/\/people.unica.it\/settoreposta\/modulistica\/\">Modulistica<\/a><br \/>\nModifica password da <a href=\"https:\/\/webmailunica.unica.it\">Webmail<\/a>, dopo l&#8217;autenticazione da Impostazioni &gt; Password.<br \/>\nPer password dimenticata chiedere assistenza.<br \/>\nServizio antispam con notifiche da do-not-reply@cloud.sophos.com<br \/>\nSpazio totale casella predefinito: 10 GB (Notifica con oggetto &#8220;QUOTA-WARNING!&#8221; da &#8220;Qmail-QUOTAGUARD &#8221; al 90% di spazio occupato, il messaggio non richiede alcuna azione).<\/p>\n<p><a name=\"liste\"><\/a> <strong>MAILING LISTS<\/strong><\/p>\n<p>Sono attive le seguenti liste chiuse :<\/p>\n<p>a) una lista moderata, utenti(a)liste.unica.it, avente ad oggetto le comunicazioni istituzionali e di servizio di interesse generale per tutti gli utenti provenienti dagli Organi accademici, dai Responsabili delle strutture e dai gestori del servizio. Ad essa sono iscritti d\u2019ufficio tutti gli utenti, senza possibilit\u00e0 di cancellazione.<\/p>\n<p>b) una lista moderata convegni(a)liste.unica.it, avente ad oggetto le comunicazioni inerenti gli annunci su convegni, seminari ed attivit\u00e0 culturali in genere. Ad essa sono iscritti d\u2019ufficio tutti gli utenti, che potranno cancellarsi in ogni momento.<\/p>\n<p>c) una lista sindacato(a)liste.unica.it, avente ad oggetto le comunicazioni di carattere sindacale. L\u2019iscrizione \u00e8 libera, ed \u00e8 rimessa alla volont\u00e0 ed iniziativa di ciascun utente, che potr\u00e0 cancellarsi in ogni momento.<\/p>\n<p>d) una lista notizie(a)liste.unica.it, avente ad oggetto le informazioni non rientranti esplicitamente nelle tematiche delle liste precedenti che gli utenti intendano diffondere ritenendole di interesse per la comunit\u00e0 universitaria.<br \/>\nL\u2019iscrizione \u00e8 libera, ed \u00e8 rimessa alla volont\u00e0 ed iniziativa di ciascun utente, che potr\u00e0 cancellarsi in ogni momento.<\/p>\n<p>Ogni e-mail deve essere inviata esclusivamante ad una lista o sar\u00e0 rigettata.<\/p>\n<p>Ogni e-mail deve avere una dimensione massima di 2MB o sar\u00e0 rigettata.<\/p>\n<p>Per cancellarsi o richiedere l&#8217;iscrizione alle liste seguire il link: <a href=\"https:\/\/liste.unica.it\/mailman3\/\">https:\/\/liste.unica.it\/mailman3<\/a>, selezionare la lista desiderata e seguire le istruzioni.<\/p>\n","protected":false},"excerpt":{"rendered":"<p>Servizio di Posta Elettronica CASELLA DI POSTA MICROSOFT Le nuove caselle di posta elettronica sono disponibili, per il personale strutturato dell&#8217;Universit\u00e0 degli studi di Cagliari, sulla piattaforma Microsoft di Ateneo. Non \u00e8 necessaria richiesta di attivazione. Ogni nuovo utente riceve le prime istruzioni all&#8217;indirizzo di posta personale\/privato dichiarato all&#8217;amministrazione. Nome Utente e Password sono i medesimi utilizzati per accedere a Rete, U-GOV, IRIS, TITULUS. Outlook Online Office 365 per il personale Servizi al personale CASELLA DI POSTA IMPERSONALE\/CONDIVISA Richiesta casella impersonale\/condivisa alla pagina Modulistica ASSISTENZA Caselle su Microsoft https:\/\/helpdesk.unica.it (Categoria: Software -&gt; Client di Posta), si accede con le credenziali <a href='https:\/\/people.unica.it\/settoreposta\/servizi-agli-utenti\/' class='excerpt-more'>[&#8230;]<\/a><\/p>\n","protected":false},"author":11,"featured_media":0,"parent":0,"menu_order":0,"comment_status":"closed","ping_status":"closed","template":"","meta":{"footnotes":""},"class_list":["post-3","page","type-page","status-publish","hentry","category-12-id","post-seq-1","post-parity-odd","meta-position-corners","fix"],"_links":{"self":[{"href":"https:\/\/people.unica.it\/settoreposta\/wp-json\/wp\/v2\/pages\/3","targetHints":{"allow":["GET"]}}],"collection":[{"href":"https:\/\/people.unica.it\/settoreposta\/wp-json\/wp\/v2\/pages"}],"about":[{"href":"https:\/\/people.unica.it\/settoreposta\/wp-json\/wp\/v2\/types\/page"}],"author":[{"embeddable":true,"href":"https:\/\/people.unica.it\/settoreposta\/wp-json\/wp\/v2\/users\/11"}],"replies":[{"embeddable":true,"href":"https:\/\/people.unica.it\/settoreposta\/wp-json\/wp\/v2\/comments?post=3"}],"version-history":[{"count":83,"href":"https:\/\/people.unica.it\/settoreposta\/wp-json\/wp\/v2\/pages\/3\/revisions"}],"predecessor-version":[{"id":637,"href":"https:\/\/people.unica.it\/settoreposta\/wp-json\/wp\/v2\/pages\/3\/revisions\/637"}],"wp:attachment":[{"href":"https:\/\/people.unica.it\/settoreposta\/wp-json\/wp\/v2\/media?parent=3"}],"curies":[{"name":"wp","href":"https:\/\/api.w.org\/{rel}","templated":true}]}}