{"id":445,"date":"2010-03-16T09:00:19","date_gmt":"2010-03-16T09:00:19","guid":{"rendered":"http:\/\/people.unica.it\/segreteriastudentiscienzemmffnn\/?page_id=445"},"modified":"2025-03-25T14:24:00","modified_gmt":"2025-03-25T14:24:00","slug":"pergamene","status":"publish","type":"page","link":"https:\/\/people.unica.it\/segreteriastudentiscienzemmffnn\/competenze-e-organigramma\/laurea\/pergamene\/","title":{"rendered":"Pergamene"},"content":{"rendered":"<p style=\"text-align: justify\"><strong>Pergamene.<\/strong><\/p>\n<p style=\"text-align: justify\">Allo studente laureato viene rilasciato l&#8217;originale del Diploma di Laurea\/Laurea Specialistica\/Laurea Magistrale denominato &#8220;pergamena&#8221;.<\/p>\n<p style=\"text-align: justify\">A partire dagli appelli di laurea fissati per il mese di novembre 2011, la pergamena viene consegnata dalla Commissione di Laurea contestualmente alla proclamazione.<\/p>\n<p style=\"text-align: justify\">Coloro che, invece, hanno conseguito il titolo antecedentemente al mese di novembre 2011, possono\u00a0ritirare la propria\u00a0pergamena di laurea presso la Segreteria studenti nell&#8217;orario di ricevimento al pubblico.<\/p>\n<p style=\"text-align: justify\">Per il ritiro \u00e8 necessario presentarsi personalmente muniti di un documento d&#8217;identit\u00e0 in corso di validit\u00e0 (ovvero \u00e8 possibile\u00a0incaricare una persona di fiducia, munita di regolare delega) e di una marca da bollo del valore corrente.<\/p>\n<p style=\"text-align: justify\">Sono disponibili per la consegna tutte le pergamene dei laureati negli ordinamenti ante riforma D.M. 509\/99\u00a0 e le pergamene dei laureati nei corsi disciplinati dai DD.MM. 509\/99 e 270\/04.<\/p>\n","protected":false},"excerpt":{"rendered":"<p>Pergamene. Allo studente laureato viene rilasciato l&#8217;originale del Diploma di Laurea\/Laurea Specialistica\/Laurea Magistrale denominato &#8220;pergamena&#8221;. A partire dagli appelli di laurea fissati per il mese di novembre 2011, la pergamena viene consegnata dalla Commissione di Laurea contestualmente alla proclamazione. Coloro che, invece, hanno conseguito il titolo antecedentemente al mese di novembre 2011, possono\u00a0ritirare la propria\u00a0pergamena di laurea presso la Segreteria studenti nell&#8217;orario di ricevimento al pubblico. Per il ritiro \u00e8 necessario presentarsi personalmente muniti di un documento d&#8217;identit\u00e0 in corso di validit\u00e0 (ovvero \u00e8 possibile\u00a0incaricare una persona di fiducia, munita di regolare delega) e di una marca da bollo del <a href='https:\/\/people.unica.it\/segreteriastudentiscienzemmffnn\/competenze-e-organigramma\/laurea\/pergamene\/' class='excerpt-more'>[&#8230;]<\/a><\/p>\n","protected":false},"author":282,"featured_media":0,"parent":25,"menu_order":0,"comment_status":"closed","ping_status":"closed","template":"","meta":{"footnotes":""},"class_list":["post-445","page","type-page","status-publish","hentry","category-1-id","post-seq-1","post-parity-odd","meta-position-corners","fix"],"_links":{"self":[{"href":"https:\/\/people.unica.it\/segreteriastudentiscienzemmffnn\/wp-json\/wp\/v2\/pages\/445","targetHints":{"allow":["GET"]}}],"collection":[{"href":"https:\/\/people.unica.it\/segreteriastudentiscienzemmffnn\/wp-json\/wp\/v2\/pages"}],"about":[{"href":"https:\/\/people.unica.it\/segreteriastudentiscienzemmffnn\/wp-json\/wp\/v2\/types\/page"}],"author":[{"embeddable":true,"href":"https:\/\/people.unica.it\/segreteriastudentiscienzemmffnn\/wp-json\/wp\/v2\/users\/282"}],"replies":[{"embeddable":true,"href":"https:\/\/people.unica.it\/segreteriastudentiscienzemmffnn\/wp-json\/wp\/v2\/comments?post=445"}],"version-history":[{"count":21,"href":"https:\/\/people.unica.it\/segreteriastudentiscienzemmffnn\/wp-json\/wp\/v2\/pages\/445\/revisions"}],"predecessor-version":[{"id":2463,"href":"https:\/\/people.unica.it\/segreteriastudentiscienzemmffnn\/wp-json\/wp\/v2\/pages\/445\/revisions\/2463"}],"up":[{"embeddable":true,"href":"https:\/\/people.unica.it\/segreteriastudentiscienzemmffnn\/wp-json\/wp\/v2\/pages\/25"}],"wp:attachment":[{"href":"https:\/\/people.unica.it\/segreteriastudentiscienzemmffnn\/wp-json\/wp\/v2\/media?parent=445"}],"curies":[{"name":"wp","href":"https:\/\/api.w.org\/{rel}","templated":true}]}}