{"id":3,"date":"2022-03-14T17:39:59","date_gmt":"2022-03-14T17:39:59","guid":{"rendered":"http:\/\/people.unica.it\/segreteriastudentiscienzemmffnn\/?page_id=3"},"modified":"2025-03-26T12:38:14","modified_gmt":"2025-03-26T12:38:14","slug":"competenze-e-organigramma","status":"publish","type":"page","link":"https:\/\/people.unica.it\/segreteriastudentiscienzemmffnn\/competenze-e-organigramma\/","title":{"rendered":"Contatti"},"content":{"rendered":"<p>&nbsp;<\/p>\n<p><img decoding=\"async\" class=\"aligncenter wp-image-2202\" src=\"https:\/\/people.unica.it\/segreteriastudentiscienzemmffnn\/files\/2023\/05\/20230522_111106-scaled.jpg\" alt=\"\" width=\"1800\" height=\"1350\" srcset=\"https:\/\/people.unica.it\/segreteriastudentiscienzemmffnn\/files\/2023\/05\/20230522_111106-scaled.jpg 2560w, https:\/\/people.unica.it\/segreteriastudentiscienzemmffnn\/files\/2023\/05\/20230522_111106-300x225.jpg 300w, https:\/\/people.unica.it\/segreteriastudentiscienzemmffnn\/files\/2023\/05\/20230522_111106-1024x768.jpg 1024w, https:\/\/people.unica.it\/segreteriastudentiscienzemmffnn\/files\/2023\/05\/20230522_111106-768x576.jpg 768w, https:\/\/people.unica.it\/segreteriastudentiscienzemmffnn\/files\/2023\/05\/20230522_111106-1536x1152.jpg 1536w, https:\/\/people.unica.it\/segreteriastudentiscienzemmffnn\/files\/2023\/05\/20230522_111106-2048x1536.jpg 2048w\" sizes=\"(max-width: 1800px) 100vw, 1800px\" \/><\/p>\n<p style=\"text-align: justify\"><strong>Competenze<\/strong><\/p>\n<p style=\"text-align: justify\">La Segreteria studenti \u00e8 inserita nell&#8217;ambito della\u00a0Direzione per i servizi generali e servizi agli studenti\u00a0 ed ha un rapporto funzionale con la Facolt\u00e0.<br \/>\nLe attivit\u00e0 della Segreteria si ripartiscono in:<br \/>\n&#8211; attivit\u00e0 di front office, consistenti nell&#8217;erogazione di informazioni di carattere generale sulla normativa che disciplina l\u2019iter degli studi universitari e di informazioni di carattere specifico riguardanti la carriera universitaria del singolo studente, l\u2019iter amministrativo, lo stato e l\u2019esito delle procedure che su di essa incidono;<br \/>\n&#8211; attivit\u00e0 di back office, consistenti, principalmente, nella gestione e aggiornamento delle carriere degli studenti e verifica della conformit\u00e0 di queste ai piani di studio,\u00a0 istruttoria delle pratiche riguardanti gli studenti ai competenti organi della Facolt\u00e0 e dell\u2019Ateneo, archiviazione dei documenti riguardanti gli studenti nei fascicoli personali ad essi intestati, rilascio di certificazioni, controllo delle carriere amministrative degli studenti ai fini dell&#8217;ammissione all&#8217;esame di laurea.<\/p>\n<p style=\"text-align: justify\">Ci si rivolge, quindi, alla Segreteria Studenti per:<\/p>\n<ul>\n<li style=\"text-align: justify\">informazioni sui\u00a0 corsi di studio &#8211; piani di studio<\/li>\n<li style=\"text-align: justify\">immatricolazione, abbreviazione di carriera ed iscrizione ad anni successivi al primo<\/li>\n<li style=\"text-align: justify\">passaggio ad altri Corsi di Laurea<\/li>\n<li style=\"text-align: justify\">trasferimento ad altre Universit\u00e0 o da altre Universit\u00e0<\/li>\n<li style=\"text-align: justify\">ricognizione della qualit\u00e0 di studente \u2013 sospensione degli studi<\/li>\n<li style=\"text-align: justify\">decadenza dalla qualit\u00e0 di studente &#8211; rinuncia agli studi<\/li>\n<li style=\"text-align: justify\">laurea<\/li>\n<li style=\"text-align: justify\">tasse e contributi universitari<\/li>\n<li style=\"text-align: justify\">rilascio di certificati \/ diploma supplement<\/li>\n<\/ul>\n<p>&nbsp;<\/p>\n<p style=\"text-align: justify\"><strong>Personale della Segreteria studenti<\/strong><\/p>\n<p style=\"text-align: left\">Responsabile<br \/>\nDott.ssa Loredana Fragata<\/p>\n<p style=\"text-align: left\">Collaboratori:<\/p>\n<p style=\"text-align: left\">Dott.ssa Maria Maddalena Corona<\/p>\n<p>Dott.ssa Roberta Onnis<\/p>\n<p>Dott. Gianluca Autiero<\/p>\n<p style=\"text-align: left\">Beatrice Nioi<\/p>\n<p style=\"text-align: left\">Iole Varsi<\/p>\n<p>&nbsp;<\/p>\n<p style=\"text-align: left\"><strong>Indirizzo di posta elettronica:<\/strong><\/p>\n<p style=\"text-align: left\"><em>segrstudbiofarmscienze@unica.it<\/em><\/p>\n<p>&nbsp;<\/p>\n<p style=\"text-align: left\"><strong>ORARIO DI ASSISTENZA TELEFONICA:<\/strong><\/p>\n<p style=\"text-align: left\">Dal Luned\u00ec al Venerd\u00ec dalle ore 10:00 alle ore 13:00<br \/>\nTel. 070-6754661<\/p>\n<p>&nbsp;<\/p>\n<p><span style=\"color: #ff0000\"><strong><a href=\"http:\/\/people.unica.it\/segreteriastudentiscienzemmffnn\/files\/2009\/05\/info-segr-cinese.pdf\"><span style=\"color: #ff0000\">Chinese version<\/span><\/a><\/strong><\/span><\/p>\n","protected":false},"excerpt":{"rendered":"<p>&nbsp; Competenze La Segreteria studenti \u00e8 inserita nell&#8217;ambito della\u00a0Direzione per i servizi generali e servizi agli studenti\u00a0 ed ha un rapporto funzionale con la Facolt\u00e0. Le attivit\u00e0 della Segreteria si ripartiscono in: &#8211; attivit\u00e0 di front office, consistenti nell&#8217;erogazione di informazioni di carattere generale sulla normativa che disciplina l\u2019iter degli studi universitari e di informazioni di carattere specifico riguardanti la carriera universitaria del singolo studente, l\u2019iter amministrativo, lo stato e l\u2019esito delle procedure che su di essa incidono; &#8211; attivit\u00e0 di back office, consistenti, principalmente, nella gestione e aggiornamento delle carriere degli studenti e verifica della conformit\u00e0 di queste ai <a href='https:\/\/people.unica.it\/segreteriastudentiscienzemmffnn\/competenze-e-organigramma\/' class='excerpt-more'>[&#8230;]<\/a><\/p>\n","protected":false},"author":282,"featured_media":0,"parent":0,"menu_order":0,"comment_status":"closed","ping_status":"closed","template":"","meta":{"footnotes":""},"class_list":["post-3","page","type-page","status-publish","hentry","category-1-id","post-seq-1","post-parity-odd","meta-position-corners","fix"],"_links":{"self":[{"href":"https:\/\/people.unica.it\/segreteriastudentiscienzemmffnn\/wp-json\/wp\/v2\/pages\/3","targetHints":{"allow":["GET"]}}],"collection":[{"href":"https:\/\/people.unica.it\/segreteriastudentiscienzemmffnn\/wp-json\/wp\/v2\/pages"}],"about":[{"href":"https:\/\/people.unica.it\/segreteriastudentiscienzemmffnn\/wp-json\/wp\/v2\/types\/page"}],"author":[{"embeddable":true,"href":"https:\/\/people.unica.it\/segreteriastudentiscienzemmffnn\/wp-json\/wp\/v2\/users\/282"}],"replies":[{"embeddable":true,"href":"https:\/\/people.unica.it\/segreteriastudentiscienzemmffnn\/wp-json\/wp\/v2\/comments?post=3"}],"version-history":[{"count":74,"href":"https:\/\/people.unica.it\/segreteriastudentiscienzemmffnn\/wp-json\/wp\/v2\/pages\/3\/revisions"}],"predecessor-version":[{"id":2483,"href":"https:\/\/people.unica.it\/segreteriastudentiscienzemmffnn\/wp-json\/wp\/v2\/pages\/3\/revisions\/2483"}],"wp:attachment":[{"href":"https:\/\/people.unica.it\/segreteriastudentiscienzemmffnn\/wp-json\/wp\/v2\/media?parent=3"}],"curies":[{"name":"wp","href":"https:\/\/api.w.org\/{rel}","templated":true}]}}