{"id":25,"date":"2009-05-12T09:00:56","date_gmt":"2009-05-12T09:00:56","guid":{"rendered":"http:\/\/people.unica.it\/segreteriastudentiscienzemmffnn\/?page_id=25"},"modified":"2025-03-25T14:17:14","modified_gmt":"2025-03-25T14:17:14","slug":"laurea","status":"publish","type":"page","link":"https:\/\/people.unica.it\/segreteriastudentiscienzemmffnn\/competenze-e-organigramma\/laurea\/","title":{"rendered":"Laurea"},"content":{"rendered":"<div class=\"entry-container fix\">\n<div class=\"entry fix\">\n<p class=\"first-para\" style=\"text-align: justify\">La laurea \u00e8 l\u2019atto conclusivo degli studi universitari.\u00a0 Essa, al pari della rinuncia e della decadenza, comporta la cessazione dallo status di studente universitario.<\/p>\n<\/div>\n<\/div>\n<ul style=\"text-align: justify\">\n<li><strong>Adempimenti del laureando<\/strong><\/li>\n<\/ul>\n<p style=\"text-align: justify\">Per essere ammesso a sostenere l\u2019esame di laurea, lo studente, in regola con tutti gli esami e le attivit\u00e0 previste dal piano di studi ufficiale del Corso di Laurea o dal piano di studi personale approvato dal competente Consiglio di Classe, e con i pagamenti delle tasse e contributi universitari, deve presentare apposita domanda online alla Segreteria studenti entro i trenta giorni precedenti l\u2019appello di laurea prescelto, con la previa compilazione del questionario\u00a0<a href=\"http:\/\/www.almalaurea.it\/\">Almalaurea<\/a>.<\/p>\n<p style=\"text-align: justify\">Entro i <strong>15 giorni precedenti<\/strong> l\u2019appello di laurea, il laureando deve:<\/p>\n<p style=\"text-align: justify\">Aver concluso tutti gli esami di profitto\/idoneit\u00e0;<\/p>\n<p style=\"text-align: justify\"><strong>NOTA BENE<\/strong><\/p>\n<p style=\"text-align: justify\">Per gli appelli del <strong>mese di febbraio<\/strong> la data ultima di sostenimento esami \u00e8 fissata al <strong>31\/01<\/strong><\/p>\n<p style=\"text-align: justify\">Aver effettuato il versamento delle tassa di laurea e di pergamena;<br \/>\nNon \u00e8 richiesta la consegna del badge universitario.<\/p>\n<p style=\"text-align: justify\">Entro i <strong>10 giorni<\/strong> precedenti l\u2019appello di laurea, il laureando deve effettuare l&#8217;upload del file PDF contenente la tesi di laurea o effettuare <strong>l&#8217;eventuale annullamento della domanda di laurea.<\/strong><\/p>\n<p style=\"text-align: justify\">Tutte le scadenze amministrative devono essere verificate nella propria area riservata dei servizi online del sito www.unica.it, cliccando su <em>Conseguimento titolo<\/em>, <em>Dettaglio appello<\/em> (<em>Visualizza<\/em>) o su <a href=\"https:\/\/unica.esse3.cineca.it\/BachecaAppelliDCT.do\">bacheca appelli di laurea<\/a>.<\/p>\n<p style=\"text-align: justify\">Si suggerisce,\u00a0 inoltre, al laureando di verificare la propria carriera accedendo all&#8217;<a title=\"servizi on line\" href=\"https:\/\/unica.esse3.cineca.it\/\">area riservata<\/a> dei servizi on line, <em>sezione carriera &gt; libretto<\/em>.<\/p>\n<p style=\"text-align: justify\"><a href=\"http:\/\/people.unica.it\/segreteriastudentiscienzemmffnn\/competenze-e-organigramma\/laurea\/istruzioni-domanda-di-laurea-on-line\/\" rel=\"attachment wp-att-1950\">Istruzioni domanda di laurea on line<\/a><\/p>\n<p style=\"text-align: justify\">Scarica la \u00a0<a href=\"http:\/\/people.unica.it\/segreteriastudentiscienzemmffnn\/files\/2009\/05\/brochure_laureandi-1.pdf\">nuova brochure laureandi <\/a>\u00a0di Almalaurea<\/p>\n<p>&nbsp;<\/p>\n<p style=\"text-align: justify\"><strong>Adempimenti della Segreteria studenti<\/strong><\/p>\n<p style=\"text-align: justify\">La Segreteria Studenti avvia\u00a0i controlli sulle carriere dei laureandi al fine di verificarne la conformit\u00e0 ai piani di studio ed alla normativa vigente, e la regolarit\u00e0 nelle iscrizioni e nei pagamenti delle tasse universitarie. In questa fase la Segreteria procede, altres\u00ec, all\u2019acquisizione di tutta la documentazione necessaria (verbali, attestazioni, delibere degli organi di Facolt\u00e0) della quale non sia eventualmente ancora in possesso.<\/p>\n<p style=\"text-align: justify\">Se l\u2019esito dei controlli \u00e8 positivo, dopo la ricezione dei libretti universitari cartacei e delle tesi online, la Segreteria procede a confermare le domande di laurea e a comunicare l\u2019elenco dei laureandi al Coordinatore del Consiglio di Classe competente (o ad un suo delegato), il quale proceder\u00e0 poi alla nomina della Commissione di Laurea al Presidente della Facolt\u00e0.<\/p>\n<p style=\"text-align: justify\">La Segreteria procede, infine, alla stampa degli statini di laurea e a richiedere la stampa delle pergamene di laurea che vengono consegnati alla Commissione il giorno dell\u2019appello di laurea.<\/p>\n<p>&nbsp;<\/p>\n<p style=\"text-align: justify\"><strong>Consulta il calendario degli appelli di laurea\u00a0 =&gt;<\/strong> <strong><a href=\"https:\/\/unica.esse3.cineca.it\/BachecaAppelliDCT.do\" target=\"_blank\" rel=\"noopener\">Clicca qu\u00ec<\/a><\/strong><\/p>\n","protected":false},"excerpt":{"rendered":"<p>La laurea \u00e8 l\u2019atto conclusivo degli studi universitari.\u00a0 Essa, al pari della rinuncia e della decadenza, comporta la cessazione dallo status di studente universitario. Adempimenti del laureando Per essere ammesso a sostenere l\u2019esame di laurea, lo studente, in regola con tutti gli esami e le attivit\u00e0 previste dal piano di studi ufficiale del Corso di Laurea o dal piano di studi personale approvato dal competente Consiglio di Classe, e con i pagamenti delle tasse e contributi universitari, deve presentare apposita domanda online alla Segreteria studenti entro i trenta giorni precedenti l\u2019appello di laurea prescelto, con la previa compilazione del questionario\u00a0Almalaurea. <a href='https:\/\/people.unica.it\/segreteriastudentiscienzemmffnn\/competenze-e-organigramma\/laurea\/' class='excerpt-more'>[&#8230;]<\/a><\/p>\n","protected":false},"author":282,"featured_media":0,"parent":3,"menu_order":4,"comment_status":"closed","ping_status":"closed","template":"","meta":{"footnotes":""},"class_list":["post-25","page","type-page","status-publish","hentry","category-1-id","post-seq-1","post-parity-odd","meta-position-corners","fix"],"_links":{"self":[{"href":"https:\/\/people.unica.it\/segreteriastudentiscienzemmffnn\/wp-json\/wp\/v2\/pages\/25","targetHints":{"allow":["GET"]}}],"collection":[{"href":"https:\/\/people.unica.it\/segreteriastudentiscienzemmffnn\/wp-json\/wp\/v2\/pages"}],"about":[{"href":"https:\/\/people.unica.it\/segreteriastudentiscienzemmffnn\/wp-json\/wp\/v2\/types\/page"}],"author":[{"embeddable":true,"href":"https:\/\/people.unica.it\/segreteriastudentiscienzemmffnn\/wp-json\/wp\/v2\/users\/282"}],"replies":[{"embeddable":true,"href":"https:\/\/people.unica.it\/segreteriastudentiscienzemmffnn\/wp-json\/wp\/v2\/comments?post=25"}],"version-history":[{"count":91,"href":"https:\/\/people.unica.it\/segreteriastudentiscienzemmffnn\/wp-json\/wp\/v2\/pages\/25\/revisions"}],"predecessor-version":[{"id":2462,"href":"https:\/\/people.unica.it\/segreteriastudentiscienzemmffnn\/wp-json\/wp\/v2\/pages\/25\/revisions\/2462"}],"up":[{"embeddable":true,"href":"https:\/\/people.unica.it\/segreteriastudentiscienzemmffnn\/wp-json\/wp\/v2\/pages\/3"}],"wp:attachment":[{"href":"https:\/\/people.unica.it\/segreteriastudentiscienzemmffnn\/wp-json\/wp\/v2\/media?parent=25"}],"curies":[{"name":"wp","href":"https:\/\/api.w.org\/{rel}","templated":true}]}}