{"id":2457,"date":"2025-03-25T14:04:07","date_gmt":"2025-03-25T14:04:07","guid":{"rendered":"https:\/\/people.unica.it\/segreteriastudentiscienzemmffnn\/?page_id=2457"},"modified":"2025-03-25T14:07:20","modified_gmt":"2025-03-25T14:07:20","slug":"corsi-singoli","status":"publish","type":"page","link":"https:\/\/people.unica.it\/segreteriastudentiscienzemmffnn\/corsi-singoli\/","title":{"rendered":"Corsi Singoli"},"content":{"rendered":"\n<p>Possono iscriversi a singoli corsi di insegnamento (Corsi singoli), attivati presso le Facolt\u00e0 dell\u2019Ateneo, e sostenere i relativi esami, entro il termine dell&#8217;anno accademico:<\/p>\n\n\n\n<ul class=\"wp-block-list\">\n<li>coloro che sono interessati ad un aggiornamento culturale o all\u2019integrazione delle loro competenze professionali;<\/li>\n\n\n\n<li>i laureati che abbiano necessit\u00e0 di seguire gli insegnamenti e superare i relativi esami di profitto richiesti per l\u2019ammissione a lauree magistrali o a scuole di specializzazione ovvero a concorsi pubblici;<\/li>\n\n\n\n<li>i cittadini comunitari e non comunitari residenti all\u2019estero, per i quali si applicano le disposizioni emanate annualmente dal Ministero, ad eccezione dell\u2019obbligo di sostenere la prova di conoscenza della lingua italiana;<\/li>\n\n\n\n<li>gli studenti e i laureati stranieri che frequentano l\u2019Universit\u00e0 di Cagliari in base a Programmi o Accordi di mobilit\u00e0 internazionale regolati da condizioni di reciprocit\u00e0.<\/li>\n<\/ul>\n\n\n\n<p><strong>Compatibilit\u00e0 e titoli di accesso<\/strong><\/p>\n\n\n\n<p>Nelle more della modifica del Regolamento Carriere Amministrative degli Studenti, l\u2019iscrizione ai corsi singoli \u00e8 consentita anche a coloro che risultano iscritti ad un corso di studio dell\u2019Universit\u00e0 degli Studi di Cagliari o di altro Ateneo, ed esclusivamente per i corsi di insegnamento attivati nell\u2019anno accademico di riferimento, previa accettazione da parte del relativo Consiglio di Corso\/Classe per i corsi di studio a numero programmato. Non potranno essere scelti corsi singoli di insegnamenti gi\u00e0 previsti nel proprio piano di studi o gi\u00e0 impartiti nel corso di studio di afferenza.<\/p>\n\n\n\n<p>Coloro che si iscrivono a singoli corsi di insegnamento delle lauree triennali, magistrali a ciclo unico e magistrali devono essere in possesso del titolo di studio necessario all\u2019accesso al corso di studio in cui \u00e8 previsto l\u2019insegnamento.<\/p>\n\n\n\n<p><strong>Status e numero di CFU<\/strong><\/p>\n\n\n\n<p>L\u2019iscrizione non attribuisce lo status di studente universitario, ma conferisce il diritto di accedere alle biblioteche e ai servizi strettamente connessi all\u2019insegnamento al quale \u00e8 riferita l\u2019iscrizione. L\u2019iscrizione ai corsi singoli \u00e8 consentita per il conseguimento di un numero massimo pari a 36 crediti annui. I relativi esami devono essere sostenuti entro l\u2019anno accademico di iscrizione, pena l\u2019iscrizione all\u2019anno accademico successivo.<\/p>\n\n\n\n<p>Il superamento del singolo esame d\u00e0 diritto al rilascio di certificazione da parte dell\u2019Universit\u00e0 e pu\u00f2 essere utilizzato per il conseguimento di successivi titoli di studio.<\/p>\n\n\n\n<p>Per l\u2019iscrizione ai corsi singoli finalizzati all\u2019ammissione al corso di Laurea Magistrale non sussiste il citato limite dei 36 crediti (art. 5 Manifesto degli Studi a.a. 2024\/2025)<\/p>\n\n\n\n<p><strong>Modalit\u00e0 di iscrizione<\/strong><\/p>\n\n\n\n<p>La domanda sar\u00e0 compilata utilizzando la procedura di immatricolazione online disponibile al link (<a href=\"https:\/\/unica.esse3.cineca.it\/Home.do\" target=\"_blank\" rel=\"noreferrer noopener\"><strong>https:\/\/unica.esse3.cineca.it\/Home.do<\/strong><\/a>) raggiungibile anche dal pulsante Accedi disponibile nella parte destra del sito di Ateneo, a partire dalla data immediatamente successiva alla scadenza del termine previsto per le immatricolazioni dell\u2019anno accademico 2024\/2025 e fino al 5 luglio 2025.<\/p>\n\n\n\n<p>Effettuata l\u2019immatricolazione, per la scelta degli insegnamenti, \u00e8 necessario compilare il form online al link:&nbsp;<a href=\"https:\/\/forms.office.com\/e\/BT4XJ2ibyL\" target=\"_blank\" rel=\"noreferrer noopener\">https:\/\/forms.office.com\/e\/BT4XJ2ibyL<\/a>&nbsp;&nbsp;.<br>Terminata la compilazione riceverai una mail dalla casella&nbsp;<a href=\"mailto:servizistudenti@unica.it\"><strong>servizistudenti@unica.it<\/strong><\/a>&nbsp;con la ricevuta degli insegnamenti scelti che dovr\u00e0 poi essere caricata&nbsp;nell&#8217;area riservata&nbsp;dei servizi online agli studenti cliccando su&nbsp;<strong>CARRIERA&nbsp;<\/strong>&gt;&nbsp;<strong>ALLEGATI DI&nbsp;CARRIERA&nbsp;<\/strong>oppure&nbsp;<strong>&nbsp;SEGRETERIA &gt; ALLEGATI DI CARRIERA<\/strong>.&nbsp;<\/p>\n\n\n\n<p>L\u2019iscrizione si perfezioner\u00e0 con il versamento del contributo d\u2019iscrizione stabilito dal Regolamento contribuzione studentesca 2024\/2025. In caso di mancato versamento, entra trenta giorni dall&#8217;emissione dell&#8217;avviso di pagamento la posizione sar\u00e0 archiviata, pertanto, l&#8217;interessato dovr\u00e0 procedere con una nuova iscrizione.<br><br><strong>Costi<\/strong><\/p>\n\n\n\n<ul class=\"wp-block-list\">\n<li>Contributo di iscrizione: \u20ac 141,15 pi\u00f9 l&#8217;imposta di bollo di \u20ac 16,00<\/li>\n\n\n\n<li>Contributo per ogni corso erogato in modalit\u00e0 tradizionale: \u20ac 70,45<\/li>\n\n\n\n<li>Contributo per ogni corso erogato in modalit\u00e0 e-learning: \u20ac 239,55<\/li>\n<\/ul>\n\n\n\n<p><a href=\"https:\/\/www.unica.it\/sites\/default\/files\/2024-10\/istruzioni%20iscrizione%20corsi%20singoli%202024_2025.pdf\">Istruzioni per l&#8217;iscrizione ai corsi singoli 2024\/25<\/a><\/p>\n\n\n\n<p><\/p>\n","protected":false},"excerpt":{"rendered":"<p>Possono iscriversi a singoli corsi di insegnamento (Corsi singoli), attivati presso le Facolt\u00e0 dell\u2019Ateneo, e sostenere i relativi esami, entro il termine dell&#8217;anno accademico: Compatibilit\u00e0 e titoli di accesso Nelle more della modifica del Regolamento Carriere Amministrative degli Studenti, l\u2019iscrizione ai corsi singoli \u00e8 consentita anche a coloro che risultano iscritti ad un corso di studio dell\u2019Universit\u00e0 degli Studi di Cagliari o di altro Ateneo, ed esclusivamente per i corsi di insegnamento attivati nell\u2019anno accademico di riferimento, previa accettazione da parte del relativo Consiglio di Corso\/Classe per i corsi di studio a numero programmato. Non potranno essere scelti corsi singoli <a href='https:\/\/people.unica.it\/segreteriastudentiscienzemmffnn\/corsi-singoli\/' class='excerpt-more'>[&#8230;]<\/a><\/p>\n","protected":false},"author":9480,"featured_media":0,"parent":0,"menu_order":0,"comment_status":"closed","ping_status":"closed","template":"","meta":{"footnotes":""},"class_list":["post-2457","page","type-page","status-publish","hentry","post-seq-1","post-parity-odd","meta-position-corners","fix"],"_links":{"self":[{"href":"https:\/\/people.unica.it\/segreteriastudentiscienzemmffnn\/wp-json\/wp\/v2\/pages\/2457","targetHints":{"allow":["GET"]}}],"collection":[{"href":"https:\/\/people.unica.it\/segreteriastudentiscienzemmffnn\/wp-json\/wp\/v2\/pages"}],"about":[{"href":"https:\/\/people.unica.it\/segreteriastudentiscienzemmffnn\/wp-json\/wp\/v2\/types\/page"}],"author":[{"embeddable":true,"href":"https:\/\/people.unica.it\/segreteriastudentiscienzemmffnn\/wp-json\/wp\/v2\/users\/9480"}],"replies":[{"embeddable":true,"href":"https:\/\/people.unica.it\/segreteriastudentiscienzemmffnn\/wp-json\/wp\/v2\/comments?post=2457"}],"version-history":[{"count":3,"href":"https:\/\/people.unica.it\/segreteriastudentiscienzemmffnn\/wp-json\/wp\/v2\/pages\/2457\/revisions"}],"predecessor-version":[{"id":2460,"href":"https:\/\/people.unica.it\/segreteriastudentiscienzemmffnn\/wp-json\/wp\/v2\/pages\/2457\/revisions\/2460"}],"wp:attachment":[{"href":"https:\/\/people.unica.it\/segreteriastudentiscienzemmffnn\/wp-json\/wp\/v2\/media?parent=2457"}],"curies":[{"name":"wp","href":"https:\/\/api.w.org\/{rel}","templated":true}]}}