{"id":2370,"date":"2024-10-17T12:40:02","date_gmt":"2024-10-17T12:40:02","guid":{"rendered":"https:\/\/people.unica.it\/segreteriastudentiscienzemmffnn\/?page_id=2370"},"modified":"2025-03-28T12:45:54","modified_gmt":"2025-03-28T12:45:54","slug":"avvisi","status":"publish","type":"page","link":"https:\/\/people.unica.it\/segreteriastudentiscienzemmffnn\/","title":{"rendered":"Avvisi"},"content":{"rendered":"\n<figure class=\"wp-block-image size-large\"><a href=\"https:\/\/people.unica.it\/segreteriastudentiscienzemmffnn\/files\/2023\/05\/20230522_111006-scaled.jpg\"><img decoding=\"async\" width=\"1024\" height=\"493\" src=\"https:\/\/people.unica.it\/segreteriastudentiscienzemmffnn\/files\/2023\/05\/20230522_111006-1024x493.jpg\" alt=\"\" class=\"wp-image-2205\" style=\"aspect-ratio:1.7777777777777777;object-fit:cover\" srcset=\"https:\/\/people.unica.it\/segreteriastudentiscienzemmffnn\/files\/2023\/05\/20230522_111006-1024x493.jpg 1024w, https:\/\/people.unica.it\/segreteriastudentiscienzemmffnn\/files\/2023\/05\/20230522_111006-300x144.jpg 300w, https:\/\/people.unica.it\/segreteriastudentiscienzemmffnn\/files\/2023\/05\/20230522_111006-768x369.jpg 768w, https:\/\/people.unica.it\/segreteriastudentiscienzemmffnn\/files\/2023\/05\/20230522_111006-1536x739.jpg 1536w, https:\/\/people.unica.it\/segreteriastudentiscienzemmffnn\/files\/2023\/05\/20230522_111006-2048x985.jpg 2048w\" sizes=\"(max-width: 1024px) 100vw, 1024px\" \/><\/a><\/figure>\n\n\n\n<p><\/p>\n\n\n\n<p><\/p>\n\n\n\n<p><\/p>\n\n\n\n<p><\/p>\n\n\n\n<p><strong>ORARIO DI APERTURA AL PUBBLICO:<\/strong><\/p>\n\n\n\n<details class=\"wp-block-details is-layout-flow wp-block-details-is-layout-flow\"><summary><em>Nei mesi di settembre e ottobre<\/em><\/summary>\n<ul class=\"wp-block-list\">\n<li>Luned\u00ec, mercoled\u00ec, gioved\u00ec e venerd\u00ec dalle ore 9:00 alle ore 12:00<\/li>\n\n\n\n<li>Marted\u00ec dalle ore 10:00 alle ore 12:00 e dalle ore 16:00 alle ore 17:00<\/li>\n<\/ul>\n<\/details>\n\n\n\n<details class=\"wp-block-details is-layout-flow wp-block-details-is-layout-flow\"><summary><em>Nei mesi di novembre, dicembre, gennaio, febbraio, marzo, aprile, maggio, giugno<\/em><\/summary>\n<ul class=\"wp-block-list\">\n<li>Luned\u00ec, mercoled\u00ec, gioved\u00ec e venerd\u00ec dalle ore 9:00 alle ore 12:00<\/li>\n\n\n\n<li>Marted\u00ec dalle ore 16:00 alle ore 17:00<\/li>\n<\/ul>\n<\/details>\n\n\n\n<details class=\"wp-block-details is-layout-flow wp-block-details-is-layout-flow\"><summary><em>Nei mesi di luglio e agosto<\/em><\/summary>\n<ul class=\"wp-block-list\">\n<li>Luned\u00ec, mercoled\u00ec e venerd\u00ec dalle ore 9:00 alle ore 12:00<\/li>\n<\/ul>\n<\/details>\n\n\n\n<p><strong>CONTATTI<\/strong><\/p>\n\n\n\n<details class=\"wp-block-details is-layout-flow wp-block-details-is-layout-flow\"><summary>Email<\/summary>\n<p>Indirizzo: <a href=\"mailto:segrstudbiofarmscienze@unica.it\">segrstudbiofarmscienze@unica.it<\/a><\/p>\n\n\n\n<p><em>Riceverete una risposta entro 5 giorni lavorativi dall&#8217;invio della vostra richiesta.<\/em><\/p>\n<\/details>\n\n\n\n<details class=\"wp-block-details is-layout-flow wp-block-details-is-layout-flow\"><summary>Telefono<\/summary>\n<p> Tel. 0706754661<\/p>\n\n\n\n<p><em>Dal luned\u00ec al venerd\u00ec dalle ore 10:00 alle ore 13:00.<\/em><\/p>\n\n\n\n<p><\/p>\n<\/details>\n\n\n\n<p><\/p>\n\n\n\n<p><\/p>\n\n\n\n<p><a href=\"https:\/\/outlook.office365.com\/book\/SportellovirtualesegreteriastudentiBiologiaFarmaciaeScienze@unicadrsi.onmicrosoft.com\/\">SPORTELLO VIRTUALE<\/a><\/p>\n\n\n\n<p><\/p>\n","protected":false},"excerpt":{"rendered":"<p>ORARIO DI APERTURA AL PUBBLICO: CONTATTI SPORTELLO VIRTUALE<\/p>\n","protected":false},"author":9386,"featured_media":0,"parent":0,"menu_order":0,"comment_status":"closed","ping_status":"closed","template":"","meta":{"footnotes":""},"class_list":["post-2370","page","type-page","status-publish","hentry","post-seq-1","post-parity-odd","meta-position-corners","fix"],"_links":{"self":[{"href":"https:\/\/people.unica.it\/segreteriastudentiscienzemmffnn\/wp-json\/wp\/v2\/pages\/2370","targetHints":{"allow":["GET"]}}],"collection":[{"href":"https:\/\/people.unica.it\/segreteriastudentiscienzemmffnn\/wp-json\/wp\/v2\/pages"}],"about":[{"href":"https:\/\/people.unica.it\/segreteriastudentiscienzemmffnn\/wp-json\/wp\/v2\/types\/page"}],"author":[{"embeddable":true,"href":"https:\/\/people.unica.it\/segreteriastudentiscienzemmffnn\/wp-json\/wp\/v2\/users\/9386"}],"replies":[{"embeddable":true,"href":"https:\/\/people.unica.it\/segreteriastudentiscienzemmffnn\/wp-json\/wp\/v2\/comments?post=2370"}],"version-history":[{"count":30,"href":"https:\/\/people.unica.it\/segreteriastudentiscienzemmffnn\/wp-json\/wp\/v2\/pages\/2370\/revisions"}],"predecessor-version":[{"id":2488,"href":"https:\/\/people.unica.it\/segreteriastudentiscienzemmffnn\/wp-json\/wp\/v2\/pages\/2370\/revisions\/2488"}],"wp:attachment":[{"href":"https:\/\/people.unica.it\/segreteriastudentiscienzemmffnn\/wp-json\/wp\/v2\/media?parent=2370"}],"curies":[{"name":"wp","href":"https:\/\/api.w.org\/{rel}","templated":true}]}}