{"id":116,"date":"2008-05-27T11:07:13","date_gmt":"2008-05-27T09:07:13","guid":{"rendered":"http:\/\/people.unica.it\/segreteriastudentilettere\/informazioni-generali\/almalaurea\/"},"modified":"2008-05-27T11:15:50","modified_gmt":"2008-05-27T09:15:50","slug":"almalaurea","status":"publish","type":"page","link":"https:\/\/people.unica.it\/segreteriastudentilettere\/informazioni-generali\/almalaurea\/","title":{"rendered":"Almalaurea"},"content":{"rendered":"<p>AlmaLaurea \u00e8 un servizio innovativo che rende disponibili on line i <strong>curricula dei laureati<\/strong> di numerose universit\u00e0 italiane, ponendosi come punto di incontro fra Laureati, Universit\u00e0 e Aziende.<br \/>\nGestita da un Consorzio di Atenei Italiani con il sostegno del Ministero dell\u2019Istruzione, dell\u2019Universit\u00e0 e della Ricerca, AlmaLaurea opera con l\u2019intento di <strong>mettere in relazione aziende e laureati<\/strong> e di essere punto di riferimento dall\u2019interno della realt\u00e0 universitaria per tutti coloro (studiosi, operatori, etc.) che affrontano a vario livello le tematiche degli studi universitari, dell\u2019occupazione, della condizione giovanile.<\/p>\n<p>Gli studenti degli atenei consorziati in AlmaLaurea hanno l&#8217;<strong>opportunit\u00e0 di usufruire di numerosi servizi orientati al mondo del lavoro e degli studi post-laurea<\/strong>. Per accedere a questi servizi \u00e8 necessario, alla fine del proprio percorso di studi, <strong>compilare il proprio curriculum vitae<\/strong>.<\/p>\n<p><a href=\"http:\/\/people.unica.it\/segreteriastudentilettere\/files\/2008\/05\/letterarettorestudenti2.pdf\" title=\"Lettera del Rettore agli studenti\">Lettera del Rettore agli studenti<\/a><\/p>\n<p><a href=\"http:\/\/people.unica.it\/segreteriastudentilettere\/files\/2008\/05\/almalaurea_info.pdf\" title=\"10 buoni motivi per compilare bene il questinario e tenerlo aggiornato\">10 buoni motivi per compilare bene il questionario e tenerlo aggiornato<\/a><\/p>\n<p><a href=\"https:\/\/www.almalaurea.it\/cgi-bin\/lau\/laureandi\/registrazione\/ando_iscrivi\">Registrati su Almalaurea<\/a><\/p>\n","protected":false},"excerpt":{"rendered":"<p>AlmaLaurea \u00e8 un servizio innovativo che rende disponibili on line i curricula dei laureati di numerose universit\u00e0 italiane, ponendosi come punto di incontro fra Laureati, Universit\u00e0 e Aziende. Gestita da un Consorzio di Atenei Italiani con il sostegno del Ministero dell\u2019Istruzione, dell\u2019Universit\u00e0 e della Ricerca, AlmaLaurea opera con l\u2019intento di mettere in relazione aziende e laureati e di essere punto di riferimento dall\u2019interno della realt\u00e0 universitaria per tutti coloro (studiosi, operatori, etc.) che affrontano a vario livello le tematiche degli studi universitari, dell\u2019occupazione, della condizione giovanile. Gli studenti degli atenei consorziati in AlmaLaurea hanno l&#8217;opportunit\u00e0 di usufruire di numerosi servizi <a href='https:\/\/people.unica.it\/segreteriastudentilettere\/informazioni-generali\/almalaurea\/' class='excerpt-more'>[&#8230;]<\/a><\/p>\n","protected":false},"author":186,"featured_media":0,"parent":14,"menu_order":0,"comment_status":"closed","ping_status":"closed","template":"","meta":{"footnotes":""},"class_list":["post-116","page","type-page","status-publish","hentry","category-1-id","post-seq-1","post-parity-odd","meta-position-corners","fix"],"_links":{"self":[{"href":"https:\/\/people.unica.it\/segreteriastudentilettere\/wp-json\/wp\/v2\/pages\/116","targetHints":{"allow":["GET"]}}],"collection":[{"href":"https:\/\/people.unica.it\/segreteriastudentilettere\/wp-json\/wp\/v2\/pages"}],"about":[{"href":"https:\/\/people.unica.it\/segreteriastudentilettere\/wp-json\/wp\/v2\/types\/page"}],"author":[{"embeddable":true,"href":"https:\/\/people.unica.it\/segreteriastudentilettere\/wp-json\/wp\/v2\/users\/186"}],"replies":[{"embeddable":true,"href":"https:\/\/people.unica.it\/segreteriastudentilettere\/wp-json\/wp\/v2\/comments?post=116"}],"version-history":[{"count":0,"href":"https:\/\/people.unica.it\/segreteriastudentilettere\/wp-json\/wp\/v2\/pages\/116\/revisions"}],"up":[{"embeddable":true,"href":"https:\/\/people.unica.it\/segreteriastudentilettere\/wp-json\/wp\/v2\/pages\/14"}],"wp:attachment":[{"href":"https:\/\/people.unica.it\/segreteriastudentilettere\/wp-json\/wp\/v2\/media?parent=116"}],"curies":[{"name":"wp","href":"https:\/\/api.w.org\/{rel}","templated":true}]}}