{"id":49,"date":"2010-09-10T17:42:04","date_gmt":"2010-09-10T17:42:04","guid":{"rendered":"http:\/\/people.unica.it\/segreteriastudentiingegneria\/?page_id=49"},"modified":"2018-07-23T15:59:44","modified_gmt":"2018-07-23T15:59:44","slug":"home","status":"publish","type":"page","link":"https:\/\/people.unica.it\/segreteriastudentiingegneria\/home\/","title":{"rendered":"Chi siamo"},"content":{"rendered":"<h2><span style=\"color: #800000\"><strong>La segreteria studenti on line<\/strong><\/span><\/h2>\n<p><span style=\"color: #000080\">In queste pagine sono pubblicate tutte le informazioni sugli adempimenti amministrativi che lo studente dovr\u00e0 compiere nel corso della sua carriera universitaria.<\/span><\/p>\n<p><span style=\"color: #000080\">La segreteria studenti <\/span><span style=\"color: #000080\">gestisce la carriera amministrativa dello studente dall&#8217;immatricolazione al \u00a0conseguimento del titolo\u00a0ed \u00e8 depositaria di tutti gli atti amministrativi e di carriera che lo riguardano. C<\/span><span style=\"color: #000080\">ontrolla la regolarit\u00e0 della carriere in conformit\u00e0 con l&#8217;ordinamento vigente e fornisce <\/span><span style=\"color: #000080\">informazioni di carattere generale sulla normativa che disciplina l\u2019iter degli studi universitari.<\/span><\/p>\n<p><span style=\"color: #000080\">\u00a0<\/span><span style=\"color: #000080\">In particolare ci si rivolge alla Segreteria Studenti per:<\/span><\/p>\n<ul>\n<li><span style=\"color: #000080\">informazioni sui corsi di studio<\/span><\/li>\n<li><span style=\"color: #000080\">immatricolazione ed iscrizione ad anni successivi al primo<\/span><\/li>\n<li><span style=\"color: #000080\">abbreviazione di carriera<\/span><\/li>\n<li><span style=\"color: #000080\">passaggio ad altri corsi di studio<\/span><\/li>\n<li><span style=\"color: #000080\">trasferimento ad altre Universit\u00e0 o da altre Universit\u00e0<\/span><\/li>\n<li><span style=\"color: #000080\">piani di studio<\/span><\/li>\n<li><span style=\"color: #000080\">laurea<\/span><\/li>\n<li><span style=\"color: #000080\">ricognizione e sospensione della carriera<\/span><\/li>\n<li><span style=\"color: #000080\">decadenza dalla qualit\u00e0 di studente<\/span><\/li>\n<li><span style=\"color: #000080\">rinuncia agli studi<\/span><\/li>\n<li><span style=\"color: #000080\">tasse e contributi universitari<\/span><\/li>\n<li><span style=\"color: #000080\">rilascio di certificati e di copie di atti depositati in segreteria studenti<\/span><\/li>\n<\/ul>\n<p><span style=\"color: #000080\">Consultate regolarmente gli <a href=\"http:\/\/people.unica.it\/segreteriastudentiingegneria\/\"><span style=\"color: #0000ff\"><strong>avvisi <\/strong><\/span><\/a>per essere sempre aggiornati sulle novit\u00e0 e sulle scadenze.<\/span><\/p>\n<p><span style=\"color: #000080\">Verificate costantemente accedendo alla vostra pagina personale sui <span style=\"color: #0000ff\"><a style=\"color: #0000ff\" href=\"https:\/\/unica.esse3.cineca.it\/Start.do\"><strong>servizi online per gli \u00a0studenti<\/strong><\/a><\/span> se tutti i dati sulla carriera sono corretti e segnalate tempestivamente eventuali errori alla <span style=\"color: #0000ff\"><a style=\"color: #0000ff\" title=\"segringe@amm.unica.it\" href=\"mailto:segringe@amm.unica.it\"><strong>Segreteria Studenti<\/strong><\/a><\/span>.<\/span><\/p>\n<p>&nbsp;<\/p>\n","protected":false},"excerpt":{"rendered":"<p>La segreteria studenti on line In queste pagine sono pubblicate tutte le informazioni sugli adempimenti amministrativi che lo studente dovr\u00e0 compiere nel corso della sua carriera universitaria. La segreteria studenti gestisce la carriera amministrativa dello studente dall&#8217;immatricolazione al \u00a0conseguimento del titolo\u00a0ed \u00e8 depositaria di tutti gli atti amministrativi e di carriera che lo riguardano. Controlla la regolarit\u00e0 della carriere in conformit\u00e0 con l&#8217;ordinamento vigente e fornisce informazioni di carattere generale sulla normativa che disciplina l\u2019iter degli studi universitari. \u00a0In particolare ci si rivolge alla Segreteria Studenti per: informazioni sui corsi di studio immatricolazione ed iscrizione ad anni successivi al primo <a href='https:\/\/people.unica.it\/segreteriastudentiingegneria\/home\/' class='excerpt-more'>[&#8230;]<\/a><\/p>\n","protected":false},"author":1,"featured_media":0,"parent":0,"menu_order":1,"comment_status":"closed","ping_status":"closed","template":"","meta":{"footnotes":""},"class_list":["post-49","page","type-page","status-publish","hentry","category-12-id","post-seq-1","post-parity-odd","meta-position-corners","fix"],"_links":{"self":[{"href":"https:\/\/people.unica.it\/segreteriastudentiingegneria\/wp-json\/wp\/v2\/pages\/49","targetHints":{"allow":["GET"]}}],"collection":[{"href":"https:\/\/people.unica.it\/segreteriastudentiingegneria\/wp-json\/wp\/v2\/pages"}],"about":[{"href":"https:\/\/people.unica.it\/segreteriastudentiingegneria\/wp-json\/wp\/v2\/types\/page"}],"author":[{"embeddable":true,"href":"https:\/\/people.unica.it\/segreteriastudentiingegneria\/wp-json\/wp\/v2\/users\/1"}],"replies":[{"embeddable":true,"href":"https:\/\/people.unica.it\/segreteriastudentiingegneria\/wp-json\/wp\/v2\/comments?post=49"}],"version-history":[{"count":45,"href":"https:\/\/people.unica.it\/segreteriastudentiingegneria\/wp-json\/wp\/v2\/pages\/49\/revisions"}],"predecessor-version":[{"id":2066,"href":"https:\/\/people.unica.it\/segreteriastudentiingegneria\/wp-json\/wp\/v2\/pages\/49\/revisions\/2066"}],"wp:attachment":[{"href":"https:\/\/people.unica.it\/segreteriastudentiingegneria\/wp-json\/wp\/v2\/media?parent=49"}],"curies":[{"name":"wp","href":"https:\/\/api.w.org\/{rel}","templated":true}]}}