{"id":188,"date":"2011-01-03T21:51:38","date_gmt":"2011-01-03T21:51:38","guid":{"rendered":"http:\/\/people.unica.it\/segreteriastudentiingegneria\/?page_id=188"},"modified":"2025-07-03T08:28:13","modified_gmt":"2025-07-03T08:28:13","slug":"immatricolazioni-e-iscrizioni","status":"publish","type":"page","link":"https:\/\/people.unica.it\/segreteriastudentiingegneria\/immatricolazioni-e-iscrizioni\/","title":{"rendered":"Immatricolazioni e iscrizioni"},"content":{"rendered":"<p><span style=\"color: #800080\"><strong>IMMATRICOLAZIONI<\/strong><\/span><\/p>\n<p><span style=\"color: #000080\">L&#8217;immatricolazione \u00e8 la \u00a0prima iscrizione ad un corso di studio universitario. Con l\u2019immatricolazione si acquisisce lo status di studente.\u00a0\u00a0Inizia cos\u00ec la carriera dello studente che si concluder\u00e0 con il conseguimento del titolo o per rinuncia volontaria o decadenza per inattivit\u00e0.<\/span><\/p>\n<p><span style=\"color: #000080\">Allo studente viene attribuito un numero di matricola che dovr\u00e0 essere riportato in tutte le richieste, viene fornito il libretto universitario dove dovranno essere riportati tutti gli atti di carriera, le credenziali per l&#8217;accesso ai <span style=\"color: #800080\"><a href=\"https:\/\/unica.esse3.cineca.it\/Start.do\"><span style=\"color: #800080\"><strong><span style=\"color: #0000ff\">servizi on line<\/span><\/strong><\/span><\/a><\/span>, un indirizzo di posta elettronica, e potr\u00e0 usufruire di tutti i servizi erogati dall&#8217;Ateneo.<\/span><\/p>\n<p><span style=\"color: #000080\">Le procedure per l&#8217;immatricolazione e le scadenze sono stabiliti nel Manifesto generale degli studi pubblicato annualmente entro il mese di luglio.<\/span><\/p>\n<p><span style=\"color: #000080\">Consulta il\u00a0\u00a0<a href=\"https:\/\/www.unica.it\/it\/manifesto-degli-studi\"><span style=\"color: #800080\"><strong><span style=\"color: #0000ff\">Manifesto Generale degli studi A. A. 2025\/2026<\/span><\/strong><\/span><\/a><\/span><\/p>\n<p><span style=\"color: #000080\">Vai alle sezioni:<\/span><\/p>\n<ul>\n<li><strong><em><a href=\"http:\/\/people.unica.it\/segreteriastudentiingegneria\/immatricolazioni-corsi-di-laurea\/\"><span style=\"color: #800080\"><span style=\"color: #0000ff\">Immatricolazione ai corsi di laurea<\/span><\/span><\/a><br \/>\n<\/em><\/strong><\/li>\n<li><span style=\"color: #0000ff\"><a style=\"color: #0000ff\" href=\"http:\/\/people.unica.it\/segreteriastudentiingegneria\/immatricolazioni-e-iscrizioni\/immatricolazione-ai-corsi-di-laurea-magistrale\/\"><em><strong>Immatricolazione ai corsi di laurea magistrale<\/strong><\/em><\/a><\/span><\/li>\n<li><span style=\"color: #0000ff\"><strong><em><a style=\"color: #0000ff\" href=\"http:\/\/people.unica.it\/segreteriastudentiingegneria\/?page_id=273\">Immatricolazione di studenti stranieri o in possesso di titolo di studio conseguito all&#8217;estero<\/a><\/em><\/strong><\/span><\/li>\n<li><span style=\"color: #0000ff\"><strong><em><a style=\"color: #0000ff\" href=\"http:\/\/people.unica.it\/segreteriastudentiingegneria\/?page_id=271\">Immatricolazione con riconoscimento crediti di studenti decaduti o rinunciatari<\/a><\/em><\/strong><\/span><\/li>\n<li><span style=\"color: #0000ff\"><a style=\"color: #0000ff\" href=\"https:\/\/people.unica.it\/segreteriastudentiingegneria\/immatricolazioni-e-iscrizioni\/immatricolazione-con-abbreviazione-di-corso\/\"><strong><em>Immatricolazione con abbreviazione di carriera<\/em><\/strong><\/a><\/span><\/li>\n<li><span style=\"color: #0000ff\"><a style=\"color: #0000ff\" href=\"https:\/\/people.unica.it\/segreteriastudentiingegneria\/immatricolazioni-e-iscrizioni\/iscrizioni-ad-anni-successivi-al-primo\/\"><em><strong>Iscrizione ad anni successivi al primo<\/strong><\/em><\/a><\/span><\/li>\n<li><span style=\"color: #0000ff\"><a style=\"color: #0000ff\" href=\"http:\/\/people.unica.it\/segreteriastudentiingegneria\/corsi-singoli\/\"><em><strong>Iscrizione ai corsi singoli<\/strong><\/em><\/a><\/span><\/li>\n<\/ul>\n<p>&nbsp;<\/p>\n","protected":false},"excerpt":{"rendered":"<p>IMMATRICOLAZIONI L&#8217;immatricolazione \u00e8 la \u00a0prima iscrizione ad un corso di studio universitario. Con l\u2019immatricolazione si acquisisce lo status di studente.\u00a0\u00a0Inizia cos\u00ec la carriera dello studente che si concluder\u00e0 con il conseguimento del titolo o per rinuncia volontaria o decadenza per inattivit\u00e0. Allo studente viene attribuito un numero di matricola che dovr\u00e0 essere riportato in tutte le richieste, viene fornito il libretto universitario dove dovranno essere riportati tutti gli atti di carriera, le credenziali per l&#8217;accesso ai servizi on line, un indirizzo di posta elettronica, e potr\u00e0 usufruire di tutti i servizi erogati dall&#8217;Ateneo. Le procedure per l&#8217;immatricolazione e le scadenze <a href='https:\/\/people.unica.it\/segreteriastudentiingegneria\/immatricolazioni-e-iscrizioni\/' class='excerpt-more'>[&#8230;]<\/a><\/p>\n","protected":false},"author":1,"featured_media":0,"parent":0,"menu_order":3,"comment_status":"closed","ping_status":"closed","template":"","meta":{"footnotes":""},"class_list":["post-188","page","type-page","status-publish","hentry","post-seq-1","post-parity-odd","meta-position-corners","fix"],"_links":{"self":[{"href":"https:\/\/people.unica.it\/segreteriastudentiingegneria\/wp-json\/wp\/v2\/pages\/188","targetHints":{"allow":["GET"]}}],"collection":[{"href":"https:\/\/people.unica.it\/segreteriastudentiingegneria\/wp-json\/wp\/v2\/pages"}],"about":[{"href":"https:\/\/people.unica.it\/segreteriastudentiingegneria\/wp-json\/wp\/v2\/types\/page"}],"author":[{"embeddable":true,"href":"https:\/\/people.unica.it\/segreteriastudentiingegneria\/wp-json\/wp\/v2\/users\/1"}],"replies":[{"embeddable":true,"href":"https:\/\/people.unica.it\/segreteriastudentiingegneria\/wp-json\/wp\/v2\/comments?post=188"}],"version-history":[{"count":80,"href":"https:\/\/people.unica.it\/segreteriastudentiingegneria\/wp-json\/wp\/v2\/pages\/188\/revisions"}],"predecessor-version":[{"id":3299,"href":"https:\/\/people.unica.it\/segreteriastudentiingegneria\/wp-json\/wp\/v2\/pages\/188\/revisions\/3299"}],"wp:attachment":[{"href":"https:\/\/people.unica.it\/segreteriastudentiingegneria\/wp-json\/wp\/v2\/media?parent=188"}],"curies":[{"name":"wp","href":"https:\/\/api.w.org\/{rel}","templated":true}]}}