{"id":740,"date":"2012-11-23T13:34:55","date_gmt":"2012-11-23T11:34:55","guid":{"rendered":"http:\/\/people.unica.it\/segreteriastudentiarchitettura\/?page_id=740"},"modified":"2025-08-29T10:32:45","modified_gmt":"2025-08-29T08:32:45","slug":"moduli-generici","status":"publish","type":"page","link":"https:\/\/people.unica.it\/segreteriastudentiarchitettura\/moduli-generici\/","title":{"rendered":"MODULISTICA"},"content":{"rendered":"<p><span style=\"text-decoration: underline\"><a href=\"http:\/\/people.unica.it\/segreteriastudentiarchitettura\/files\/2017\/10\/modulo_abbreviazione_carriera.pdf\"><span style=\"color: #800000;text-decoration: underline\">abbreviazione di carriera<\/span><\/a><\/span><\/p>\n<p><a href=\"http:\/\/old.unica.it\/UserFiles\/File\/Utenti\/gmelis\/Unica_Elenco_Insegnamenti_Corsi_Singoli_2017_2018.pdf\"><span style=\"text-decoration: underline;color: #800000\">allegato ai corsi singoli<\/span><\/a><\/p>\n<p><a style=\"color: #800000;text-decoration: underline\" href=\"http:\/\/people.unica.it\/segreteriastudentiarchitettura\/files\/2017\/12\/modulo-annullamento-autocertificazione.pdf\">annullamento autocertificazione<\/a><\/p>\n<p><span style=\"text-decoration: underline\"><span style=\"color: #800000;text-decoration: underline\"><a href=\"http:\/\/people.unica.it\/segreteriastudentiarchitettura\/files\/2012\/11\/modulo-autocertificazione1.pdf\"><span style=\"color: #800000;text-decoration: underline\">autocertificazione<\/span><\/a><\/span><\/span><\/p>\n<p><span style=\"text-decoration: underline\"><span style=\"color: #800000;text-decoration: underline\"><a href=\"http:\/\/people.unica.it\/segreteriastudentiarchitettura\/files\/2012\/10\/modulo-delega.pdf\"><span style=\"color: #800000;text-decoration: underline\">delega<\/span><\/a><\/span><\/span><\/p>\n<p><span style=\"text-decoration: underline\"><span style=\"color: #800000;text-decoration: underline\"><a style=\"color: #800000;text-decoration: underline\" href=\"http:\/\/people.unica.it\/segreteriastudentiarchitettura\/files\/2012\/11\/autocertificazione.pdf\">dichiarazione sostitutiva di atto notorio\/autocertificazione<\/a><\/span><\/span><\/p>\n<p><span style=\"text-decoration: underline\"><span style=\"color: #800000\"><a style=\"color: #800000;text-decoration: underline\" href=\"http:\/\/people.unica.it\/segreteriastudentiarchitettura\/files\/2018\/01\/Duplicato-libretto2017.pdf\">duplicato libretto<\/a><\/span><\/span><\/p>\n<p><a href=\"http:\/\/people.unica.it\/segreteriastudentiarchitettura\/files\/2012\/11\/modulo-equipollenza-titolo-straniero.pdf\"><span style=\"text-decoration: underline\"><span style=\"color: #800000;text-decoration: underline\">equipollenza titolo stran<\/span><\/span><span style=\"text-decoration: underline\"><span style=\"color: #800000;text-decoration: underline\">iero<\/span><\/span><\/a> e <strong><span style=\"text-decoration: underline\"><span style=\"color: #800000;text-decoration: underline\"><a href=\"http:\/\/people.unica.it\/segreteriastudentiarchitettura\/files\/2012\/11\/vademecum-equipollenza-titolo-straniero.pdf\"><span style=\"color: #800000;text-decoration: underline\">vademecum<\/span><\/a><\/span><\/span><\/strong><\/p>\n<p><span style=\"text-decoration: underline\"><span style=\"color: #800000\"><a style=\"color: #800000;text-decoration: underline\" href=\"http:\/\/people.unica.it\/segreteriastudentiarchitettura\/files\/2019\/02\/iscrizione-in-ritardo.pdf\">iscrizione in ritardo<\/a><\/span><\/span><\/p>\n<p><span style=\"color: #800000\"><a style=\"color: #800000\" href=\"https:\/\/people.unica.it\/segreteriastudentiarchitettura\/files\/2025\/03\/RICHIESTA-ISCRIZIONE-IN-RIT_ing_arc-lauree-aprile-2025.pdf\">lauree aprile e iscrizione in ritardo<\/a><\/span><\/p>\n<p><span style=\"text-decoration: underline\"><span style=\"color: #800000;text-decoration: underline\"><a href=\"http:\/\/people.unica.it\/segreteriastudentiarchitettura\/files\/2012\/11\/modulo-richiesta-certificato-con-nuovo-bollo-2.pdf\"><span style=\"color: #800000;text-decoration: underline\">richiesta certificato <\/span><\/a><\/span><\/span><\/p>\n<p><span style=\"color: #800000\"><a style=\"color: #800000\" href=\"https:\/\/people.unica.it\/segreteriastudentiarchitettura\/files\/2023\/10\/RICHIESTA-GENERICA.pdf\">richiesta generica<\/a><\/span><\/p>\n<p><span style=\"color: #800000\"><a style=\"color: #800000\" href=\"https:\/\/people.unica.it\/segreteriastudentiarchitettura\/files\/2025\/04\/Ricognizione_nuovo-2025.pdf\">Ricognizione<\/a><\/span><\/p>\n<p><a href=\"http:\/\/people.unica.it\/segreteriastudentiarchitettura\/files\/2012\/11\/modulo-per-la-scelta-delle-attivit\u00e0-didattiche.pdf\"><span style=\"text-decoration: underline\"><span style=\"color: #800000;text-decoration: underline\">scelta delle attivit\u00e0 didattiche<\/span><\/span><\/a><\/p>\n<p><span style=\"color: #800000\"><a style=\"color: #800000\" href=\"https:\/\/people.unica.it\/segreteriastudentiarchitettura\/files\/2025\/08\/trasferimento-25_26.pdf\">trasferimento ad altra universit\u00e0<\/a><\/span><\/p>\n<p>&nbsp;<\/p>\n<p><span style=\"text-decoration: underline\"><span style=\"color: #800000;text-decoration: underline\"><a href=\"http:\/\/facolta.unica.it\/ingegneriarchitettura\/servizi-studenti\/modulistica-studenti\/\"><span style=\"color: #800000;text-decoration: underline\">modulistica facolt\u00e0 di ingegneria e architettura<\/span><\/a><\/span><\/span><\/p>\n","protected":false},"excerpt":{"rendered":"<p>abbreviazione di carriera allegato ai corsi singoli annullamento autocertificazione autocertificazione delega dichiarazione sostitutiva di atto notorio\/autocertificazione duplicato libretto equipollenza titolo straniero e vademecum iscrizione in ritardo lauree aprile e iscrizione in ritardo richiesta certificato richiesta generica Ricognizione scelta delle attivit\u00e0 didattiche trasferimento ad altra universit\u00e0 &nbsp; modulistica facolt\u00e0 di ingegneria e architettura<\/p>\n","protected":false},"author":210,"featured_media":0,"parent":0,"menu_order":0,"comment_status":"closed","ping_status":"closed","template":"","meta":{"footnotes":""},"class_list":["post-740","page","type-page","status-publish","hentry","post-seq-1","post-parity-odd","meta-position-corners","fix"],"publishpress_future_action":{"enabled":false,"date":"2026-04-13 07:11:41","action":"Draft","newStatus":"draft","terms":[],"taxonomy":"","extraData":[]},"publishpress_future_workflow_manual_trigger":{"enabledWorkflows":[]},"_links":{"self":[{"href":"https:\/\/people.unica.it\/segreteriastudentiarchitettura\/wp-json\/wp\/v2\/pages\/740","targetHints":{"allow":["GET"]}}],"collection":[{"href":"https:\/\/people.unica.it\/segreteriastudentiarchitettura\/wp-json\/wp\/v2\/pages"}],"about":[{"href":"https:\/\/people.unica.it\/segreteriastudentiarchitettura\/wp-json\/wp\/v2\/types\/page"}],"author":[{"embeddable":true,"href":"https:\/\/people.unica.it\/segreteriastudentiarchitettura\/wp-json\/wp\/v2\/users\/210"}],"replies":[{"embeddable":true,"href":"https:\/\/people.unica.it\/segreteriastudentiarchitettura\/wp-json\/wp\/v2\/comments?post=740"}],"version-history":[{"count":117,"href":"https:\/\/people.unica.it\/segreteriastudentiarchitettura\/wp-json\/wp\/v2\/pages\/740\/revisions"}],"predecessor-version":[{"id":3299,"href":"https:\/\/people.unica.it\/segreteriastudentiarchitettura\/wp-json\/wp\/v2\/pages\/740\/revisions\/3299"}],"wp:attachment":[{"href":"https:\/\/people.unica.it\/segreteriastudentiarchitettura\/wp-json\/wp\/v2\/media?parent=740"}],"curies":[{"name":"wp","href":"https:\/\/api.w.org\/{rel}","templated":true}]}}