{"id":70,"date":"2009-10-14T23:19:22","date_gmt":"2009-10-14T21:19:22","guid":{"rendered":"http:\/\/people.unica.it\/segreteriastudentiarchitettura\/?page_id=70"},"modified":"2021-03-23T16:02:45","modified_gmt":"2021-03-23T14:02:45","slug":"personale-e-contatti","status":"publish","type":"page","link":"https:\/\/people.unica.it\/segreteriastudentiarchitettura\/personale-e-contatti\/","title":{"rendered":"Contatti e Personale"},"content":{"rendered":"<address>Ti consigliamo metterti in contatto con la Segreteria studenti prima di recarti allo sportello.<\/address>\n<address>\u00a0<\/address>\n<p style=\"padding-left: 30px\">Dal 13 marzo 2017, la Segreteria studenti della ex-Facolt\u00e0 di Architettura \u00e8 stata unificata alla Segreteria Studenti della ex-Facolt\u00e0 di Ingegneria e si trova in<\/p>\n<p style=\"padding-left: 30px\"><span style=\"text-decoration: underline\"><span style=\"font-size: medium\">Via Marengo, 2 &#8211; 09123 Cagliari<\/span><\/span><\/p>\n<p style=\"text-align: center\"><a href=\"http:\/\/people.unica.it\/segreteriastudentiarchitettura\/suggerimenti-per-contattare-efficacemente-la-segreteria-studenti\/\"><span style=\"text-decoration: underline\"><span style=\"color: #800000;text-decoration: underline\"><span style=\"color: #800000;text-decoration: underline\">N.B. leggi <span style=\"font-size: medium\"><em><strong>qui<\/strong><\/em><\/span> PRIMA DI SCRIVERE LA TUA E-MAIL<\/span><\/span><\/span><\/a><\/p>\n<p><span style=\"color: #0000ff\"><strong><a style=\"color: #0000ff\" href=\"https:\/\/people.unica.it\/segreteriastudentiingegneria\/contatti\/\">CONTATTI<\/a><\/strong><\/span><\/p>\n<h4 style=\"text-align: left\"><span style=\"font-size: small\"><strong><em>Segreteria studenti<\/em><\/strong><\/span><\/h4>\n<h4 style=\"text-align: center\">tel. 070 675 5333<\/h4>\n<p style=\"padding-left: 30px;text-align: center\">fax 070 291186<\/p>\n<h4 style=\"padding-left: 30px;text-align: center\">e-mail: <span style=\"text-decoration: underline\"><span style=\"color: #800000;text-decoration: underline\"><a href=\"mailto:segrstudarchitettura@unica.it\"><span style=\"color: #800000;text-decoration: underline\">segrstudarchitettura@unica.it<\/span><\/a><\/span><\/span><\/h4>\n<p style=\"padding-left: 30px;text-align: center\">GRUPPO FACEBOOK: <span style=\"text-decoration: underline\"><span style=\"color: #800000;text-decoration: underline\"><a style=\"color: #800000;text-decoration: underline\" href=\"https:\/\/www.facebook.com\/groups\/1499478783627377\/\">Info Segreteria Studenti Architettura Cagliari<\/a><\/span><\/span><\/p>\n<p>\u00a0PERSONALE<\/p>\n<p style=\"text-align: left;padding-left: 30px\"><strong><em>Marina Murru<\/em><\/strong> (Responsabile) *<\/p>\n<p style=\"text-align: left;padding-left: 30px\"><strong><em>Sonia Daffad\u00e0<\/em><\/strong><\/p>\n<address>\u00a0<\/address>\n<address>* Puoi chiedere di fissare un appuntamento con la Responsabile della Segreteria, per discutere particolari questioni riguardanti la tua carriera.<\/address>\n","protected":false},"excerpt":{"rendered":"<p>Ti consigliamo metterti in contatto con la Segreteria studenti prima di recarti allo sportello. \u00a0 Dal 13 marzo 2017, la Segreteria studenti della ex-Facolt\u00e0 di Architettura \u00e8 stata unificata alla Segreteria Studenti della ex-Facolt\u00e0 di Ingegneria e si trova in Via Marengo, 2 &#8211; 09123 Cagliari N.B. leggi qui PRIMA DI SCRIVERE LA TUA E-MAIL <a href='https:\/\/people.unica.it\/segreteriastudentiarchitettura\/personale-e-contatti\/' class='excerpt-more'>[&#8230;]<\/a><\/p>\n","protected":false},"author":208,"featured_media":0,"parent":0,"menu_order":1,"comment_status":"closed","ping_status":"closed","template":"","meta":{"footnotes":""},"class_list":["post-70","page","type-page","status-publish","hentry","category-1-id","post-seq-1","post-parity-odd","meta-position-corners","fix"],"publishpress_future_action":{"enabled":false,"date":"2026-04-13 22:45:50","action":"Draft","newStatus":"draft","terms":[],"taxonomy":"","extraData":[]},"publishpress_future_workflow_manual_trigger":{"enabledWorkflows":[]},"_links":{"self":[{"href":"https:\/\/people.unica.it\/segreteriastudentiarchitettura\/wp-json\/wp\/v2\/pages\/70","targetHints":{"allow":["GET"]}}],"collection":[{"href":"https:\/\/people.unica.it\/segreteriastudentiarchitettura\/wp-json\/wp\/v2\/pages"}],"about":[{"href":"https:\/\/people.unica.it\/segreteriastudentiarchitettura\/wp-json\/wp\/v2\/types\/page"}],"author":[{"embeddable":true,"href":"https:\/\/people.unica.it\/segreteriastudentiarchitettura\/wp-json\/wp\/v2\/users\/208"}],"replies":[{"embeddable":true,"href":"https:\/\/people.unica.it\/segreteriastudentiarchitettura\/wp-json\/wp\/v2\/comments?post=70"}],"version-history":[{"count":62,"href":"https:\/\/people.unica.it\/segreteriastudentiarchitettura\/wp-json\/wp\/v2\/pages\/70\/revisions"}],"predecessor-version":[{"id":2833,"href":"https:\/\/people.unica.it\/segreteriastudentiarchitettura\/wp-json\/wp\/v2\/pages\/70\/revisions\/2833"}],"wp:attachment":[{"href":"https:\/\/people.unica.it\/segreteriastudentiarchitettura\/wp-json\/wp\/v2\/media?parent=70"}],"curies":[{"name":"wp","href":"https:\/\/api.w.org\/{rel}","templated":true}]}}