{"id":582,"date":"2012-10-17T14:59:56","date_gmt":"2012-10-17T12:59:56","guid":{"rendered":"http:\/\/people.unica.it\/segreteriastudentiarchitettura\/?page_id=582"},"modified":"2020-08-11T17:47:27","modified_gmt":"2020-08-11T15:47:27","slug":"libretto-dello-studente","status":"publish","type":"page","link":"https:\/\/people.unica.it\/segreteriastudentiarchitettura\/libretto-dello-studente\/","title":{"rendered":"Libretto dello studente, Tessera unica studente e Libretto on-line"},"content":{"rendered":"<p>Il tuo <span style=\"font-size: medium\"><strong>libretto<\/strong><\/span> contiene i dati rilevanti della tua immatricolazione (Corso di Laurea, anno accademico, numero di matricola), la tua fotografia e i tuoi dati anagrafici. Dall&#8217;a.a. 2014\/15 ha il formato di una tessera (<strong>Tessera Unica Studente<\/strong>), e non prevede pi\u00f9 la sezione in cui i docenti registrano gli esami superati, in quanto \u00e8 stata introdotta la modalit\u00e0 on-line di prenotazione e registrazione degli esami stessi. Se hai ancora il libretto cartaceo, puoi continuare ad utilizzarlo, tenendo presente che la registrazione manuale degli esami \u00e8 facoltativa da parte del docente e non ha validit\u00e0 probatoria ma solo consultiva.<\/p>\n<p>All&#8217;interno dell&#8217;Ateneo puoi utilizzarlo come <em>documento di riconoscimento<\/em> nei casi in cui \u00e8 richiesto, ad esempio per sostenere un esame o quando ti presenti ad uno sportello pubblico come il nostro.<\/p>\n<p>Il Libretto ti verr\u00e0 consegnato da noi qualche settimana dopo la tua immatricolazione (se risulterai in regola con l&#8217;upload della fotografia<span style=\"color: #333333\">). In caso di <strong>smarrimento<\/strong>, potrai richiederci un duplicato al costo stabilito ogni anno dal <span style=\"text-decoration: underline\"><span style=\"color: #800000\"><a style=\"color: #800000;text-decoration: underline\" href=\"http:\/\/people.unica.it\/segreteriastudentiarchitettura\/files\/2020\/08\/2020-21-Regolamento_Contribuzione_Studentesca_20_21_Rep.pdf\">Regolamento della contribuzione studentesca<\/a><\/span><\/span> (attualmente pari a \u20ac 20,40 &#8211; art. 10).<br \/>\n<\/span><\/p>\n<p>Attraverso la tua pagina personale dei <a href=\"https:\/\/unica.esse3.cineca.it\/Start.do\"><span style=\"text-decoration: underline\"><span style=\"color: #800000\"><span style=\"color: #800000;text-decoration: underline\">servizi on-line agli studenti<\/span><\/span><\/span><\/a>, a cui puoi accedere attraverso le credenziali che ti abbiamo fornito all&#8217;atto dell&#8217;immatricolazione, puoi consultare il tuo <span style=\"font-size: medium\"><strong>libretto on-line<\/strong><\/span>, aggiornato in tempo reale con la nostra procedura informatica. Troverai registrati gli esami superati e &#8220;prenotabili&#8221; gli altri esami che compongono il tuo piano di studi. Dovrai utilizzarlo per iscriverti agli appelli di esame se il tuo Corso di studio ha gi\u00e0 attivata la procedura di prenotazione e registrazione on-line. Ti consigliamo vivamente di verificare sempre la correttezza dei dati contenuti nel libretto on-line e di segnalarci eventuali errori o discordanze!<\/p>\n","protected":false},"excerpt":{"rendered":"<p>Il tuo libretto contiene i dati rilevanti della tua immatricolazione (Corso di Laurea, anno accademico, numero di matricola), la tua fotografia e i tuoi dati anagrafici. Dall&#8217;a.a. 2014\/15 ha il formato di una tessera (Tessera Unica Studente), e non prevede pi\u00f9 la sezione in cui i docenti registrano gli esami superati, in quanto \u00e8 stata <a href='https:\/\/people.unica.it\/segreteriastudentiarchitettura\/libretto-dello-studente\/' class='excerpt-more'>[&#8230;]<\/a><\/p>\n","protected":false},"author":210,"featured_media":0,"parent":0,"menu_order":0,"comment_status":"closed","ping_status":"closed","template":"","meta":{"footnotes":""},"class_list":["post-582","page","type-page","status-publish","hentry","post-seq-1","post-parity-odd","meta-position-corners","fix"],"publishpress_future_action":{"enabled":false,"date":"2026-04-13 01:47:21","action":"Draft","newStatus":"draft","terms":[],"taxonomy":"","extraData":[]},"publishpress_future_workflow_manual_trigger":{"enabledWorkflows":[]},"_links":{"self":[{"href":"https:\/\/people.unica.it\/segreteriastudentiarchitettura\/wp-json\/wp\/v2\/pages\/582","targetHints":{"allow":["GET"]}}],"collection":[{"href":"https:\/\/people.unica.it\/segreteriastudentiarchitettura\/wp-json\/wp\/v2\/pages"}],"about":[{"href":"https:\/\/people.unica.it\/segreteriastudentiarchitettura\/wp-json\/wp\/v2\/types\/page"}],"author":[{"embeddable":true,"href":"https:\/\/people.unica.it\/segreteriastudentiarchitettura\/wp-json\/wp\/v2\/users\/210"}],"replies":[{"embeddable":true,"href":"https:\/\/people.unica.it\/segreteriastudentiarchitettura\/wp-json\/wp\/v2\/comments?post=582"}],"version-history":[{"count":29,"href":"https:\/\/people.unica.it\/segreteriastudentiarchitettura\/wp-json\/wp\/v2\/pages\/582\/revisions"}],"predecessor-version":[{"id":2755,"href":"https:\/\/people.unica.it\/segreteriastudentiarchitettura\/wp-json\/wp\/v2\/pages\/582\/revisions\/2755"}],"wp:attachment":[{"href":"https:\/\/people.unica.it\/segreteriastudentiarchitettura\/wp-json\/wp\/v2\/media?parent=582"}],"curies":[{"name":"wp","href":"https:\/\/api.w.org\/{rel}","templated":true}]}}