{"id":290,"date":"2012-09-12T13:01:10","date_gmt":"2012-09-12T11:01:10","guid":{"rendered":"http:\/\/people.unica.it\/segreteriastudentiarchitettura\/?page_id=290"},"modified":"2014-11-20T11:34:59","modified_gmt":"2014-11-20T09:34:59","slug":"consegna-pergamena-di-laurea","status":"publish","type":"page","link":"https:\/\/people.unica.it\/segreteriastudentiarchitettura\/consegna-pergamena-di-laurea\/","title":{"rendered":"Consegna pergamena di laurea"},"content":{"rendered":"<p>A partire dall&#8217;appello di novembre 2014, la pergamena ti verr\u00e0 consegnata contestualmente alla proclamazione della Laurea.<\/p>\n<p><span style=\"color: #333333\">Se invece ti sei laureato precedentemente e ancora non avessi provveduto a farlo, puoi procedere al<\/span><span style=\"color: #000000\"><span style=\"color: #333333\"> ritiro presentantoti ai nostri sportelli con una marca da bollo ordinaria di \u20ac 16,00 ed esibire un valido documento di\u00a0 identit\u00e0 personale. Nel caso intendessi delegare una terza persona, la stessa dovr\u00e0 essere munita del proprio documento di identit\u00e0 e di una fotocopia del tuo, oltre che di una delega scritta, datata e firmata da te (scarica il<\/span> <span style=\"text-decoration: underline;color: #800000\"><a href=\"http:\/\/people.unica.it\/segreteriastudentiarchitettura\/files\/2012\/10\/modulo-delega.pdf\"><span style=\"color: #800000;text-decoration: underline\">modulo delega<\/span><\/a><\/span><\/span><span style=\"color: #333333\">).<\/span><\/p>\n<p><span style=\"color: #333333\">Puoi approfittare dell&#8217;occasione per ritirare anche il tuo <em>Libretto<\/em> originale.<\/span><\/p>\n<p><span style=\"color: #333333\">Ti consigliamo di mantenere aggiornati anche dopo la laurea i recapiti sulla tua pagina personale del sito di Uni.ca, per permetterci di inviarti eventuali comunicazioni.<\/span><\/p>\n","protected":false},"excerpt":{"rendered":"<p>A partire dall&#8217;appello di novembre 2014, la pergamena ti verr\u00e0 consegnata contestualmente alla proclamazione della Laurea. Se invece ti sei laureato precedentemente e ancora non avessi provveduto a farlo, puoi procedere al ritiro presentantoti ai nostri sportelli con una marca da bollo ordinaria di \u20ac 16,00 ed esibire un valido documento di\u00a0 identit\u00e0 personale. Nel <a href='https:\/\/people.unica.it\/segreteriastudentiarchitettura\/consegna-pergamena-di-laurea\/' class='excerpt-more'>[&#8230;]<\/a><\/p>\n","protected":false},"author":210,"featured_media":0,"parent":0,"menu_order":0,"comment_status":"closed","ping_status":"closed","template":"","meta":{"footnotes":""},"class_list":["post-290","page","type-page","status-publish","hentry","post-seq-1","post-parity-odd","meta-position-corners","fix"],"publishpress_future_action":{"enabled":false,"date":"2026-04-13 06:07:47","action":"Draft","newStatus":"draft","terms":[],"taxonomy":"","extraData":[]},"publishpress_future_workflow_manual_trigger":{"enabledWorkflows":[]},"_links":{"self":[{"href":"https:\/\/people.unica.it\/segreteriastudentiarchitettura\/wp-json\/wp\/v2\/pages\/290","targetHints":{"allow":["GET"]}}],"collection":[{"href":"https:\/\/people.unica.it\/segreteriastudentiarchitettura\/wp-json\/wp\/v2\/pages"}],"about":[{"href":"https:\/\/people.unica.it\/segreteriastudentiarchitettura\/wp-json\/wp\/v2\/types\/page"}],"author":[{"embeddable":true,"href":"https:\/\/people.unica.it\/segreteriastudentiarchitettura\/wp-json\/wp\/v2\/users\/210"}],"replies":[{"embeddable":true,"href":"https:\/\/people.unica.it\/segreteriastudentiarchitettura\/wp-json\/wp\/v2\/comments?post=290"}],"version-history":[{"count":18,"href":"https:\/\/people.unica.it\/segreteriastudentiarchitettura\/wp-json\/wp\/v2\/pages\/290\/revisions"}],"predecessor-version":[{"id":1591,"href":"https:\/\/people.unica.it\/segreteriastudentiarchitettura\/wp-json\/wp\/v2\/pages\/290\/revisions\/1591"}],"wp:attachment":[{"href":"https:\/\/people.unica.it\/segreteriastudentiarchitettura\/wp-json\/wp\/v2\/media?parent=290"}],"curies":[{"name":"wp","href":"https:\/\/api.w.org\/{rel}","templated":true}]}}