{"id":19,"date":"2009-05-08T12:10:57","date_gmt":"2009-05-08T10:10:57","guid":{"rendered":"http:\/\/people.unica.it\/segreteriastudentiarchitettura\/?page_id=19"},"modified":"2019-01-21T11:25:15","modified_gmt":"2019-01-21T09:25:15","slug":"corsi","status":"publish","type":"page","link":"https:\/\/people.unica.it\/segreteriastudentiarchitettura\/corsi\/","title":{"rendered":"Corsi di studio"},"content":{"rendered":"<p>Presso la ex-Facolt\u00e0 di Architettura, a partire dall&#8217;Anno Accademico 2008\/09, sono stati attivati e sono tuttora attivi i seguenti Corsi di studio secondo l&#8217;attuale Ordinamento universitario DM. 270\/04:<\/p>\n<p>il Corso di Laurea (triennale) in<br \/>\n<a href=\"http:\/\/facolta.unica.it\/ingegneriarchitettura\/didattica-2\/corsi\/corso-di-laurea-in-scienza-dellarchitettura\/\"><span style=\"text-decoration: underline;color: #800000\"><span style=\"font-size: medium\"><span style=\"color: #800000;text-decoration: underline\"><strong>Scienze dell&#8217;Architettura<\/strong><\/span><\/span><\/span><\/a> (L 17) &#8211; <a href=\"http:\/\/corsi.unica.it\/scienzedellarchitettura\/\"><span style=\"text-decoration: underline\"><span style=\"color: #800000;text-decoration: underline\">sito web<\/span><\/span><\/a> &#8211;<br \/>\na numero programmato a livello nazionale;<\/p>\n<p>il Corso di Laurea Magistrale (biennale) in<br \/>\n<a href=\"http:\/\/facolta.unica.it\/ingegneriarchitettura\/didattica-2\/corsi-di-laurea-magistrale\/corso-di-laurea-magistrale-in-architettura\/\"><span style=\"text-decoration: underline;color: #800000\"><span style=\"font-size: medium;color: #800000;text-decoration: underline\"><strong>Architettura<\/strong><\/span><\/span><\/a> (LM 4) &#8211; <a href=\"http:\/\/corsi.unica.it\/architettura\/\"><span style=\"text-decoration: underline\"><span style=\"color: #800000;text-decoration: underline\">sito web<\/span><\/span><\/a> &#8211;<br \/>\na numero programmato e conforme alle direttive 85\/384\/CEE, 85\/14\/CEE, 86\/17\/CEE e relative raccomandazioni<\/p>\n<p>Il Corso di Laurea Magistrale (biennale) in<a href=\"http:\/\/facolta.unica.it\/ingegneriarchitettura\/didattica-2\/corsi-disattivati\/corso-di-laurea-magistrale-in-conservazione-dei-beni-architettonici-e-ambientali\/\"> <span style=\"text-decoration: underline;color: #800000\"><span style=\"color: #800000\"><strong>Conservazione dei Beni Architettonici ed Ambientali<\/strong><\/span><\/span> <\/a>(LM 10), anch&#8217;esso a numero programmato, \u00e8 stato invece attivato fino all&#8217; a.a. 2011\/12 (Corso <em><strong>ad esaurimento<\/strong><\/em>).<\/p>\n<p>Dall&#8217;anno dell&#8217;istituzione della\u00a0Facolt\u00e0 di Architettura dell&#8217;Universit\u00e0 di Cagliari (a.a. 2005\/06) e fino alla permanenza in vigore del precedente Ordinamento universitario DM 509\/99 (a.a. 2007\/08), risultavano attivi tre Corsi di Studio, ora\u00a0<em><strong>ad esaurimento<\/strong><\/em> (l&#8217;accesso non \u00e8 pi\u00f9 consentito). Gli studenti iscritti hanno la possibilit\u00e0 di proseguire gli studi e laurearsi entro un periodo pari alla durata normale del corso a partire dall&#8217;Anno accademico di disattivazione, secondo quanto previsto dal Regolamento Didattico di Ateneo.<\/p>\n<p>I corsi sono:<\/p>\n<p style=\"padding-left: 30px\">il Corso di Laurea specialistica a ciclo unico (quinquennale) in<br \/>\n<a href=\"http:\/\/facolta.unica.it\/ingegneriarchitettura\/didattica-2\/corsi-disattivati\/corso-di-laurea-specialistica-quinquennale-in-architettura-delle-costruzioni\/\"><span style=\"text-decoration: underline;color: #800000\"><span style=\"color: #800000\"><strong>Architettura delle Costruzioni<\/strong><\/span><\/span><\/a> (Classe 4\/s)<br \/>\nconforme alle direttive 85\/384\/CEE, 85\/14\/CEE, 86\/17\/CEE e relative raccomandazioni<\/p>\n<p style=\"padding-left: 30px\">il Corso di Laurea (triennale) in<br \/>\n<a href=\"http:\/\/facolta.unica.it\/ingegneriarchitettura\/didattica-2\/corsi-disattivati\/corso-di-laurea-triennale-in-edilizia\/\"><span style=\"text-decoration: underline;color: #800000\"><span style=\"color: #800000\"><strong>Edilizia<\/strong><\/span><\/span><\/a> (Classe 4)<\/p>\n<p style=\"padding-left: 30px\">il Corso di Laurea (triennale) in<br \/>\n<a href=\"http:\/\/facolta.unica.it\/ingegneriarchitettura\/didattica-2\/corsi-disattivati\/corso-di-laurea-triennale-in-tecnologie-per-la-conservazione-e-il-restauro-dei-beni-culturali\/\"><span style=\"text-decoration: underline;color: #800000\"><strong>Tecnologie per la Conservazione ed il Restauro dei Beni Culturali<\/strong><\/span><\/a> (Classe 41)<\/p>\n<p>Se sei interessato ad approfondire gli aspetti riguardanti la <strong>didattica<\/strong>, ti consigliamo di consultare il\u00a0<a href=\"http:\/\/facolta.unica.it\/ingegneriarchitettura\/didattica-2\/manifesto-annuale-della-facolta\/\"><span style=\"text-decoration: underline\"><span style=\"color: #800000;text-decoration: underline\"><span style=\"color: #800000;text-decoration: underline\">manifesto annuale della Facolt\u00e0<\/span><\/span><\/span><\/a>, di esplorare il <a href=\"http:\/\/facolta.unica.it\/ingegneriarchitettura\/\"><span style=\"text-decoration: underline\"><span style=\"color: #800000;text-decoration: underline\"><span style=\"color: #800000;text-decoration: underline\">sito internet<\/span><\/span><\/span><\/a><span style=\"color: #800000\"><span style=\"color: #800000\"><span style=\"color: #000000\"> della Facolt\u00e0 di Ingegneria e Architettura<\/span><\/span><\/span>, ed eventualmente di contattare i servizi di <span style=\"text-decoration: underline\"><span style=\"color: #800000\"><a href=\"http:\/\/facolta.unica.it\/ingegneriarchitettura\/servizi-studenti\/orientamento\/\"><span style=\"color: #800000;text-decoration: underline\">orientamento<\/span><\/a><\/span><\/span>.<\/p>\n<p style=\"padding-left: 30px\"><strong>\u00a0<\/strong><\/p>\n","protected":false},"excerpt":{"rendered":"<p>Presso la ex-Facolt\u00e0 di Architettura, a partire dall&#8217;Anno Accademico 2008\/09, sono stati attivati e sono tuttora attivi i seguenti Corsi di studio secondo l&#8217;attuale Ordinamento universitario DM. 270\/04: il Corso di Laurea (triennale) in Scienze dell&#8217;Architettura (L 17) &#8211; sito web &#8211; a numero programmato a livello nazionale; il Corso di Laurea Magistrale (biennale) in <a href='https:\/\/people.unica.it\/segreteriastudentiarchitettura\/corsi\/' class='excerpt-more'>[&#8230;]<\/a><\/p>\n","protected":false},"author":208,"featured_media":0,"parent":0,"menu_order":2,"comment_status":"closed","ping_status":"closed","template":"","meta":{"footnotes":""},"class_list":["post-19","page","type-page","status-publish","hentry","category-1-id","post-seq-1","post-parity-odd","meta-position-corners","fix"],"publishpress_future_action":{"enabled":false,"date":"2026-04-13 10:01:24","action":"Draft","newStatus":"draft","terms":[],"taxonomy":"","extraData":[]},"publishpress_future_workflow_manual_trigger":{"enabledWorkflows":[]},"_links":{"self":[{"href":"https:\/\/people.unica.it\/segreteriastudentiarchitettura\/wp-json\/wp\/v2\/pages\/19","targetHints":{"allow":["GET"]}}],"collection":[{"href":"https:\/\/people.unica.it\/segreteriastudentiarchitettura\/wp-json\/wp\/v2\/pages"}],"about":[{"href":"https:\/\/people.unica.it\/segreteriastudentiarchitettura\/wp-json\/wp\/v2\/types\/page"}],"author":[{"embeddable":true,"href":"https:\/\/people.unica.it\/segreteriastudentiarchitettura\/wp-json\/wp\/v2\/users\/208"}],"replies":[{"embeddable":true,"href":"https:\/\/people.unica.it\/segreteriastudentiarchitettura\/wp-json\/wp\/v2\/comments?post=19"}],"version-history":[{"count":78,"href":"https:\/\/people.unica.it\/segreteriastudentiarchitettura\/wp-json\/wp\/v2\/pages\/19\/revisions"}],"predecessor-version":[{"id":2517,"href":"https:\/\/people.unica.it\/segreteriastudentiarchitettura\/wp-json\/wp\/v2\/pages\/19\/revisions\/2517"}],"wp:attachment":[{"href":"https:\/\/people.unica.it\/segreteriastudentiarchitettura\/wp-json\/wp\/v2\/media?parent=19"}],"curies":[{"name":"wp","href":"https:\/\/api.w.org\/{rel}","templated":true}]}}