{"id":434,"date":"2014-04-03T14:09:48","date_gmt":"2014-04-03T13:09:48","guid":{"rendered":"http:\/\/people.unica.it\/scuoladisat\/?page_id=434"},"modified":"2014-04-03T14:09:48","modified_gmt":"2014-04-03T13:09:48","slug":"presentazione-dottorato-xxix-ciclo","status":"publish","type":"page","link":"https:\/\/people.unica.it\/scuoladisat\/presentazione-dottorato-xxix-ciclo\/","title":{"rendered":"Presentazione Dottorato XXIX Ciclo"},"content":{"rendered":"<p>Il Dottorato in Scienze e tecnologie della Terra e dell\u2019ambiente, attivato con il XXIX Ciclo, costituisce la naturale evoluzione della Scuola di Dottorato in Ingegneria e scienze dell\u2019ambiente e del territorio, a cui fanno riferimento quattro dottorati dei cicli precedenti: Botanica ambientale e applicata, Difesa e conservazione del suolo, protezione idrogeologica e vulnerabilit\u00e0 ambientale, Geoingegneria e tecnologie ambientali, Scienze della Terra.<\/p>\n<p>La Scuola ha sempre rappresentato un fertile terreno di confronto, collaborazione e interazione tra i vari Dottorati, testimoniato non solo dalla concertazione dell\u2019attivit\u00e0 formativa, ma anche da diversi progetti di ricerca in comune e dottorandi in co-tutela. Ci\u00f2 \u00e8 il risultato di una profonda intersezione culturale che trova la sua espressione nelle dinamiche dei fenomeni che coinvolgono la geosfera, la pedosfera, l\u2019idrosfera, e le loro interazioni con la biosfera. Pertanto, nel momento in cui i Dottorati si sono dovuti confrontare con gli adeguamenti conseguenti al DM 45\/2013, la scelta di proporre la trasformazione dell\u2019attuale Scuola in Dottorato \u00e8 apparsa la soluzione pi\u00f9 idonea a preservare e sviluppare l\u2019identit\u00e0 e il patrimonio culturale dei quattro Dottorati.<\/p>\n<p>Il nucleo centrale del Dottorato \u00e8 la conoscenza e la gestione dell\u2019ambiente fisico, delle georisorse, del suolo e del sottosuolo, e degli ecosistemi vegetali. Le tematiche di ricerca comprendono dunque tutti gli aspetti della conoscenza geologica del territorio, dalla geologia regionale alla costituzione e propriet\u00e0 dei minerali e delle rocce, dalle dinamiche geomorfologiche all\u2019idrogeologia, dalla distribuzione degli elementi alle georisorse; le propriet\u00e0 del suolo e i processi di pedogenesi; l\u2019interazione con la biosfera, segnatamente con gli ecosistemi vegetali e le loro dinamiche; le implicazioni che ne derivano per la protezione dell\u2019ambiente; le tecnologie che consentono un razionale utilizzo delle georisorse e interventi di prevenzione e bonifica a tutela dell\u2019ambiente.<\/p>\n<p>La conoscenza del territorio e la tutela e promozione dell\u2019ambiente sono argomenti considerati prioritari a livello internazionale, in particolare dall\u2019Unione Europea, e con specifico riferimento all\u2019area del Mediterraneo. Per la Sardegna, la valorizzazione dell\u2019ambiente \u00e8 un aspetto strategico per l\u2019economia regionale e per lo sviluppo di un turismo sostenibile. Peraltro, il territorio regionale presenta notevoli situazioni di criticit\u00e0 ambientale, determinate dalla sua particolare conformazione geomorfologica, dalle attivit\u00e0 socio-economiche svolte nell\u2019isola, e dalla peculiarit\u00e0 del clima. Gli effetti di tali criticit\u00e0 (erosione costiera, dissesto idrogeologico, desertificazione, inquinamento, salinizzazione delle piane costiere, eutrofizzazione dei bacini, perdita di biodiversit\u00e0) determinano pesanti condizioni di squilibrio ambientale e, conseguentemente, socio-economico. Tutti questi aspetti mettono in risalto una forte esigenza di protezione del territorio e di un suo corretto uso nell\u2019inserimento e nella progettazione delle opere d\u2019ingegneria e nello sfruttamento razionale delle risorse. Il Dottorato pertanto trova un forte radicamento nel territorio, pur perseguendo anche tematiche di ricerca di interesse generale e di base.<\/p>\n","protected":false},"excerpt":{"rendered":"<p>Il Dottorato in Scienze e tecnologie della Terra e dell\u2019ambiente, attivato con il XXIX Ciclo, costituisce la naturale evoluzione della Scuola di Dottorato in Ingegneria e scienze dell\u2019ambiente e del territorio, a cui fanno riferimento quattro dottorati dei cicli precedenti: Botanica ambientale e applicata, Difesa e conservazione del suolo, protezione idrogeologica e vulnerabilit\u00e0 ambientale, Geoingegneria e tecnologie ambientali, Scienze della Terra. La Scuola ha sempre rappresentato un fertile terreno di confronto, collaborazione e interazione tra i vari Dottorati, testimoniato non solo dalla concertazione dell\u2019attivit\u00e0 formativa, ma anche da diversi progetti di ricerca in comune e dottorandi in co-tutela. Ci\u00f2 \u00e8 <a href='https:\/\/people.unica.it\/scuoladisat\/presentazione-dottorato-xxix-ciclo\/' class='excerpt-more'>[&#8230;]<\/a><\/p>\n","protected":false},"author":125,"featured_media":0,"parent":0,"menu_order":0,"comment_status":"closed","ping_status":"closed","template":"","meta":{"footnotes":""},"class_list":["post-434","page","type-page","status-publish","hentry","post-seq-1","post-parity-odd","meta-position-corners","fix"],"_links":{"self":[{"href":"https:\/\/people.unica.it\/scuoladisat\/wp-json\/wp\/v2\/pages\/434","targetHints":{"allow":["GET"]}}],"collection":[{"href":"https:\/\/people.unica.it\/scuoladisat\/wp-json\/wp\/v2\/pages"}],"about":[{"href":"https:\/\/people.unica.it\/scuoladisat\/wp-json\/wp\/v2\/types\/page"}],"author":[{"embeddable":true,"href":"https:\/\/people.unica.it\/scuoladisat\/wp-json\/wp\/v2\/users\/125"}],"replies":[{"embeddable":true,"href":"https:\/\/people.unica.it\/scuoladisat\/wp-json\/wp\/v2\/comments?post=434"}],"version-history":[{"count":1,"href":"https:\/\/people.unica.it\/scuoladisat\/wp-json\/wp\/v2\/pages\/434\/revisions"}],"predecessor-version":[{"id":435,"href":"https:\/\/people.unica.it\/scuoladisat\/wp-json\/wp\/v2\/pages\/434\/revisions\/435"}],"wp:attachment":[{"href":"https:\/\/people.unica.it\/scuoladisat\/wp-json\/wp\/v2\/media?parent=434"}],"curies":[{"name":"wp","href":"https:\/\/api.w.org\/{rel}","templated":true}]}}