{"id":363,"date":"2013-03-04T14:07:21","date_gmt":"2013-03-04T13:07:21","guid":{"rendered":"http:\/\/people.unica.it\/scuoladisat\/?page_id=363"},"modified":"2013-03-09T09:01:01","modified_gmt":"2013-03-09T08:01:01","slug":"offerta-formativa-2013","status":"publish","type":"page","link":"https:\/\/people.unica.it\/scuoladisat\/offerta-formativa-2013\/","title":{"rendered":"Offerta formativa 2013"},"content":{"rendered":"<p><b>Scuola di Dottorato in Ingegneria e scienze dell\u2019ambiente e del territorio<\/b><\/p>\n<p><i>Offerta formativa 2013<\/i><\/p>\n<p>Legenda: C, corso di didattica frontale; E; escursione\/attivit\u00e0 di campagna; L, laboratorio; S, seminario; SC, scuola; SH, short course<\/p>\n<p><b>Dottorato in Botanica<\/b><\/p>\n<table width=\"510\" border=\"1\" cellspacing=\"0\" cellpadding=\"0\">\n<tbody>\n<tr>\n<td valign=\"top\" width=\"241\"><b>Titolo<\/b><\/td>\n<td valign=\"top\" width=\"57\"><b>Attivit\u00e0<\/b><\/td>\n<td valign=\"top\" width=\"50\"><b>Crediti<\/b><\/td>\n<td valign=\"top\" width=\"64\"><b>Data e ora<\/b><\/td>\n<td valign=\"top\" width=\"99\"><b>Docenti<\/b><\/td>\n<\/tr>\n<tr>\n<td width=\"241\">Plant phylogeography and conservation biogeography in the Mediterranean region<\/td>\n<td valign=\"top\" width=\"57\">S<\/td>\n<td valign=\"top\" width=\"50\">1<\/td>\n<td width=\"64\">14-15-16-20-21 maggioh.<\/td>\n<td width=\"99\">Prof. Fr\u00e9d\u00e9ric Medail<\/td>\n<\/tr>\n<tr>\n<td width=\"241\">Morpho-anatomical Revolution in Carboniferous and Permian Plants: modificazioni anatomico-strutturali delle flore Paleofitiche come difesa e adattamento funzionale ai forti cambiamenti climaticiTecniche di studio tassonomico delle flore fossili Paleozoiche<\/td>\n<td valign=\"top\" width=\"57\">S+L<\/td>\n<td valign=\"top\" width=\"50\">2<\/td>\n<td width=\"64\">da definire<\/td>\n<td width=\"99\">Prof. Christopher Cleal<\/td>\n<\/tr>\n<tr>\n<td width=\"241\">Tecniche escursionistiche di baseEscursioni a Piscina Irgas e Muru Mannu, Monte Linas, Cengia del Tonneri di Mont\u2019Arbu e Perd\u2019e Liana<\/td>\n<td valign=\"top\" width=\"57\">S+E<\/td>\n<td valign=\"top\" width=\"50\">4<\/td>\n<td width=\"64\">15 -16 maggio18 maggio<\/p>\n<p>19 giugno<\/p>\n<p>&nbsp;<\/td>\n<td width=\"99\">Dott. Mario Pappacoda<\/td>\n<\/tr>\n<tr>\n<td width=\"241\">La conservazione e gestione del Monte Linas:dalla teoria alla pratica<\/td>\n<td valign=\"top\" width=\"57\">W+E<\/td>\n<td valign=\"top\" width=\"50\">1<\/td>\n<td width=\"64\">17-18 maggio<\/td>\n<td width=\"99\">Prof. Gianluigi BacchettaPhD. Donatella Cogoni<\/p>\n<p>PhD. Giuseppe Fenu<\/p>\n<p>PhD. Valerio Lazzeri<\/p>\n<p>PhD. Efisio Mattana<\/p>\n<p>PhD. Cristiano Pontecorvo<\/td>\n<\/tr>\n<tr>\n<td width=\"241\">Disegno sperimentale e tecniche di campionamento in botanica<\/td>\n<td valign=\"top\" width=\"57\">C<\/td>\n<td width=\"50\">2<\/td>\n<td width=\"64\">3-7 giugno&nbsp;<\/td>\n<td width=\"99\">PhD. Eva Ca\u00f1adas<\/td>\n<\/tr>\n<tr>\n<td width=\"241\">La conservazione e gestione della diversit\u00e0 vegetale in aree hot-spotLa conservazione e gestione della diversit\u00e0 vegetale in Sardegna<\/td>\n<td valign=\"top\" width=\"57\">Sc+W<\/td>\n<td width=\"50\">4<\/td>\n<td width=\"64\">18-22 giugnoMontarbu di Seui<\/td>\n<td width=\"99\">Prof. Gianluigi BacchettaPhD. Emmanuele Farris<\/p>\n<p>PhD. Giuseppe Fenu<\/p>\n<p>PhD. Efisio Mattana<\/td>\n<\/tr>\n<tr>\n<td width=\"241\">Restoration Ecology<\/td>\n<td valign=\"top\" width=\"57\">C<\/td>\n<td width=\"50\">3<\/td>\n<td width=\"64\">1-5 luglio&nbsp;<\/td>\n<td width=\"99\">PhD. Eva Ca\u00f1adas<\/td>\n<\/tr>\n<tr>\n<td width=\"241\">Thermal time e hydrothermal time approaches per lo studio della dormienza e della germinazione<\/td>\n<td valign=\"top\" width=\"57\">C<\/td>\n<td width=\"50\">1<\/td>\n<td width=\"64\">23-24 settembre&nbsp;<\/td>\n<td width=\"99\">PhD. Efisio Mattana<\/td>\n<\/tr>\n<tr>\n<td width=\"241\">Il protocollo IUCN e lo stato dell\u2019arte in Sardegna<\/td>\n<td valign=\"top\" width=\"57\">C<\/td>\n<td width=\"50\">3<\/td>\n<td width=\"64\">7-11 ottobre&nbsp;<\/td>\n<td width=\"99\">PhD. Giuseppe FenuPhD. Donatella Cogoni<\/td>\n<\/tr>\n<\/tbody>\n<\/table>\n<p>N.B. Tutti i seminari e i corsi si realizzeranno presso l\u2019Aula A della Sezione Botanica (V.le Sant\u2019Ignazio da Laconi, 13), ad eccezione dei seminari che terr\u00e0 il Prof. Cleal, previsti nelle aule e laboratori dell\u2019ex Dipartimento di Scienze della Terra (Via Trentino, 51).<\/p>\n<p>&nbsp;<\/p>\n<p><b>\u00a0<\/b><\/p>\n<p><b>\u00a0<\/b><\/p>\n<p><b>\u00a0<\/b><\/p>\n<p><b>\u00a0<\/b><\/p>\n<p><b>Dottorato in Difesa del suolo, vulnerabilita\u2019 ambientale e protezione idrogeologica<\/b><\/p>\n<p>&nbsp;<\/p>\n<div align=\"center\">\n<table width=\"510\" border=\"1\" cellspacing=\"0\" cellpadding=\"0\">\n<tbody>\n<tr>\n<td valign=\"top\" width=\"262\"><b>Titolo<\/b><\/td>\n<td valign=\"top\" width=\"57\"><b>Attivit\u00e0<\/b><\/td>\n<td valign=\"top\" width=\"36\"><b>Crediti<\/b><\/td>\n<td valign=\"top\" width=\"64\"><b>Data e ora<\/b><\/td>\n<td valign=\"top\" width=\"92\"><b>Docenti<\/b><\/td>\n<\/tr>\n<tr>\n<td width=\"262\">Geostatistica<\/td>\n<td width=\"57\">C<\/td>\n<td width=\"36\">6<\/td>\n<td width=\"64\">dal 21 febma-gio-ve 9-12<\/td>\n<td width=\"92\">Prof. Antonio Mazzella (UNICA)<\/td>\n<\/tr>\n<tr>\n<td width=\"262\">Sedimenti degli ambienti marini costieri<b>\u00a0<\/b><\/td>\n<td width=\"57\">S<\/td>\n<td width=\"36\">1<\/td>\n<td width=\"64\">10 aprile12 aprile<\/p>\n<p>9-11<\/td>\n<td width=\"92\">Prof. Concetta Ferrara(UNICA)<\/td>\n<\/tr>\n<tr>\n<td width=\"262\">Rischi di frana associati a grandi dighe:l\u2019esempio dei Pirenei<\/td>\n<td width=\"57\">S<\/td>\n<td width=\"36\">1<\/td>\n<td width=\"64\">19 aprileOrario da stabilire<\/td>\n<td width=\"92\">Prof. Antonio CasasUniversit\u00e0 di Saragozza<\/td>\n<\/tr>\n<tr>\n<td width=\"262\">Uso di tecniche non invasive per il controllo del rischio ambientale<b>\u00a0<\/b><\/td>\n<td width=\"57\">S<\/td>\n<td width=\"36\">1<\/td>\n<td width=\"64\">Prima settimana di maggio&nbsp;<\/td>\n<td width=\"92\">Dott. A. Pesci e Dott G. Casula(INGV \u2013 Sezione di Bologna)<\/td>\n<\/tr>\n<tr>\n<td width=\"262\">Processi di instabilit\u00e0 dei versanti<\/td>\n<td width=\"57\">S+E<\/td>\n<td width=\"36\">1<\/td>\n<td width=\"64\">Data da stabilire<\/td>\n<td width=\"92\">Prof. Giulio Barbieri(UNICA)<\/td>\n<\/tr>\n<tr>\n<td width=\"262\"><b>\u00a0<\/b>Uso di tecniche acustiche per la diagnostica dei<\/p>\n<p>materiali costruttivi di strutture monumentali<\/td>\n<td width=\"57\">S+L<\/td>\n<td width=\"36\">\u00a0 1<\/td>\n<td width=\"64\">28 maggio29 maggio<\/p>\n<p>9 -11<\/td>\n<td width=\"92\">PhD. Francesco Cuccuru (DICAAR-UNICA)<\/td>\n<\/tr>\n<tr>\n<td width=\"262\">Impiego della termografia in problemi geologico-tecnici<\/td>\n<td width=\"57\">S+L<\/td>\n<td width=\"36\">1<\/td>\n<td width=\"64\">Data da stabilire<\/td>\n<td width=\"92\">PhD. Paolo Frongia(UNICA)<\/td>\n<\/tr>\n<tr>\n<td colspan=\"5\" width=\"510\"><b>E\u2019 consigliata inoltre la fruizione dei seguenti corsi proposti dal Dottorato in Scienze della Terra: <\/b><i>Analisi mineralogiche\u00a0 e geochimiche; Geologia della Sardegna; Depositi costieri del Quaternario e attuali<\/i>Si prevedono ulteriori seminari che saranno tenuti da visiting professor e\/o ricercatori di altre sedi italiane\/europee in visita presso la nostra Universit\u00e0. Tali attivit\u00e0 verranno comunicate man mano che se ne presenter\u00e0 l\u2019occasione.<\/p>\n<p>Le aule ed i \u00a0laboratori\u00a0 in cui si terranno le attivit\u00e0 didattiche verranno comunicati con qualche giorno d\u2019anticipo rispetto alle date indicate in tabella<\/td>\n<\/tr>\n<\/tbody>\n<\/table>\n<\/div>\n<p><b>\u00a0<\/b><\/p>\n<p><b><br \/>\n<\/b><\/p>\n<p><b>\u00a0<\/b><\/p>\n<p><b>Dottorato in Geoingegneria e tecnologie ambientali<\/b><\/p>\n<p><b>\u00a0<\/b><\/p>\n<table width=\"523\" border=\"1\" cellspacing=\"0\" cellpadding=\"0\">\n<tbody>\n<tr>\n<td valign=\"top\" width=\"98\"><b>Titolo<\/b><\/td>\n<td valign=\"top\" width=\"57\"><b>Attivit\u00e0<\/b><\/td>\n<td valign=\"top\" width=\"46\"><b>Crediti<\/b><\/td>\n<td valign=\"top\" width=\"142\"><b>Data<\/b><\/td>\n<td valign=\"top\" width=\"132\"><b>Docenti<\/b><\/td>\n<\/tr>\n<tr>\n<td valign=\"top\" width=\"98\">GIS: Geographic Information Science, principi, metodi e applicazioni<\/td>\n<td valign=\"top\" width=\"57\">Corso<\/td>\n<td valign=\"top\" width=\"46\">3<\/td>\n<td valign=\"top\" width=\"142\">Aprile 2013, date da definire<\/td>\n<td valign=\"top\" width=\"132\">Dott. Michele Campagna, Dipartimento DICAAR, Universit\u00e0 di Cagliari<\/td>\n<\/tr>\n<tr>\n<td valign=\"top\" width=\"98\">Short Course on Fundamental andAdvanced Topics in Hydrogeology and Hydrological Simulation<\/td>\n<td valign=\"top\" width=\"57\">Corso<\/td>\n<td valign=\"top\" width=\"46\">4<\/td>\n<td valign=\"top\" width=\"142\">13-17 maggio 2013<b>deadlin<\/b><b>e iscrizioni 12 aprile 2013<\/b><\/td>\n<td valign=\"top\" width=\"132\">Prof. Claudio Paniconi, INRS-ETE, University of Quebec, Quebec City, Canada<\/td>\n<\/tr>\n<\/tbody>\n<\/table>\n<p><b>\u00a0<\/b><\/p>\n<p><b>E\u2019 consigliata inoltre la frequenza dei corsi:<\/b><\/p>\n<p>dal Dottorato in Scienze della Terra:<\/p>\n<p>&nbsp;<\/p>\n<p>Analisi mineralogiche e geochimiche<\/p>\n<p>Valutazione ambientale sulla base di micro?bioindicatori in aree marine e lagunari. Risposta dei foraminiferi bentonici ad impatti antropogenici inquinanti \u2013 Il ruolo di microorganismi perforanti in risposta a fenomeni di stress ambientali. Processi di bioerosione \u2013 Apporto dei macroforaminiferi nell\u2019elaborazione di mappe paleogeografiche: esempi nel Cretacico della Tetide.<\/p>\n<p>&nbsp;<\/p>\n<p>dal Dottorato in Botanica:<\/p>\n<p>&nbsp;<\/p>\n<p>La conservazione e gestione del Monte Linas: dalla teoria alla pratica<\/p>\n<p>Restoration Ecology<\/p>\n<p><b><br \/>\n<\/b><\/p>\n<p><b>\u00a0<\/b><\/p>\n<p><b>Dottorato in Scienze della Terra<\/b><\/p>\n<table width=\"873\" border=\"1\" cellspacing=\"0\" cellpadding=\"0\">\n<tbody>\n<tr>\n<td valign=\"top\" width=\"227\"><b>Titolo<\/b><\/td>\n<td valign=\"top\" width=\"52\"><\/td>\n<td valign=\"top\" width=\"46\"><\/td>\n<td valign=\"top\" width=\"53\"><\/td>\n<td valign=\"top\" width=\"104\"><\/td>\n<\/tr>\n<tr>\n<td width=\"227\">\n<table width=\"718\" border=\"1\" cellspacing=\"0\" cellpadding=\"0\">\n<tbody>\n<tr>\n<td valign=\"top\" width=\"227\">Introduzione alla spettrometria di massa e ai principali sistemi di isotopi radiogenici: Sm-Nd, U-Pb e Lu-Hf<br \/>\n&#8211; Analisi isotopiche U-Pb e Lu-Hf su zirconi con LA-MC-ICP-MS: Applicazioni per studi di evoluzione crostale e provenienza di sedimenti.<\/p>\n<p>&#8211; Esempi di studi di evoluzione crostale utilizzando la metodologia U-Pb e Lu-Hf : a) Evoluzione di terreni archeani e proterozoici del Brasile; b) Evoluzione del basamento paleozoico delle Ande Centrali.<\/td>\n<td valign=\"top\" width=\"43\">S<\/td>\n<td valign=\"top\" width=\"50\">1<\/p>\n<p>&nbsp;<\/p>\n<p>&nbsp;<\/p>\n<p>&nbsp;<\/td>\n<td valign=\"top\" width=\"85\">13\/03\u00a0 ore 15.30-17.30<\/p>\n<p>&nbsp;<\/p>\n<p>&nbsp;<\/p>\n<p>14\/03\u00a0 ore 15.30-17.30<\/p>\n<p>&nbsp;<\/td>\n<td valign=\"top\" width=\"92\">Prof. Massimo\u00a0 Matteini<\/p>\n<p>&nbsp;<\/td>\n<\/tr>\n<tr>\n<td width=\"227\">Valutazione ambientale sulla base di micro-bio indicatori in aree marine e lagunari. Risposta dei foraminiferi bentonici ad impatti antropogenetici inquinanti.<\/p>\n<p>&nbsp;<\/p>\n<p>Il ruolo di microorganismi perforantiin risposta a fenomeni di stress ambientali. Processi di bioerosione.<\/p>\n<p>&#8211;<\/p>\n<p>Apporto dei macroforaminiferi nell\u2019elaborazione di mappe paleogeografiche: esempi nel Cretacico della Tetide.<\/td>\n<td valign=\"top\" width=\"43\">&nbsp;<\/p>\n<p>S<\/p>\n<p>&nbsp;<\/p>\n<p>&nbsp;<\/p>\n<p>S<\/p>\n<p>&nbsp;<\/p>\n<p>&nbsp;<\/p>\n<p>&nbsp;<\/p>\n<p>&nbsp;<\/p>\n<p>S<\/td>\n<td valign=\"top\" width=\"50\">1<\/p>\n<p>&nbsp;<\/p>\n<p>&nbsp;<\/p>\n<p>&nbsp;<\/p>\n<p>&nbsp;<\/p>\n<p>&nbsp;<\/td>\n<td valign=\"top\" width=\"85\">12\/03<\/p>\n<p>ore 15.30<\/p>\n<p>&nbsp;<\/p>\n<p>&nbsp;<\/p>\n<p>&nbsp;<\/p>\n<p>22\/03<\/p>\n<p>ore 15.30<\/p>\n<p>&nbsp;<\/p>\n<p>&nbsp;<\/p>\n<p>9\/04 e 15.30<\/td>\n<td width=\"92\">Prof. Antonietta\u00a0 Cherchi<\/p>\n<p>&nbsp;<\/p>\n<p>con la collaborazione di Dr. ssa C. Buosi, Prof.\u00a0 A. Ibba, Prof. G.B. De Giudici<\/p>\n<p>&nbsp;<\/p>\n<p>&nbsp;<\/td>\n<\/tr>\n<tr>\n<td valign=\"top\" width=\"227\">I depositi costieri del Quaternario e attuali: un approccio sedimentologico-ambientale.<\/td>\n<td valign=\"top\" width=\"43\">SH+E<\/td>\n<td valign=\"top\" width=\"50\">3<\/td>\n<td valign=\"top\" width=\"85\">Lezione 19 Marzo<\/p>\n<p>ore 10- 13.<\/p>\n<p>Escursione:\u00a0 \u00a020 marzo\u00a0\u00a0\u00a0\u00a0\u00a0\u00a0\u00a0\u00a0\u00a0\u00a0\u00a0\u00a0\u00a0\u00a0 \u00a0\u00a0\u00a0\u00a0\u00a0\u00a0\u00a0\u00a0\u00a0\u00a0\u00a0\u00a0\u00a0\u00a0\u00a0\u00a0\u00a0\u00a0\u00a0\u00a0\u00a0\u00a0\u00a0ore\u00a0 08:30-18:30<\/p>\n<p>&nbsp;<\/p>\n<p>Escursione \u00a021 marzo<\/p>\n<p>Ore \u00a008:30-18:30<\/p>\n<p>&nbsp;<\/p>\n<p>Lezione: Venerd\u00ec 22 marzo ore 10:-13:00<\/p>\n<p>&nbsp;<\/td>\n<td valign=\"top\" width=\"92\">Prof. Sandro Andreucci<\/p>\n<p>&nbsp;<\/td>\n<\/tr>\n<\/tbody>\n<\/table>\n<\/td>\n<td valign=\"top\" width=\"52\">&nbsp;<\/p>\n<p>&nbsp;<\/td>\n<td valign=\"top\" width=\"46\"><\/td>\n<td width=\"53\"><\/td>\n<td width=\"104\"><\/td>\n<\/tr>\n<tr>\n<td width=\"227\">\n<table width=\"712\" border=\"1\" cellspacing=\"0\" cellpadding=\"0\">\n<tbody>\n<tr>\n<td width=\"227\">Thermal remote sensing of volcanic areas<\/p>\n<p>&nbsp;<\/td>\n<td valign=\"top\" width=\"43\">SH<\/td>\n<td valign=\"top\" width=\"50\">1<\/td>\n<td valign=\"top\" width=\"85\">Maggio- giugno<\/p>\n<p>(da definire)<\/td>\n<td width=\"92\">Prof. Andrew Harris<\/td>\n<\/tr>\n<tr>\n<td width=\"227\">Geologia della Sardegna<\/td>\n<td valign=\"top\" width=\"43\">SH+E<\/td>\n<td valign=\"top\" width=\"50\">\u00a04<\/td>\n<td valign=\"top\" width=\"85\">17- 30 giugno<\/td>\n<td width=\"92\">Prof. Costamagna Luca<\/p>\n<p>Prof. Marcello Franceschelli<\/p>\n<p>Prof. Antonio Funedda<\/td>\n<\/tr>\n<tr>\n<td width=\"227\">Analisi mineralogiche e geochimiche<\/td>\n<td valign=\"top\" width=\"43\">SH+L<\/td>\n<td valign=\"top\" width=\"50\">3<\/td>\n<td valign=\"top\" width=\"85\">\u00a06 &#8211; 10 maggio<\/td>\n<td width=\"92\">Prof. Rosa Cidu<\/p>\n<p>Prof. Gabriele Cruciani<\/p>\n<p>Prof. Franco Frau<\/p>\n<p>Prof. De Giudici G. Battista<\/p>\n<p>&nbsp;<\/td>\n<\/tr>\n<\/tbody>\n<\/table>\n<\/td>\n<td valign=\"top\" width=\"52\">&nbsp;<\/p>\n<p>&nbsp;<\/td>\n<td width=\"46\"><\/td>\n<td width=\"53\"><\/td>\n<td width=\"104\">\n&nbsp;<\/td>\n<\/tr>\n<tr>\n<td valign=\"top\" width=\"227\"><\/td>\n<td valign=\"top\" width=\"52\">&nbsp;<\/td>\n<td valign=\"top\" width=\"46\"><\/td>\n<td valign=\"top\" width=\"53\"><\/td>\n<td valign=\"top\" width=\"104\">&nbsp;<\/p>\n<p>&nbsp;<\/td>\n<\/tr>\n<tr>\n<td width=\"227\"><\/td>\n<td valign=\"top\" width=\"52\"><\/td>\n<td width=\"46\"><\/td>\n<td width=\"53\"><\/td>\n<td width=\"104\"><\/td>\n<\/tr>\n<tr>\n<td width=\"227\"><\/td>\n<td valign=\"top\" width=\"52\"><\/td>\n<td valign=\"top\" width=\"46\"><\/td>\n<td width=\"53\"><\/td>\n<td width=\"104\"><\/td>\n<\/tr>\n<tr>\n<td width=\"227\"><\/td>\n<td valign=\"top\" width=\"52\"><\/td>\n<td valign=\"top\" width=\"46\"><\/td>\n<td width=\"53\"><\/td>\n<td width=\"104\"><\/td>\n<\/tr>\n<\/tbody>\n<\/table>\n<p>E = escursione \/attivit\u00e0 di campagna<\/p>\n<p>L = \u00a0attivit\u00e0 laboratoriale<\/p>\n<p>S =\u00a0 seminario<\/p>\n<p>SH= short course<\/p>\n<p>&nbsp;<\/p>\n<p>Inoltre i dottorandi possono seguire i corsi tenuti presso il Centro di Geotecnologie dell\u2019Universit\u00e0 di Siena, San Giovanni Valdarno, Arezzo (Convenzione in via di rinnovo)<\/p>\n<p>&nbsp;<\/p>\n<p>Altri seminari, da definire, saranno calendarizzati in seguito<\/p>\n<p><b>\u00a0<\/b><\/p>\n<p><b>\u00a0 Tutti i seminari e i corsi si svolgeranno nelle aule del Dipartimento di Scienze Chimiche e Geologiche, sede di via Trentino 51<\/b><\/p>\n","protected":false},"excerpt":{"rendered":"<p>Scuola di Dottorato in Ingegneria e scienze dell\u2019ambiente e del territorio Offerta formativa 2013 Legenda: C, corso di didattica frontale; E; escursione\/attivit\u00e0 di campagna; L, laboratorio; S, seminario; SC, scuola; SH, short course Dottorato in Botanica Titolo Attivit\u00e0 Crediti Data e ora Docenti Plant phylogeography and conservation biogeography in the Mediterranean region S 1 14-15-16-20-21 maggioh. Prof. Fr\u00e9d\u00e9ric Medail Morpho-anatomical Revolution in Carboniferous and Permian Plants: modificazioni anatomico-strutturali delle flore Paleofitiche come difesa e adattamento funzionale ai forti cambiamenti climaticiTecniche di studio tassonomico delle flore fossili Paleozoiche S+L 2 da definire Prof. Christopher Cleal Tecniche escursionistiche di baseEscursioni a Piscina <a href='https:\/\/people.unica.it\/scuoladisat\/offerta-formativa-2013\/' class='excerpt-more'>[&#8230;]<\/a><\/p>\n","protected":false},"author":125,"featured_media":0,"parent":0,"menu_order":0,"comment_status":"closed","ping_status":"closed","template":"","meta":{"footnotes":""},"class_list":["post-363","page","type-page","status-publish","hentry","post-seq-1","post-parity-odd","meta-position-corners","fix"],"_links":{"self":[{"href":"https:\/\/people.unica.it\/scuoladisat\/wp-json\/wp\/v2\/pages\/363","targetHints":{"allow":["GET"]}}],"collection":[{"href":"https:\/\/people.unica.it\/scuoladisat\/wp-json\/wp\/v2\/pages"}],"about":[{"href":"https:\/\/people.unica.it\/scuoladisat\/wp-json\/wp\/v2\/types\/page"}],"author":[{"embeddable":true,"href":"https:\/\/people.unica.it\/scuoladisat\/wp-json\/wp\/v2\/users\/125"}],"replies":[{"embeddable":true,"href":"https:\/\/people.unica.it\/scuoladisat\/wp-json\/wp\/v2\/comments?post=363"}],"version-history":[{"count":3,"href":"https:\/\/people.unica.it\/scuoladisat\/wp-json\/wp\/v2\/pages\/363\/revisions"}],"predecessor-version":[{"id":383,"href":"https:\/\/people.unica.it\/scuoladisat\/wp-json\/wp\/v2\/pages\/363\/revisions\/383"}],"wp:attachment":[{"href":"https:\/\/people.unica.it\/scuoladisat\/wp-json\/wp\/v2\/media?parent=363"}],"curies":[{"name":"wp","href":"https:\/\/api.w.org\/{rel}","templated":true}]}}