{"id":1273,"date":"2012-11-26T10:43:10","date_gmt":"2012-11-26T10:43:10","guid":{"rendered":"http:\/\/people.unica.it\/provacds2\/?page_id=1273"},"modified":"2013-05-14T12:08:49","modified_gmt":"2013-05-14T12:08:49","slug":"orario-ricevimento","status":"publish","type":"page","link":"https:\/\/people.unica.it\/scienzepolitiche2010\/calendario-e-orari\/orario-ricevimento\/","title":{"rendered":"Orario ricevimento"},"content":{"rendered":"\n<table id=\"wp-table-reloaded-id-31-no-1\" class=\"wp-table-reloaded wp-table-reloaded-id-31\">\n<thead>\n\t<tr class=\"row-1 odd\">\n\t\t<th class=\"column-1\">nominativo<\/th><th class=\"column-2\">materia<\/th><th class=\"column-3\">ricevimento<\/th><th class=\"column-4\">email<\/th><th class=\"column-5\">telefono<\/th>\n\t<\/tr>\n<\/thead>\n<tbody>\n\t<tr class=\"row-2 even\">\n\t\t<td class=\"column-1\">Baldussi Annamaria<\/td><td class=\"column-2\">Storia e istituzioni dell\u0092Asia<\/td><td class=\"column-3\"><p>gioved\u00ec 9,30-13,00<\/p><\/td><td class=\"column-4\">baldussi@unica.it<\/td><td class=\"column-5\">070 675 3728<\/td>\n\t<\/tr>\n\t<tr class=\"row-3 odd\">\n\t\t<td class=\"column-1\">Biagioni Giacomo<\/td><td class=\"column-2\">Diritto internazionale<\/td><td class=\"column-3\"> Il prossimo ricevimento del dott. Biagioni si terr\u00e0 l'8 maggio 2013 dalle 10 alle 12.<br \/>\r\n<p>Per comunicazioni urgenti scrivere a <a href=\"mailto:biagioni@unica.it\">biagioni@unica.it<\/a>. <br \/><\/p><br \/>\r\n<p><br \/><\/p> <\/td><td class=\"column-4\">biagioni@unica.it<\/td><td class=\"column-5\">070 675 3717<\/td>\n\t<\/tr>\n\t<tr class=\"row-4 even\">\n\t\t<td class=\"column-1\">Borzoni Gianluca<\/td><td class=\"column-2\">Storia delle relazioni internazionali<\/td><td class=\"column-3\">Marted\u00ec, h. 10-12<\/td><td class=\"column-4\">gborzoni@unica.it<\/td><td class=\"column-5\">070 675 3731<\/td>\n\t<\/tr>\n\t<tr class=\"row-5 odd\">\n\t\t<td class=\"column-1\">Dess\u00ec Ombretta<\/td><td class=\"column-2\">Diritto del lavoro<\/td><td class=\"column-3\">marted\u00ec ore 16.00-18.00<\/td><td class=\"column-4\">odessi@unica.it<\/td><td class=\"column-5\">070 675 3743<\/td>\n\t<\/tr>\n\t<tr class=\"row-6 even\">\n\t\t<td class=\"column-1\">Farinella Domenica<\/td><td class=\"column-2\">Sociologia del territorio<\/td><td class=\"column-3\">Martedi ore 12:30 - 13:30, Stanza 23, Dipartimento di Scienze Sociali e delle Istituzioni, Viale S. Ignazio, 78<span style=\"font-family:'times new roman', serif; font-size: 12pt;\">.<\/span><p class=\"MsoNormal\" style=\"0.0001pt;\"><span style=\"font-size:12pt;<\/td><td class=\"column-4\">farinella@unica.it<\/td><td class=\"column-5\">0706753737<\/td>\n\t<\/tr>\n\t<tr class=\"row-7 odd\">\n\t\t<td class=\"column-1\">Melis Nicola<\/td><td class=\"column-2\">Storia e istituzioni dell\u0092Africa<\/td><td class=\"column-3\"> L'orario di ricevimento \u00e8 stabilito dal luned\u00ec al venerd\u00ec previo appuntamento.<br \/><br \/><br \/><br \/>\r\n<\/td><td class=\"column-4\">nmelis@unica.it<\/td><td class=\"column-5\">070 675 3731<\/td>\n\t<\/tr>\n\t<tr class=\"row-8 even\">\n\t\t<td class=\"column-1\">Pubusa Francesca<\/td><td class=\"column-2\">Diritto amministrativo<\/td><td class=\"column-3\">marted\u00ec e mercoled\u00ec dalle 10 alle 12.<\/td><td class=\"column-4\">fpubusa@unica.it<\/td><td class=\"column-5\">070 675 3534<\/td>\n\t<\/tr>\n\t<tr class=\"row-9 odd\">\n\t\t<td class=\"column-1\">Rossi Christian<\/td><td class=\"column-2\">Storia dell'integrazione europea<\/td><td class=\"column-3\"><p>Il ricevimento studenti \u00e8 fissato nel periodo di lezione:<\/p><br \/>\r\n<p>luned\u00ec 16-18<\/p><br \/>\r\n<p>Al di fuori dell'orario di ricevimento contatare il docente via email per un appuntamento.<\/p><\/td><td class=\"column-4\">chrossi@unica.it<\/td><td class=\"column-5\">+390706753725<\/td>\n\t<\/tr>\n\t<tr class=\"row-10 even\">\n\t\t<td class=\"column-1\">Sistu Giovanni<\/td><td class=\"column-2\">Geografia dello sviluppo<\/td><td class=\"column-3\">luned\u00ec 11-13 - marted\u00ec 11-13<\/td><td class=\"column-4\">sistug@unica.it<\/td><td class=\"column-5\">070 675 3678<\/td>\n\t<\/tr>\n\t<tr class=\"row-11 odd\">\n\t\t<td class=\"column-1\">Zurru Marco Luciano<\/td><td class=\"column-2\">Sociologia dell\u0092economia e del lavoro<\/td><td class=\"column-3\">marted\u00ec dalle 12.00 alle 14.00<\/td><td class=\"column-4\">zurru@unica.it<\/td><td class=\"column-5\">070 675 3700<\/td>\n\t<\/tr>\n<\/tbody>\n<\/table>\n\n","protected":false},"excerpt":{"rendered":"","protected":false},"author":643,"featured_media":0,"parent":1269,"menu_order":0,"comment_status":"closed","ping_status":"closed","template":"","meta":{"footnotes":""},"class_list":["post-1273","page","type-page","status-publish","hentry","post-seq-1","post-parity-odd","meta-position-corners","fix"],"_links":{"self":[{"href":"https:\/\/people.unica.it\/scienzepolitiche2010\/wp-json\/wp\/v2\/pages\/1273","targetHints":{"allow":["GET"]}}],"collection":[{"href":"https:\/\/people.unica.it\/scienzepolitiche2010\/wp-json\/wp\/v2\/pages"}],"about":[{"href":"https:\/\/people.unica.it\/scienzepolitiche2010\/wp-json\/wp\/v2\/types\/page"}],"author":[{"embeddable":true,"href":"https:\/\/people.unica.it\/scienzepolitiche2010\/wp-json\/wp\/v2\/users\/643"}],"replies":[{"embeddable":true,"href":"https:\/\/people.unica.it\/scienzepolitiche2010\/wp-json\/wp\/v2\/comments?post=1273"}],"version-history":[{"count":2,"href":"https:\/\/people.unica.it\/scienzepolitiche2010\/wp-json\/wp\/v2\/pages\/1273\/revisions"}],"predecessor-version":[{"id":1461,"href":"https:\/\/people.unica.it\/scienzepolitiche2010\/wp-json\/wp\/v2\/pages\/1273\/revisions\/1461"}],"up":[{"embeddable":true,"href":"https:\/\/people.unica.it\/scienzepolitiche2010\/wp-json\/wp\/v2\/pages\/1269"}],"wp:attachment":[{"href":"https:\/\/people.unica.it\/scienzepolitiche2010\/wp-json\/wp\/v2\/media?parent=1273"}],"curies":[{"name":"wp","href":"https:\/\/api.w.org\/{rel}","templated":true}]}}