{"id":3949,"date":"2020-07-24T06:55:13","date_gmt":"2020-07-24T06:55:13","guid":{"rendered":"http:\/\/people.unica.it\/scienzepedagogicheedeiservizieducativi\/?page_id=3949"},"modified":"2020-07-24T06:57:52","modified_gmt":"2020-07-24T06:57:52","slug":"counseling-psicologico","status":"publish","type":"page","link":"https:\/\/people.unica.it\/scienzepedagogicheedeiservizieducativi\/counseling-psicologico\/","title":{"rendered":"Counseling psicologico"},"content":{"rendered":"<p>L&#8217;Ateneo ha attivato un Servizio di Counseling psicologico quale risorsa per aiutare gli studenti a vivere in modo positivo il proprio percorso formativo universitario, nei modi e nei tempi previsti, prevenendo abbandoni o ritardi negli studi. Le studentesse e gli studenti possono avvalersi del Servizio per interventi di supporto psicologico.<\/p>\n<p>Le situazioni che generalmente motivano tale richiesta possono essere:<\/p>\n<ul>\n<li>difficolt\u00e0 di adattamento al contesto universitario<\/li>\n<li>blocchi, ansia e difficolt\u00e0 di rendimento agli esami<\/li>\n<li>demotivazione allo studio<\/li>\n<li>confusione sulla scelta degli studi<\/li>\n<li>difficolt\u00e0 nella gestione dello stress<\/li>\n<li>difficolt\u00e0 di concentrazione<\/li>\n<li>disagi psicologici di diversa natura (ansia, umore depresso, fobia sociale, attacchi di panico, etc\u2026)<\/li>\n<li>difficolt\u00e0 a elaborare eventi traumatici<\/li>\n<li>problemi legati all\u2019identit\u00e0, alla percezione di s\u00e8 e della propria immagine corporea<\/li>\n<li>difficolt\u00e0 nelle relazioni familiari e sociali<\/li>\n<\/ul>\n<p>Per informazioni e contatti:<br \/>\n<a href=\"https:\/\/www.unica.it\/unica\/it\/counseling_psicologico.page\"><strong>https:\/\/www.unica.it\/unica\/it\/counseling_psicologico.page<\/strong><\/a><\/p>","protected":false},"excerpt":{"rendered":"<p>L&#8217;Ateneo ha attivato un Servizio di Counseling psicologico quale risorsa per aiutare gli studenti a vivere in modo positivo il proprio percorso formativo universitario, nei modi e nei tempi previsti, prevenendo abbandoni o ritardi negli studi. Le studentesse e gli studenti possono avvalersi del Servizio per interventi di supporto psicologico. Le situazioni che generalmente motivano tale richiesta possono essere: difficolt\u00e0 di adattamento al contesto universitario blocchi, ansia e difficolt\u00e0 di rendimento agli esami demotivazione allo studio confusione sulla scelta degli studi difficolt\u00e0 nella gestione dello stress difficolt\u00e0 di concentrazione disagi psicologici di diversa natura (ansia, umore depresso, fobia sociale, attacchi <a href='https:\/\/people.unica.it\/scienzepedagogicheedeiservizieducativi\/counseling-psicologico\/' class='excerpt-more'>[&#8230;]<\/a><\/p>\n","protected":false},"author":481,"featured_media":0,"parent":0,"menu_order":0,"comment_status":"closed","ping_status":"closed","template":"","meta":{"footnotes":""},"class_list":["post-3949","page","type-page","status-publish","hentry","post-seq-1","post-parity-odd","meta-position-corners","fix"],"_links":{"self":[{"href":"https:\/\/people.unica.it\/scienzepedagogicheedeiservizieducativi\/wp-json\/wp\/v2\/pages\/3949","targetHints":{"allow":["GET"]}}],"collection":[{"href":"https:\/\/people.unica.it\/scienzepedagogicheedeiservizieducativi\/wp-json\/wp\/v2\/pages"}],"about":[{"href":"https:\/\/people.unica.it\/scienzepedagogicheedeiservizieducativi\/wp-json\/wp\/v2\/types\/page"}],"author":[{"embeddable":true,"href":"https:\/\/people.unica.it\/scienzepedagogicheedeiservizieducativi\/wp-json\/wp\/v2\/users\/481"}],"replies":[{"embeddable":true,"href":"https:\/\/people.unica.it\/scienzepedagogicheedeiservizieducativi\/wp-json\/wp\/v2\/comments?post=3949"}],"version-history":[{"count":4,"href":"https:\/\/people.unica.it\/scienzepedagogicheedeiservizieducativi\/wp-json\/wp\/v2\/pages\/3949\/revisions"}],"predecessor-version":[{"id":3954,"href":"https:\/\/people.unica.it\/scienzepedagogicheedeiservizieducativi\/wp-json\/wp\/v2\/pages\/3949\/revisions\/3954"}],"wp:attachment":[{"href":"https:\/\/people.unica.it\/scienzepedagogicheedeiservizieducativi\/wp-json\/wp\/v2\/media?parent=3949"}],"curies":[{"name":"wp","href":"https:\/\/api.w.org\/{rel}","templated":true}]}}