{"id":3379,"date":"2019-02-05T08:09:44","date_gmt":"2019-02-05T08:09:44","guid":{"rendered":"http:\/\/people.unica.it\/scienzepedagogicheedeiservizieducativi\/?page_id=3379"},"modified":"2019-02-07T11:23:09","modified_gmt":"2019-02-07T11:23:09","slug":"erasmus-e-internazionalizzazione","status":"publish","type":"page","link":"https:\/\/people.unica.it\/scienzepedagogicheedeiservizieducativi\/erasmus-e-internazionalizzazione\/","title":{"rendered":"Erasmus e internazionalizzazione"},"content":{"rendered":"<p>Dal 1987 un programma della Comunit\u00e0 Europea denominato E.R.A.S.M.U.S. (European Community Action Scheme for the Mobility of University Students), si propone di favorire concretamente lo scambio tra le universit\u00e0 di diversi paesi della CEE e la mobilit\u00e0 degli studenti. In particolare, \u00e8 previsto il riconoscimento legale, ai fini della carriera accademica in atto nel paese d\u2019origine, dei corsi seguiti e degli esami sostenuti presso una Universit\u00e0 straniera. Il programma riguarda tutte le discipline e tutti i gradi dell\u2019insegnamento universitario.<\/p>\n<p>Il Corso di Studi promuove e favorisce esperienze di mobilit\u00e0 e internazionalizzazione di studenti e docenti. Per ulteriori informazioni si consultino:<\/p>\n<ul>\n<li><a href=\"http:\/\/people.unica.it\/scienzepedagogicheedeiservizieducativi\/chi-siamo\/commissioni\/commissione-erasmus\/\">Commissione Erasmus e internazionalizzazione<\/a><\/li>\n<li><a href=\"http:\/\/facolta.unica.it\/studiumanistici\/servizi-studenti\/erasmus-e-mobilita-internazionale\/\">Pagina Erasmus del sito di Facolt\u00e0<\/a><\/li>\n<li><a href=\"https:\/\/www.unica.it\/unica\/it\/ateneo_s04_ss11.page\">Pagina Mobilit\u00e0 internazionale di Ateneo<\/a><\/li>\n<\/ul>\n<div class=\"elencoarticoli\"><h3>Avvisi<\/h3><ul class=\"ulpostelenco\"><li><a target=\"_blank\" title=\"Erasmus+ primo avviso 2022\/23\" href=\"https:\/\/people.unica.it\/scienzepedagogicheedeiservizieducativi\/2022\/03\/05\/erasmus-primo-avviso-2022-23\/\" ><div class=\"datapostelenco\">05-03-2022<\/div><div class=\"titolopostelencodata\">Erasmus+ primo avviso 2022\/23<\/div><\/a><\/li><li><a target=\"_blank\" title=\"Erasmus+ Soggiorni studio all'estero nell'A.A. 2021\/22\" href=\"https:\/\/people.unica.it\/scienzepedagogicheedeiservizieducativi\/2021\/03\/26\/erasmus-soggiorni-studio-allestero-nella-a-2021-22\/\" ><div class=\"datapostelenco\">26-03-2021<\/div><div class=\"titolopostelencodata\">Erasmus+ Soggiorni studio all'estero nell'A.A. 2021\/22<\/div><\/a><\/li><li><a target=\"_blank\" title=\"Bando per soggiorni Erasmus+\" href=\"https:\/\/people.unica.it\/scienzepedagogicheedeiservizieducativi\/2020\/09\/14\/bando-per-soggiorni-erasmus\/\" ><div class=\"datapostelenco\">14-09-2020<\/div><div class=\"titolopostelencodata\">Bando per soggiorni Erasmus+<\/div><\/a><\/li><li><a target=\"_blank\" title=\"BANDO ERASMUS+ STUDIO 2020\/2021\" href=\"https:\/\/people.unica.it\/scienzepedagogicheedeiservizieducativi\/2020\/02\/25\/bando-erasmus-studio-2020-2021\/\" ><div class=\"datapostelenco\">25-02-2020<\/div><div class=\"titolopostelencodata\">BANDO ERASMUS+ STUDIO 2020\/2021<\/div><\/a><\/li><li><a target=\"_blank\" title=\"ERASMUS+ MOBILITA\u2019 PER TRAINEESHIP\" href=\"https:\/\/people.unica.it\/scienzepedagogicheedeiservizieducativi\/2020\/02\/01\/erasmus-mobilita-per-traineeship\/\" ><div class=\"datapostelenco\">01-02-2020<\/div><div class=\"titolopostelencodata\">ERASMUS+ MOBILITA\u2019 PER TRAINEESHIP<\/div><\/a><\/li><li><a target=\"_blank\" title=\"International Open Lessons (con crediti di tipo \u201cd\u201d)\" href=\"http:\/\/people.unica.it\/scienzedelleducazioneedellaformazione\/2019\/10\/14\/iol_19-20\/\" ><div class=\"datapostelenco\">14-10-2019<\/div><div class=\"titolopostelencodata\">International Open Lessons (con crediti di tipo \u201cd\u201d)<\/div><\/a><\/li><\/ul><\/div>\n","protected":false},"excerpt":{"rendered":"<p>Dal 1987 un programma della Comunit\u00e0 Europea denominato E.R.A.S.M.U.S. (European Community Action Scheme for the Mobility of University Students), si propone di favorire concretamente lo scambio tra le universit\u00e0 di diversi paesi della CEE e la mobilit\u00e0 degli studenti. In particolare, \u00e8 previsto il riconoscimento legale, ai fini della carriera accademica in atto nel paese d\u2019origine, dei corsi seguiti e degli esami sostenuti presso una Universit\u00e0 straniera. Il programma riguarda tutte le discipline e tutti i gradi dell\u2019insegnamento universitario. Il Corso di Studi promuove e favorisce esperienze di mobilit\u00e0 e internazionalizzazione di studenti e docenti. Per ulteriori informazioni si consultino: <a href='https:\/\/people.unica.it\/scienzepedagogicheedeiservizieducativi\/erasmus-e-internazionalizzazione\/' class='excerpt-more'>[&#8230;]<\/a><\/p>\n","protected":false},"author":481,"featured_media":0,"parent":0,"menu_order":0,"comment_status":"closed","ping_status":"closed","template":"","meta":{"footnotes":""},"class_list":["post-3379","page","type-page","status-publish","hentry","post-seq-1","post-parity-odd","meta-position-corners","fix"],"_links":{"self":[{"href":"https:\/\/people.unica.it\/scienzepedagogicheedeiservizieducativi\/wp-json\/wp\/v2\/pages\/3379","targetHints":{"allow":["GET"]}}],"collection":[{"href":"https:\/\/people.unica.it\/scienzepedagogicheedeiservizieducativi\/wp-json\/wp\/v2\/pages"}],"about":[{"href":"https:\/\/people.unica.it\/scienzepedagogicheedeiservizieducativi\/wp-json\/wp\/v2\/types\/page"}],"author":[{"embeddable":true,"href":"https:\/\/people.unica.it\/scienzepedagogicheedeiservizieducativi\/wp-json\/wp\/v2\/users\/481"}],"replies":[{"embeddable":true,"href":"https:\/\/people.unica.it\/scienzepedagogicheedeiservizieducativi\/wp-json\/wp\/v2\/comments?post=3379"}],"version-history":[{"count":3,"href":"https:\/\/people.unica.it\/scienzepedagogicheedeiservizieducativi\/wp-json\/wp\/v2\/pages\/3379\/revisions"}],"predecessor-version":[{"id":3392,"href":"https:\/\/people.unica.it\/scienzepedagogicheedeiservizieducativi\/wp-json\/wp\/v2\/pages\/3379\/revisions\/3392"}],"wp:attachment":[{"href":"https:\/\/people.unica.it\/scienzepedagogicheedeiservizieducativi\/wp-json\/wp\/v2\/media?parent=3379"}],"curies":[{"name":"wp","href":"https:\/\/api.w.org\/{rel}","templated":true}]}}