{"id":3182,"date":"2018-12-07T18:32:17","date_gmt":"2018-12-07T18:32:17","guid":{"rendered":"http:\/\/people.unica.it\/scienzepedagogicheedeiservizieducativi\/?page_id=3182"},"modified":"2023-03-25T08:08:46","modified_gmt":"2023-03-25T08:08:46","slug":"attivita-extracurricolari","status":"publish","type":"page","link":"https:\/\/people.unica.it\/scienzepedagogicheedeiservizieducativi\/attivita-extracurricolari\/","title":{"rendered":"Attivit\u00e0 extracurricolari, crediti a &#8220;scelta dello studente&#8221;"},"content":{"rendered":"<p>Relativamente agli esami a scelta dello studente, che ai sensi della normativa vigente prevedono per i corsi di studio triennali almeno 12 CFU (altres\u00ec denominati crediti di tipo &#8220;d&#8221;), il regolamento didattico prevede che si possano colmare attraverso : <em>a) attraverso esami di insegnamenti<\/em> offerti dall&#8217;ateneo o <em>b) con altre iniziative formative<\/em> (anche extrauniversitarie). In entrambi i casi \u00e8 necessario che gli argomenti siano coerenti con gli obiettivi formativi del corso.<\/p>\n<p><em>Insegnamenti<\/em>. Circa gli esami da sostenere si suggerisce di attingere tra gli insegnamenti offerti come opzionali nel piano di studi o i cui settori scientifico disciplinari (SSD) siano ricompresi nelle tabelle ministeriali dei corsi di studio dell&#8217;Area pedagogica (vedi sotto) e\/o che siano utili ai fini dell&#8217;acquisizione dei crediti necessari per accedere alle classi di concorso per l&#8217;insegnamento nella scuola (il cui titolo si matura al termine della magistrale LM-50 e\/o LM-85). <strong>Per sostenere questi esami<\/strong> \u00e8 necessario chiedere che vengano aggiunti nel libretto alla <a href=\"https:\/\/facolta.unica.it\/studiumanistici\/chi-siamo\/organizzazione\/segreteria-studenti\/2\/\">segreteria studenti<\/a>. Si suggerisce inoltre di informare per email il docente dell&#8217;insegnamento opzionato.<\/p>\n<ul>\n<li><a href=\"http:\/\/people.unica.it\/scienzedelleducazioneedellaformazione\/files\/2018\/12\/L-19-Tabella-ministeriale.pdf\">Tabella ministeriale degli insegnamenti dei CdS L-19<\/a>\u00a0(D.M 16\/3\/2007)<\/li>\n<li><a href=\"http:\/\/people.unica.it\/scienzepedagogicheedeiservizieducativi\/files\/2018\/12\/LM-50_85-Tabella-ministeriale.pdf\">Tabella ministeriale degli insegnamenti dei CdS LM-50 e LM-85<\/a>\u00a0(D.M 16\/3\/2007)<\/li>\n<li><a href=\"http:\/\/people.unica.it\/scienzedelleducazioneedellaformazione\/files\/2018\/12\/Classi-Concorso-insegnamento.pdf\">Tabelle insegnamenti accesso alle classi di concorso insegnamento scuola secondaria<\/a>\u00a0(D.M. 9\/5\/2017 n. 259)<\/li>\n<\/ul>\n<p><em>Altre attivit\u00e0 formative<\/em>. Il Corso di Studi ammette la possibilit\u00e0, oltre agli esami, di riconoscere anche altre attivit\u00e0 formative purch\u00e9 coerenti con il progetto formativo del corso di studi . Circa le attivit\u00e0 diverse dagli esami, la <a href=\"https:\/\/people.unica.it\/scienzepedagogicheedeiservizieducativi\/chi-siamo\/commissioni\/commissione-crediti-liberi\/\">Commissione riconoscimento crediti liberi<\/a> provvede all&#8217;esame delle pratiche di riconoscimento attenendosi alle modalit\u00e0 indicate nel Regolamento riconoscimento crediti di cui \u00e8 importante prendere visione. L\u2019istanza di riconoscimento di tali attivit\u00e0, laddove non direttamente organizzate dall\u2019Universit\u00e0, deve essere presentata alla Segreteria studenti al terzo anno secondo le modalit\u00e0 indicate sul sito.<\/p>\n<p style=\"padding-left: 30px\"><img decoding=\"async\" src=\"http:\/\/people.unica.it\/scienzepedagogicheedeiservizieducativi\/files\/2018\/12\/Adobe_Icon.png\" \/> <a href=\"https:\/\/unica.it\/unica\/protected\/400652\/0\/def\/ref\/DOC366056\/\"><strong>Regolamento riconoscimento attivit\u00e0 extrauniversitaria crediti di tipo &#8220;D&#8221;<\/strong><\/a><\/p>\n<p>Si consideri che alcune tipologie di attivit\u00e0, non idonee come crediti di tipo &#8220;d&#8221;, potrebbero essere invece rientrare tra quelle previste ai fini del tirocinio (crediti di tipo &#8220;f&#8221;). Si consiglia pertanto di consultare anche la pagina <a href=\"http:\/\/people.unica.it\/scienzedelleducazioneedellaformazione\/files\/2012\/11\/reg.att_.lav_.pdf\">riconoscimento ai fini del tirocinio<\/a>.<\/p>\n<p>Come specificato nel regolamento, qualora i crediti non derivino da esami o da attivit\u00e0 promosse e\/o gestite dall&#8217;Universit\u00e0 \u00e8 necessario che gli interessati compilino domanda di riconoscimento crediti (in marca da bollo) da presentare alla Segreteria studenti<\/p>\n<ul>\n<li><a href=\"https:\/\/facolta.unica.it\/studiumanistici\/servizi-studenti\/modulistica-studenti\/modulistica-segreteria-studenti-ex-scienze-della-formazione\/\"><strong>Modulistica richiesta riconoscimento crediti<\/strong><\/a><\/li>\n<\/ul>\n<p>&nbsp;<\/p>\n<hr \/>\n<ul>\n<li>Per supporto e informazioni: <a href=\"https:\/\/people.unica.it\/scienzedelleducazioneedellaformazione\/orientamento\/\">Ufficio orientamento<\/a><\/li>\n<li>Per chiarimenti su questioni specifiche: <a href=\"https:\/\/people.unica.it\/scienzepedagogicheedeiservizieducativi\/chi-siamo\/commissioni\/commissione-carriere\/\"><strong>Commissione carriere e riconoscimento crediti liberi<\/strong><\/a><\/li>\n<\/ul>\n","protected":false},"excerpt":{"rendered":"<p>Relativamente agli esami a scelta dello studente, che ai sensi della normativa vigente prevedono per i corsi di studio triennali almeno 12 CFU (altres\u00ec denominati crediti di tipo &#8220;d&#8221;), il regolamento didattico prevede che si possano colmare attraverso : a) attraverso esami di insegnamenti offerti dall&#8217;ateneo o b) con altre iniziative formative (anche extrauniversitarie). In entrambi i casi \u00e8 necessario che gli argomenti siano coerenti con gli obiettivi formativi del corso. Insegnamenti. Circa gli esami da sostenere si suggerisce di attingere tra gli insegnamenti offerti come opzionali nel piano di studi o i cui settori scientifico disciplinari (SSD) siano ricompresi <a href='https:\/\/people.unica.it\/scienzepedagogicheedeiservizieducativi\/attivita-extracurricolari\/' class='excerpt-more'>[&#8230;]<\/a><\/p>\n","protected":false},"author":481,"featured_media":0,"parent":0,"menu_order":0,"comment_status":"closed","ping_status":"closed","template":"","meta":{"footnotes":""},"class_list":["post-3182","page","type-page","status-publish","hentry","post-seq-1","post-parity-odd","meta-position-corners","fix"],"_links":{"self":[{"href":"https:\/\/people.unica.it\/scienzepedagogicheedeiservizieducativi\/wp-json\/wp\/v2\/pages\/3182","targetHints":{"allow":["GET"]}}],"collection":[{"href":"https:\/\/people.unica.it\/scienzepedagogicheedeiservizieducativi\/wp-json\/wp\/v2\/pages"}],"about":[{"href":"https:\/\/people.unica.it\/scienzepedagogicheedeiservizieducativi\/wp-json\/wp\/v2\/types\/page"}],"author":[{"embeddable":true,"href":"https:\/\/people.unica.it\/scienzepedagogicheedeiservizieducativi\/wp-json\/wp\/v2\/users\/481"}],"replies":[{"embeddable":true,"href":"https:\/\/people.unica.it\/scienzepedagogicheedeiservizieducativi\/wp-json\/wp\/v2\/comments?post=3182"}],"version-history":[{"count":30,"href":"https:\/\/people.unica.it\/scienzepedagogicheedeiservizieducativi\/wp-json\/wp\/v2\/pages\/3182\/revisions"}],"predecessor-version":[{"id":4547,"href":"https:\/\/people.unica.it\/scienzepedagogicheedeiservizieducativi\/wp-json\/wp\/v2\/pages\/3182\/revisions\/4547"}],"wp:attachment":[{"href":"https:\/\/people.unica.it\/scienzepedagogicheedeiservizieducativi\/wp-json\/wp\/v2\/media?parent=3182"}],"curies":[{"name":"wp","href":"https:\/\/api.w.org\/{rel}","templated":true}]}}