{"id":3043,"date":"2018-09-28T15:05:32","date_gmt":"2018-09-28T15:05:32","guid":{"rendered":"http:\/\/people.unica.it\/scienzepedagogicheedeiservizieducativi\/?page_id=3043"},"modified":"2018-12-21T09:17:36","modified_gmt":"2018-12-21T09:17:36","slug":"opinioni-tirocini-curriculari","status":"publish","type":"page","link":"https:\/\/people.unica.it\/scienzepedagogicheedeiservizieducativi\/opinioni-tirocini-curriculari\/","title":{"rendered":"Opinioni sui tirocini curriculari"},"content":{"rendered":"<p class=\"first-para\">La commissione tirocini dei corsi di studio dell\u2019Area Pedagogica, oltre alla messa a punto di materiali di lavoro per gli studenti, \u00e8 impegnata nelle attivit\u00e0 di monitoraggio e valutazione della qualit\u00e0 dei tirocini formativi dei corsi di Area pedagogica. Di seguito gli esiti delle rilevazioni pi\u00f9 recenti..<\/p>\n<ul>\n<li><a href=\"http:\/\/people.unica.it\/scienzepedagogicheedeiservizieducativi\/files\/2018\/11\/Questionario_tirocinanti_2017.pdf\">Risultati questionario_tirocinanti_AA 2016\/2017<\/a><\/li>\n<li><a href=\"http:\/\/people.unica.it\/scienzepedagogicheedeiservizieducativi\/files\/2018\/11\/2018-Risultati-Questionario-enti-LM-50_85-AA-2017-18.pdf\">Risultati Questionario enti\u00a0 AA 2017-18<\/a><\/li>\n<\/ul>\n","protected":false},"excerpt":{"rendered":"<p>La commissione tirocini dei corsi di studio dell\u2019Area Pedagogica, oltre alla messa a punto di materiali di lavoro per gli studenti, \u00e8 impegnata nelle attivit\u00e0 di monitoraggio e valutazione della qualit\u00e0 dei tirocini formativi dei corsi di Area pedagogica. Di seguito gli esiti delle rilevazioni pi\u00f9 recenti.. Risultati questionario_tirocinanti_AA 2016\/2017 Risultati Questionario enti\u00a0 AA 2017-18<\/p>\n","protected":false},"author":481,"featured_media":0,"parent":0,"menu_order":0,"comment_status":"closed","ping_status":"closed","template":"","meta":{"footnotes":""},"class_list":["post-3043","page","type-page","status-publish","hentry","post-seq-1","post-parity-odd","meta-position-corners","fix"],"_links":{"self":[{"href":"https:\/\/people.unica.it\/scienzepedagogicheedeiservizieducativi\/wp-json\/wp\/v2\/pages\/3043","targetHints":{"allow":["GET"]}}],"collection":[{"href":"https:\/\/people.unica.it\/scienzepedagogicheedeiservizieducativi\/wp-json\/wp\/v2\/pages"}],"about":[{"href":"https:\/\/people.unica.it\/scienzepedagogicheedeiservizieducativi\/wp-json\/wp\/v2\/types\/page"}],"author":[{"embeddable":true,"href":"https:\/\/people.unica.it\/scienzepedagogicheedeiservizieducativi\/wp-json\/wp\/v2\/users\/481"}],"replies":[{"embeddable":true,"href":"https:\/\/people.unica.it\/scienzepedagogicheedeiservizieducativi\/wp-json\/wp\/v2\/comments?post=3043"}],"version-history":[{"count":4,"href":"https:\/\/people.unica.it\/scienzepedagogicheedeiservizieducativi\/wp-json\/wp\/v2\/pages\/3043\/revisions"}],"predecessor-version":[{"id":3259,"href":"https:\/\/people.unica.it\/scienzepedagogicheedeiservizieducativi\/wp-json\/wp\/v2\/pages\/3043\/revisions\/3259"}],"wp:attachment":[{"href":"https:\/\/people.unica.it\/scienzepedagogicheedeiservizieducativi\/wp-json\/wp\/v2\/media?parent=3043"}],"curies":[{"name":"wp","href":"https:\/\/api.w.org\/{rel}","templated":true}]}}