{"id":2712,"date":"2017-09-08T07:34:36","date_gmt":"2017-09-08T07:34:36","guid":{"rendered":"http:\/\/people.unica.it\/scienzepedagogicheedeiservizieducativi\/?page_id=2712"},"modified":"2022-02-15T11:39:28","modified_gmt":"2022-02-15T11:39:28","slug":"commissione-didattica-paritetica-docenti-studenti","status":"publish","type":"page","link":"https:\/\/people.unica.it\/scienzepedagogicheedeiservizieducativi\/chi-siamo\/commissioni\/commissione-didattica-paritetica-docenti-studenti\/","title":{"rendered":"Commissione per il monitoraggio della qualit\u00e0 della didattica"},"content":{"rendered":"<p>La Commissione per il monitoraggio della qualit\u00e0 della didattica effettua attivit\u00e0 di verifica sull\u2019offerta formativa e la qualit\u00e0 della didattica, comunica al Consiglio e alla Commissione di autovalutazione eventuali anomalie riscontrate suggerendo iniziative atte a migliorare l\u2019organizzazione dei corsi e collabora con la CPDS di Facolt\u00e0 ai fini della redazione della relazione annuale. La Commissione si preoccupa inoltre di gestire le richieste di assegnazione dei fondi ex art. 5 L. 537\/93 e, successivamente, verificarne l\u2019utilizzo. La Commissione si occupa inoltre di armonizzare i calendari e gli orari delle lezioni. A questo scopo la Commissione lavora in comunicazione con la responsabile della assegnazione e prenotazione delle Aule presso la Presidenza di Facolt\u00e0.<\/p>\n<p>La Commissione \u00e8 cos\u00ec composta (delibera 5\/10\/2021):<\/p>\n<ul>\n<li>prof.ssa Francesca Scalas (Coordinatore)<\/li>\n<li>prof. Enrico Euli<\/li>\n<li>prof.ssa Jessica Lampis<\/li>\n<li>prof. Felice Nuvoli<\/li>\n<\/ul>\n<p>Rappresentanti degli studenti:<\/p>\n<ul>\n<li>Martina Corbu<\/li>\n<\/ul>\n<p>Secondo quanto deliberato il 8\/11\/2016, i docenti della Commissione svolgono anche le funzioni di \u00ab<a href=\"http:\/\/people.unica.it\/scienzepedagogicheedeiservizieducativi\/chi-siamo\/docenti-tutor\/\">docenti tutor<\/a>\u00bb al fine di rendere disponibili funzioni di rilevazione e risoluzione delle criticit\u00e0 emergenti dall\u2019esperienza degli studenti.<\/p>\n<p><strong>Verbali<\/strong><\/p>\n<ul>\n<li><a href=\"http:\/\/people.unica.it\/scienzedelleducazioneedellaformazione\/files\/2019\/11\/partitetica17.10.pdf\">2019 Verbale riunione paritetica (17 ottobre 2019)<\/a><\/li>\n<li><a href=\"http:\/\/people.unica.it\/scienzedelleducazioneedellaformazione\/files\/2019\/05\/Paritetica_def_2-5-2019.pdf\">2019 Verbale Commissione paritetica (02 maggio 2019)<\/a><\/li>\n<li><a href=\"http:\/\/people.unica.it\/scienzedelleducazioneedellaformazione\/files\/2017\/03\/2017-05-05-Verbale-Commissione-paritetica.pdf\" target=\"_blank\" rel=\"noopener noreferrer\">2017 Verbale Commissione paritetica (05 maggio 2017)<\/a><\/li>\n<li><a href=\"http:\/\/people.unica.it\/scienzedelleducazioneedellaformazione\/files\/2017\/03\/2017-07-04-Prospetto-tesi-lauree-pedagogiche-2013-17.pdf\" target=\"_blank\" rel=\"noopener noreferrer\">2017 Prospetto tesi lauree pedagogiche 2013-17<\/a><\/li>\n<li><a href=\"http:\/\/people.unica.it\/scienzedelleducazioneedellaformazione\/files\/2017\/03\/2017-07-04-Verbale-Commissione-paritetica.pdf\" target=\"_blank\" rel=\"noopener noreferrer\">2017 Verbale Commissione paritetica (4 luglio 2017)<\/a><\/li>\n<\/ul>\n<hr \/>\n<ul>\n<li><a href=\"http:\/\/people.unica.it\/scienzepedagogicheedeiservizieducativi\/chi-siamo\/commissioni\/\">visualizza le altre commissioni<\/a><\/li>\n<\/ul>\n","protected":false},"excerpt":{"rendered":"<p>La Commissione per il monitoraggio della qualit\u00e0 della didattica effettua attivit\u00e0 di verifica sull\u2019offerta formativa e la qualit\u00e0 della didattica, comunica al Consiglio e alla Commissione di autovalutazione eventuali anomalie riscontrate suggerendo iniziative atte a migliorare l\u2019organizzazione dei corsi e collabora con la CPDS di Facolt\u00e0 ai fini della redazione della relazione annuale. La Commissione si preoccupa inoltre di gestire le richieste di assegnazione dei fondi ex art. 5 L. 537\/93 e, successivamente, verificarne l\u2019utilizzo. La Commissione si occupa inoltre di armonizzare i calendari e gli orari delle lezioni. A questo scopo la Commissione lavora in comunicazione con la responsabile <a href='https:\/\/people.unica.it\/scienzepedagogicheedeiservizieducativi\/chi-siamo\/commissioni\/commissione-didattica-paritetica-docenti-studenti\/' class='excerpt-more'>[&#8230;]<\/a><\/p>\n","protected":false},"author":1816,"featured_media":0,"parent":14,"menu_order":0,"comment_status":"closed","ping_status":"closed","template":"","meta":{"footnotes":""},"class_list":["post-2712","page","type-page","status-publish","hentry","post-seq-1","post-parity-odd","meta-position-corners","fix"],"_links":{"self":[{"href":"https:\/\/people.unica.it\/scienzepedagogicheedeiservizieducativi\/wp-json\/wp\/v2\/pages\/2712","targetHints":{"allow":["GET"]}}],"collection":[{"href":"https:\/\/people.unica.it\/scienzepedagogicheedeiservizieducativi\/wp-json\/wp\/v2\/pages"}],"about":[{"href":"https:\/\/people.unica.it\/scienzepedagogicheedeiservizieducativi\/wp-json\/wp\/v2\/types\/page"}],"author":[{"embeddable":true,"href":"https:\/\/people.unica.it\/scienzepedagogicheedeiservizieducativi\/wp-json\/wp\/v2\/users\/1816"}],"replies":[{"embeddable":true,"href":"https:\/\/people.unica.it\/scienzepedagogicheedeiservizieducativi\/wp-json\/wp\/v2\/comments?post=2712"}],"version-history":[{"count":19,"href":"https:\/\/people.unica.it\/scienzepedagogicheedeiservizieducativi\/wp-json\/wp\/v2\/pages\/2712\/revisions"}],"predecessor-version":[{"id":4411,"href":"https:\/\/people.unica.it\/scienzepedagogicheedeiservizieducativi\/wp-json\/wp\/v2\/pages\/2712\/revisions\/4411"}],"up":[{"embeddable":true,"href":"https:\/\/people.unica.it\/scienzepedagogicheedeiservizieducativi\/wp-json\/wp\/v2\/pages\/14"}],"wp:attachment":[{"href":"https:\/\/people.unica.it\/scienzepedagogicheedeiservizieducativi\/wp-json\/wp\/v2\/media?parent=2712"}],"curies":[{"name":"wp","href":"https:\/\/api.w.org\/{rel}","templated":true}]}}