{"id":2093,"date":"2015-09-25T09:32:43","date_gmt":"2015-09-25T09:32:43","guid":{"rendered":"http:\/\/people.unica.it\/scienzepedagogicheedeiservizieducativi\/?page_id=2093"},"modified":"2015-09-25T09:32:43","modified_gmt":"2015-09-25T09:32:43","slug":"dati-di-monitoraggio-presidio-per-la-qualita","status":"publish","type":"page","link":"https:\/\/people.unica.it\/scienzepedagogicheedeiservizieducativi\/requisiti-di-trasparenza\/archivio-dati-statistici\/dati-di-monitoraggio-presidio-per-la-qualita\/","title":{"rendered":"Dati di monitoraggio (Presidio per la Qualit\u00e0)"},"content":{"rendered":"<ul>\n<li><a href=\"http:\/\/people.unica.it\/scienzepedagogicheedeiservizieducativi\/files\/2015\/09\/Report-SCIENZE-PEDAGOGICHE-E-DEI-SERVIZI-EDUCATIVI-LM.pdf\" target=\"_blank\"><strong>Dati di monitoraggio CdS (Presidio per la Qualit\u00e0)<\/strong> &#8211; dati aggiornati al 24-07-15<\/a><\/li>\n<li><strong><a href=\"http:\/\/people.unica.it\/centroqualita\/files\/2015\/07\/Report-STUDI-UMANISTICI-L3.pdf\" target=\"_blank\">Dati di monitoraggio Corsi di Laurea della Facolt\u00e0 (Presidio per la Qualit\u00e0) &#8211; <\/a><\/strong><a href=\"http:\/\/people.unica.it\/centroqualita\/files\/2015\/07\/Report-STUDI-UMANISTICI-L3.pdf\" target=\"_blank\">dati aggiornati al 24-07-15<\/a><\/li>\n<\/ul>\n","protected":false},"excerpt":{"rendered":"<p>Dati di monitoraggio CdS (Presidio per la Qualit\u00e0) &#8211; dati aggiornati al 24-07-15 Dati di monitoraggio Corsi di Laurea della Facolt\u00e0 (Presidio per la Qualit\u00e0) &#8211; dati aggiornati al 24-07-15<\/p>\n","protected":false},"author":2404,"featured_media":0,"parent":1614,"menu_order":0,"comment_status":"closed","ping_status":"closed","template":"","meta":{"footnotes":""},"class_list":["post-2093","page","type-page","status-publish","hentry","post-seq-1","post-parity-odd","meta-position-corners","fix"],"_links":{"self":[{"href":"https:\/\/people.unica.it\/scienzepedagogicheedeiservizieducativi\/wp-json\/wp\/v2\/pages\/2093","targetHints":{"allow":["GET"]}}],"collection":[{"href":"https:\/\/people.unica.it\/scienzepedagogicheedeiservizieducativi\/wp-json\/wp\/v2\/pages"}],"about":[{"href":"https:\/\/people.unica.it\/scienzepedagogicheedeiservizieducativi\/wp-json\/wp\/v2\/types\/page"}],"author":[{"embeddable":true,"href":"https:\/\/people.unica.it\/scienzepedagogicheedeiservizieducativi\/wp-json\/wp\/v2\/users\/2404"}],"replies":[{"embeddable":true,"href":"https:\/\/people.unica.it\/scienzepedagogicheedeiservizieducativi\/wp-json\/wp\/v2\/comments?post=2093"}],"version-history":[{"count":1,"href":"https:\/\/people.unica.it\/scienzepedagogicheedeiservizieducativi\/wp-json\/wp\/v2\/pages\/2093\/revisions"}],"predecessor-version":[{"id":2095,"href":"https:\/\/people.unica.it\/scienzepedagogicheedeiservizieducativi\/wp-json\/wp\/v2\/pages\/2093\/revisions\/2095"}],"up":[{"embeddable":true,"href":"https:\/\/people.unica.it\/scienzepedagogicheedeiservizieducativi\/wp-json\/wp\/v2\/pages\/1614"}],"wp:attachment":[{"href":"https:\/\/people.unica.it\/scienzepedagogicheedeiservizieducativi\/wp-json\/wp\/v2\/media?parent=2093"}],"curies":[{"name":"wp","href":"https:\/\/api.w.org\/{rel}","templated":true}]}}