{"id":1269,"date":"2012-11-26T10:40:54","date_gmt":"2012-11-26T10:40:54","guid":{"rendered":"http:\/\/people.unica.it\/provacds2\/?page_id=1269"},"modified":"2023-02-21T17:02:13","modified_gmt":"2023-02-21T17:02:13","slug":"orario-lezioni","status":"publish","type":"page","link":"https:\/\/people.unica.it\/scienzepedagogicheedeiservizieducativi\/orario-lezioni\/","title":{"rendered":"Orario lezioni"},"content":{"rendered":"<p class=\"first-para\">Sulla base del calendario accademico \u00a0e del calendario delle attivit\u00e0 didattiche della Facolt\u00e0, approvati annualmente rispettivamente dal Senato Accademico e dal Consiglio di Facolt\u00e0, il Corso di Studio definisce l\u2019orario delle lezioni, in modo da ottimizzare i tempi di permanenza degli studenti presso le strutture universitarie e conciliare i tempi di studio personali e gli spostamenti da e per la Facolt\u00e0.<\/p>\n<p>La Facolt\u00e0, in un\u2019ottica di armonizzazione delle risorse, raccoglie le richieste dei singoli Corsi di studio, definisce il calendario definitivo e attribuisce a ciascun insegnamento l\u2019aula, in funzione del numero di studenti previsti e della tipologia della lezione.<\/p>\n<ul>\n<li><span style=\"color: #0000ff\"><a href=\"https:\/\/unica.easystaff.it\/AgendaWeb\/index.php?view=easycourse&amp;_lang=it\">Calendari delle lezioni e degli appelli di esame sono online<\/a>.<\/span><\/li>\n<\/ul>\n","protected":false},"excerpt":{"rendered":"<p>Sulla base del calendario accademico \u00a0e del calendario delle attivit\u00e0 didattiche della Facolt\u00e0, approvati annualmente rispettivamente dal Senato Accademico e dal Consiglio di Facolt\u00e0, il Corso di Studio definisce l\u2019orario delle lezioni, in modo da ottimizzare i tempi di permanenza degli studenti presso le strutture universitarie e conciliare i tempi di studio personali e gli spostamenti da e per la Facolt\u00e0. La Facolt\u00e0, in un\u2019ottica di armonizzazione delle risorse, raccoglie le richieste dei singoli Corsi di studio, definisce il calendario definitivo e attribuisce a ciascun insegnamento l\u2019aula, in funzione del numero di studenti previsti e della tipologia della lezione. Calendari <a href='https:\/\/people.unica.it\/scienzepedagogicheedeiservizieducativi\/orario-lezioni\/' class='excerpt-more'>[&#8230;]<\/a><\/p>\n","protected":false},"author":643,"featured_media":0,"parent":0,"menu_order":0,"comment_status":"closed","ping_status":"closed","template":"","meta":{"footnotes":""},"class_list":["post-1269","page","type-page","status-publish","hentry","post-seq-1","post-parity-odd","meta-position-corners","fix"],"_links":{"self":[{"href":"https:\/\/people.unica.it\/scienzepedagogicheedeiservizieducativi\/wp-json\/wp\/v2\/pages\/1269","targetHints":{"allow":["GET"]}}],"collection":[{"href":"https:\/\/people.unica.it\/scienzepedagogicheedeiservizieducativi\/wp-json\/wp\/v2\/pages"}],"about":[{"href":"https:\/\/people.unica.it\/scienzepedagogicheedeiservizieducativi\/wp-json\/wp\/v2\/types\/page"}],"author":[{"embeddable":true,"href":"https:\/\/people.unica.it\/scienzepedagogicheedeiservizieducativi\/wp-json\/wp\/v2\/users\/643"}],"replies":[{"embeddable":true,"href":"https:\/\/people.unica.it\/scienzepedagogicheedeiservizieducativi\/wp-json\/wp\/v2\/comments?post=1269"}],"version-history":[{"count":25,"href":"https:\/\/people.unica.it\/scienzepedagogicheedeiservizieducativi\/wp-json\/wp\/v2\/pages\/1269\/revisions"}],"predecessor-version":[{"id":4539,"href":"https:\/\/people.unica.it\/scienzepedagogicheedeiservizieducativi\/wp-json\/wp\/v2\/pages\/1269\/revisions\/4539"}],"wp:attachment":[{"href":"https:\/\/people.unica.it\/scienzepedagogicheedeiservizieducativi\/wp-json\/wp\/v2\/media?parent=1269"}],"curies":[{"name":"wp","href":"https:\/\/api.w.org\/{rel}","templated":true}]}}