{"id":1265,"date":"2012-11-26T10:40:10","date_gmt":"2012-11-26T10:40:10","guid":{"rendered":"http:\/\/people.unica.it\/provacds2\/?page_id=1265"},"modified":"2023-11-12T17:19:31","modified_gmt":"2023-11-12T17:19:31","slug":"laboratori","status":"publish","type":"page","link":"https:\/\/people.unica.it\/scienzepedagogicheedeiservizieducativi\/didattica\/laboratori\/","title":{"rendered":"Laboratori"},"content":{"rendered":"<p>Nell\u2019ambito del percorso formativo i laboratori rispondono al compito di integrare le conoscenze teoriche con la dimensione operativa allo scopo di acquisire un\u2019adeguata padronanza della metodologia di ricerca educativa di natura teoretica, storica, empirica e sperimentale, negli ambienti formali, non formali e informali di formazione. Sono organizzati in coerenza con gli obiettivi formativi specifici del corso di laurea e dei suoi insegnamenti disciplinari in modo da favorite una integrazione tra le dimensioni teoriche e quelle operative capace di affermare adeguate competenze.<\/p>\n<p><span style=\"color: #ff0000\"><strong>Attenzione<\/strong><\/span>: Dal momento che il Corso di laurea, dall&#8217;A.A. 2023\/24 non verr\u00e0 pi\u00f9 attivato, \u00e8 necessario fare riferimento alle corrispondenze indicate nella tabella sotto con laboratori del nuovo corso magistrale. Si consideri che le denominazioni dei laboratori sono cambiate nel corso degli anni. Conseguentemente si faccia riferimento alla corrispondenza del laboratorio previsto nel proprio piano di studi con quello del nuovo CdS LM-85 (corso 30\/54) (bench\u00e9 con denominazione diversa)<strong>.\u00a0<\/strong><\/p>\n<p>Si precisa che i laboratori del nuovo CdS saranno attivato in due distinte edizioni come previsto dal Regolamento didattico: febbraio\/marzo (prima edizione), settembre (seconda edizione) ad eccezione del laboratorio sul &#8220;<em>Laboratorio sul tirocinio e lo sviluppo professionale<\/em>&#8221; le cui edizioni sono: giugno\/luglio (prima edizione), settembre (seconda edizione). Ogni edizione prevede un numero massimo di partecipanti calcolata sulla capienza delle aule che, a loro volta, sono attribuite sulla base dell&#8217;80% del numero di iscritti al CdS. I tutor sono nominati annualmente dalla Presidenza di Facolt\u00e0 nei mesi di dicembre\/gennaio. <strong>Non sar\u00e0 dunque possibile contattarli prima della loro nomina<\/strong>.<\/p>\n<div class=\"WordSection1\">\n<p><strong>LM50 \u2013 Denominazione dei laboratori del corso di studi<\/strong><\/p>\n<table style=\"width: 100%\" border=\"1\" cellspacing=\"0\" cellpadding=\"0\">\n<tbody>\n<tr>\n<td style=\"width: 25%\" valign=\"top\"><span style=\"color: #000080\"><strong>A.A. 2019-2020 (e precedenti)<\/strong><\/span><\/td>\n<td style=\"width: 25%\" valign=\"top\"><span style=\"color: #000080\"><strong>A.A. 2020-2021 e 2021-2022<\/strong><\/span><\/td>\n<td style=\"width: 25%\" valign=\"top\"><span style=\"color: #000080\"><strong>A.A. 2022-2023<\/strong><\/span><\/td>\n<td style=\"width: 25%\" valign=\"top\"><span style=\"color: #000080\"><strong>A.A. successivi (nuovo CdS 30\/54)<\/strong><\/span><\/td>\n<\/tr>\n<tr>\n<td style=\"width: 25%\" valign=\"top\">30\/44\/301 \u2013 LABORATORIO DI MODALITA\u2019 DI INTERVENTO EDUCATIVO IN AMBIENTE MULTICULTURALE (3 CFU, 25 ore)Il laboratorio non verr\u00e0 pi\u00f9 attivato.<\/td>\n<td style=\"width: 25%\" valign=\"top\">SF\/0141 \u2013 LABORATORIO DI PROGETTAZIONE E SVILUPPO PER L\u2019EDUCAZIONE INTERCULTURALE (3 CFU, 25 ore)<\/p>\n<p>Il laboratorio non verr\u00e0 pi\u00f9 attivato.<\/td>\n<td style=\"width: 25%\" valign=\"top\">SF\/0141 \u2013 LABORATORIO DI PROGETTAZIONE E SVILUPPO PER L\u2019EDUCAZIONE INTERCULTURALE (2 CFU, 20 ore)<\/p>\n<p>Il laboratorio non verr\u00e0 pi\u00f9 attivato.<\/td>\n<td style=\"width: 25%\" valign=\"top\">I laboratori degli anni precedenti possono trovare corrispondenza con: SU\/0093 &#8211; LABORATORIO SULL&#8217;INTEGRAZIONE SOCIALE E INTERCULTURALE (2 CFU, 36 ore)<\/td>\n<\/tr>\n<tr>\n<td style=\"width: 25%\" valign=\"top\">30\/44\/300 \u2013 LABORATORIO DI METODI DI LAVORO EDUCATIVO IN UN SISTEMA FORMATIVO INTEGRATO:<br \/>\nAMBITI, LIVELLI, FUNZIONI (3 CFU, 25 ore)Il laboratorio non verr\u00e0 pi\u00f9 attivato.<\/td>\n<td style=\"width: 25%\" valign=\"top\">SF\/0142- LABORATORIO DI METODI E TECNICHE PER LA PROGETTAZIONE PEDAGOGICA (3 CFU, 25 ore)<\/p>\n<p>Il laboratorio non verr\u00e0 pi\u00f9 attivato.<\/td>\n<td style=\"width: 25%\" valign=\"top\">SF\/0142 \u2013 LABORATORIO DI METODI E TECNICHE PER LA PROGETTAZIONE PEDAGOGICA (2 CFU, 20 ore)<\/p>\n<p>Il laboratorio non verr\u00e0 pi\u00f9 attivato.<\/td>\n<td style=\"width: 25%\" valign=\"top\">I laboratori degli anni precedenti possono trovare corrispondenza con: SF\/0142 &#8211; LABORATORIO DI METODI E TECNICHE PER LA PROGETTAZIONE PEDAGOGICA<\/p>\n<p>(2 CFU, 36 ore)<\/td>\n<\/tr>\n<tr>\n<td style=\"width: 25%\" valign=\"top\"><\/td>\n<td style=\"width: 25%\" valign=\"top\"><\/td>\n<td style=\"width: 25%\" valign=\"top\">SU\/0026 \u2013 LABORATORIO DI ORIENTAMENTO AL TIROCINIO CURRICOLARE (2 CFU, 50 ore)<\/p>\n<p>Il laboratorio non verr\u00e0 pi\u00f9 attivato.<\/td>\n<td style=\"width: 25%\" valign=\"top\">Il laboratorio previsto per l&#8217;anno precedente pu\u00f2 trovare corrispondenza con: SU\/0079 &#8211; LABORATORIO SUL TIROCINIO E LO SVILUPPO PROFESSIONALE (2 CFU, 36 ore)<\/td>\n<\/tr>\n<\/tbody>\n<\/table>\n<p>&nbsp;<\/p>\n<hr \/>\n<p><strong>LM85 \u2013 Denominazione dei laboratori del corso di studi<\/strong><\/p>\n<table style=\"width: 100%\" border=\"1\" cellspacing=\"0\" cellpadding=\"0\">\n<tbody>\n<tr>\n<td style=\"width: 25%\" valign=\"top\"><span style=\"color: #000080\"><strong>A.A. 2019-2020 (e precedenti)<\/strong><\/span><\/td>\n<td style=\"width: 25%\" valign=\"top\"><span style=\"color: #000080\"><strong>A.A. 2020-2021 e 2021-2022<\/strong><\/span><\/td>\n<td style=\"width: 25%\" valign=\"top\"><span style=\"color: #000080\"><strong>A.A. 2022-2023<\/strong><\/span><\/td>\n<td style=\"width: 25%\" valign=\"top\"><span style=\"color: #000080\"><strong>A.A. successivi<\/strong><\/span><\/td>\n<\/tr>\n<tr>\n<td style=\"width: 25%\" valign=\"top\">30\/44\/303 &#8211; LABORATORIO SUI DIVERSI ASPETTI DELLA PROGETTAZIONE EDUCATIVA (3 CFU, 25 ore)<\/p>\n<p>Il laboratorio non verr\u00e0 pi\u00f9 attivato.<\/td>\n<td style=\"width: 25%\" valign=\"top\">SF\/0143- LABORATORIO SUGLI APPROCCI CONSULENZIALI<br \/>\nPER LA PROGETTAZIONE EDUCATIVA (3 CFU, 25 ore)Il laboratorio non verr\u00e0 pi\u00f9 attivato.<\/td>\n<td style=\"width: 25%\" valign=\"top\">SU\/0027 &#8211; LABORATORIO DI CONSULENZA E SUPERVISIONE PEDAGOGICA (2 CFU, 20 ore)<\/p>\n<p>Il laboratorio non verr\u00e0 pi\u00f9 attivato.<\/td>\n<td style=\"width: 25%\" valign=\"top\">I laboratori degli anni precedenti possono trovare corrispondenza con: SU\/0097 &#8211; LABORATORIO SULLA RELAZIONE E CONSULENZA PEDAGOGICA (2 CFU, 36 ore)<\/td>\n<\/tr>\n<tr>\n<td style=\"width: 25%\" valign=\"top\">30\/44\/302 &#8211; LABORATORIO SU STORIA E TEORIA DELL&#8217;EDUCAZIONE (3 CFU, 25 ore)<\/p>\n<p>Il laboratorio non verr\u00e0 pi\u00f9 attivato.<\/td>\n<td style=\"width: 25%\" valign=\"top\">SF\/0144- LABORATORIO DI STORIA E TEORIA DELL&#8217;EDUCAZIONE (3 CFU, 25 ore)<\/p>\n<p>Il laboratorio non verr\u00e0 pi\u00f9 attivato.<\/td>\n<td style=\"width: 25%\" valign=\"top\">SU\/0028 &#8211; LABORATORIO DI PROGETTAZIONE E COORDINAMENTO PEDAGOGICO (2 CFU, 20 ore)<\/p>\n<p>Il laboratorio non verr\u00e0 pi\u00f9 attivato.<\/td>\n<td style=\"width: 25%\" valign=\"top\">I laboratori degli anni precedenti possono trovare corrispondenza con: SU\/0098 &#8211; LABORATORIO SUI BISOGNI EDUCATIVI SPECIALI (2 CFU, 36 ore)<\/td>\n<\/tr>\n<tr>\n<td style=\"width: 25%\" valign=\"top\"><\/td>\n<td style=\"width: 25%\" valign=\"top\"><\/td>\n<td style=\"width: 25%\" valign=\"top\">SU\/0026 \u2013 LABORATORIO DI ORIENTAMENTO AL TIROCINIO CURRICOLARE (2 CFU, 50 ore)<\/p>\n<p>Il laboratorio non verr\u00e0 pi\u00f9 attivato.<\/td>\n<td style=\"width: 25%\" valign=\"top\">Il laboratorio previsto per l&#8217;anno precedente pu\u00f2 trovare corrispondenza con: SU\/0079 &#8211; LABORATORIO SUL TIROCINIO E LO SVILUPPO PROFESSIONALE (2 CFU, 36 ore)<\/td>\n<\/tr>\n<\/tbody>\n<\/table>\n<p>Come previsto dal <a href=\"https:\/\/people.unica.it\/scienzepedagogicheedeiservizieducativi\/files\/2023\/01\/RD-LM50-85_AA-2021-22-revisione-12-12-2023.pdf\"><span style=\"text-decoration: underline\">regolamento didattico<\/span><\/a> i <strong>laboratori didattici sono a frequenza obbligatoria<\/strong> anche per gli iscritti fuori corso della 30\/44. Tale obbligo (art. 15 del Regolamento didattico) si quantifica nella partecipazione ad almeno all\u201980% degli incontri sulla base delle ore previste dal piano di studi. In questo caso il riferimento \u00e8 al nuovo monte ore, quello della 30\/55, ovvero si pu\u00f2 ottenere l\u2019idoneit\u00e0 con il rispetto dell\u2019obbligo di frequenza di almeno 24 ore delle 36 ore previste.<\/p>\n<p>Per visualizzare il nome del laboratorio, il contenuto del programma e il tutor affidatario dell&#8217;incarico si consulti il <a href=\"https:\/\/web.unica.it\/unica\/it\/crs_30_54_35.page\">sito del corso magistrale 30\/54<\/a> alla pagina &#8220;Insegnamenti&#8221; facendo attenzione di selezionare l&#8217;anno accademico precedente al corrente (perch\u00e9 i laboratori sono collocati al secondo anno, dunque non sarebbero disponibili per l&#8217;A.A. corrente). Per informazioni sui calendari, invece, si consulti sempre il sito della <a href=\"https:\/\/web.unica.it\/unica\/it\/crs_30_54_7.page\">magistrale 30\/54, ma alla pagina avvisi<\/a>.<\/p>\n<div class=\"elencoarticoli\"><h3>Notizie sui laboratori del Corso di studi in Scienze pedagogiche e dei servizi educativi<\/h3><ul class=\"ulpostelenco\"><li><a target=\"_blank\" title=\"Corrispondenze dei laboratori con quelli della nuova LM\" href=\"https:\/\/people.unica.it\/scienzepedagogicheedeiservizieducativi\/2023\/11\/06\/corrispondenze-dei-laboratori-con-quelli-della-nuova-lm\/\" ><div class=\"datapostelenco\">06-11-2023<\/div><div class=\"titolopostelencodata\">Corrispondenze dei laboratori con quelli della nuova LM<\/div><\/a><\/li><li><a target=\"_blank\" title=\"Laboratorio di progettazione e coordinamento pedagogico\" href=\"https:\/\/people.unica.it\/scienzepedagogicheedeiservizieducativi\/2023\/06\/13\/laboratorio-di-progettazione-e-coordinamento-pedagogico-2\/\" ><div class=\"datapostelenco\">13-06-2023<\/div><div class=\"titolopostelencodata\">Laboratorio di progettazione e coordinamento pedagogico<\/div><\/a><\/li><li><a target=\"_blank\" title=\"Laboratorio di consulenza e supervisione pedagogica (LM-85) 2a e ultima edizione\" href=\"https:\/\/people.unica.it\/scienzepedagogicheedeiservizieducativi\/2023\/05\/25\/laboratorio-di-consulenza-e-supervisione-pedagogica-lm-85-2a-e-ultima-edizione\/\" ><div class=\"datapostelenco\">25-05-2023<\/div><div class=\"titolopostelencodata\">Laboratorio di consulenza e supervisione pedagogica (LM-85) 2a e ultima edizione<\/div><\/a><\/li><\/ul><\/div>\n<\/div>\n","protected":false},"excerpt":{"rendered":"<p>Nell\u2019ambito del percorso formativo i laboratori rispondono al compito di integrare le conoscenze teoriche con la dimensione operativa allo scopo di acquisire un\u2019adeguata padronanza della metodologia di ricerca educativa di natura teoretica, storica, empirica e sperimentale, negli ambienti formali, non formali e informali di formazione. Sono organizzati in coerenza con gli obiettivi formativi specifici del corso di laurea e dei suoi insegnamenti disciplinari in modo da favorite una integrazione tra le dimensioni teoriche e quelle operative capace di affermare adeguate competenze. Attenzione: Dal momento che il Corso di laurea, dall&#8217;A.A. 2023\/24 non verr\u00e0 pi\u00f9 attivato, \u00e8 necessario fare riferimento alle <a href='https:\/\/people.unica.it\/scienzepedagogicheedeiservizieducativi\/didattica\/laboratori\/' class='excerpt-more'>[&#8230;]<\/a><\/p>\n","protected":false},"author":643,"featured_media":0,"parent":29,"menu_order":0,"comment_status":"closed","ping_status":"closed","template":"","meta":{"footnotes":""},"class_list":["post-1265","page","type-page","status-publish","hentry","post-seq-1","post-parity-odd","meta-position-corners","fix"],"_links":{"self":[{"href":"https:\/\/people.unica.it\/scienzepedagogicheedeiservizieducativi\/wp-json\/wp\/v2\/pages\/1265","targetHints":{"allow":["GET"]}}],"collection":[{"href":"https:\/\/people.unica.it\/scienzepedagogicheedeiservizieducativi\/wp-json\/wp\/v2\/pages"}],"about":[{"href":"https:\/\/people.unica.it\/scienzepedagogicheedeiservizieducativi\/wp-json\/wp\/v2\/types\/page"}],"author":[{"embeddable":true,"href":"https:\/\/people.unica.it\/scienzepedagogicheedeiservizieducativi\/wp-json\/wp\/v2\/users\/643"}],"replies":[{"embeddable":true,"href":"https:\/\/people.unica.it\/scienzepedagogicheedeiservizieducativi\/wp-json\/wp\/v2\/comments?post=1265"}],"version-history":[{"count":47,"href":"https:\/\/people.unica.it\/scienzepedagogicheedeiservizieducativi\/wp-json\/wp\/v2\/pages\/1265\/revisions"}],"predecessor-version":[{"id":4600,"href":"https:\/\/people.unica.it\/scienzepedagogicheedeiservizieducativi\/wp-json\/wp\/v2\/pages\/1265\/revisions\/4600"}],"up":[{"embeddable":true,"href":"https:\/\/people.unica.it\/scienzepedagogicheedeiservizieducativi\/wp-json\/wp\/v2\/pages\/29"}],"wp:attachment":[{"href":"https:\/\/people.unica.it\/scienzepedagogicheedeiservizieducativi\/wp-json\/wp\/v2\/media?parent=1265"}],"curies":[{"name":"wp","href":"https:\/\/api.w.org\/{rel}","templated":true}]}}