{"id":1251,"date":"2012-11-26T10:35:48","date_gmt":"2012-11-26T10:35:48","guid":{"rendered":"http:\/\/people.unica.it\/provacds2\/?page_id=1251"},"modified":"2023-01-05T12:20:09","modified_gmt":"2023-01-05T12:20:09","slug":"regolamento-didattico","status":"publish","type":"page","link":"https:\/\/people.unica.it\/scienzepedagogicheedeiservizieducativi\/didattica\/regolamento-didattico\/","title":{"rendered":"Regolamento didattico"},"content":{"rendered":"<p>Il Regolamento Didattico, nel rispetto del Regolamento didattico di Ateneo, specifica e disciplina gli aspetti organizzativi del Corso di Studi fornendo indicazioni sulle finalit\u00e0, le modalit\u00e0 di accesso, lo svolgimento delle attivit\u00e0 didattiche e le progressioni delle carriere degli studenti. Il Regolamento didattico del corso \u00e8 annuale, pertanto contiene specifici riferimenti al piano di studi relativo all&#8217;anno accademico di riferimento.<\/p>\n<hr \/>\n<ul>\n<li><span style=\"color: #0000ff\"><span style=\"color: #000000\"><a href=\"https:\/\/people.unica.it\/scienzepedagogicheedeiservizieducativi\/files\/2023\/01\/RD-LM50-85_AA-2021-22-revisione-12-12-2023.pdf\">Regolamento didattico LM50-85 AA 2021-22<\/a> approvato 3.06.2021 e modificato in data 12.12.2022)<\/span><\/span><\/li>\n<li><a href=\"http:\/\/people.unica.it\/scienzepedagogicheedeiservizieducativi\/files\/2021\/01\/RD-LM50-85_AA2020-21-definitivo.pdf\">Regolamento didattico LM-50\/85 A.A. 2020-2021<\/a> (approvato 11.05.2020 e il 30.06.2020)<\/li>\n<li><a href=\"http:\/\/people.unica.it\/scienzepedagogicheedeiservizieducativi\/files\/2019\/04\/RD-LM50-85_AA2019-20.pdf\">Regolamento didattico LM-50\/85 A.A. 2019\/2020<\/a>\u00a0(approvato 12.03.2019)<\/li>\n<li><a href=\"http:\/\/people.unica.it\/scienzepedagogicheedeiservizieducativi\/files\/2019\/01\/RD-LM50-85_AA2018-19a.pdf\">Regolamento didattico LM-50\/85 A.A. 2018\/2019<\/a>\u00a0(approvato 12.12.2018)<\/li>\n<li><a href=\"http:\/\/people.unica.it\/scienzepedagogicheedeiservizieducativi\/files\/2018\/12\/2017-18-LM50_85-Regolamento-didattico.pdf\">Regolamento didattico LM-50\/85 A.A. 2017\/2018<\/a> (approvato 17.7.2017)<\/li>\n<\/ul>\n<hr \/>\n<p>Il piano di studio si collega al regolamento didattico dell\u2019anno a cui questo si riferisce.<br \/>\nSi vedano pertanto anche:<\/p>\n<ul>\n<li><a href=\"http:\/\/people.unica.it\/scienzepedagogicheedeiservizieducativi\/didattica\/piano-di-studi\/\">Piani di studio<\/a><\/li>\n<\/ul>\n","protected":false},"excerpt":{"rendered":"<p>Il Regolamento Didattico, nel rispetto del Regolamento didattico di Ateneo, specifica e disciplina gli aspetti organizzativi del Corso di Studi fornendo indicazioni sulle finalit\u00e0, le modalit\u00e0 di accesso, lo svolgimento delle attivit\u00e0 didattiche e le progressioni delle carriere degli studenti. Il Regolamento didattico del corso \u00e8 annuale, pertanto contiene specifici riferimenti al piano di studi relativo all&#8217;anno accademico di riferimento. Regolamento didattico LM50-85 AA 2021-22 approvato 3.06.2021 e modificato in data 12.12.2022) Regolamento didattico LM-50\/85 A.A. 2020-2021 (approvato 11.05.2020 e il 30.06.2020) Regolamento didattico LM-50\/85 A.A. 2019\/2020\u00a0(approvato 12.03.2019) Regolamento didattico LM-50\/85 A.A. 2018\/2019\u00a0(approvato 12.12.2018) Regolamento didattico LM-50\/85 A.A. 2017\/2018 (approvato <a href='https:\/\/people.unica.it\/scienzepedagogicheedeiservizieducativi\/didattica\/regolamento-didattico\/' class='excerpt-more'>[&#8230;]<\/a><\/p>\n","protected":false},"author":1,"featured_media":0,"parent":29,"menu_order":0,"comment_status":"closed","ping_status":"closed","template":"","meta":{"footnotes":""},"class_list":["post-1251","page","type-page","status-publish","hentry","post-seq-1","post-parity-odd","meta-position-corners","fix"],"_links":{"self":[{"href":"https:\/\/people.unica.it\/scienzepedagogicheedeiservizieducativi\/wp-json\/wp\/v2\/pages\/1251","targetHints":{"allow":["GET"]}}],"collection":[{"href":"https:\/\/people.unica.it\/scienzepedagogicheedeiservizieducativi\/wp-json\/wp\/v2\/pages"}],"about":[{"href":"https:\/\/people.unica.it\/scienzepedagogicheedeiservizieducativi\/wp-json\/wp\/v2\/types\/page"}],"author":[{"embeddable":true,"href":"https:\/\/people.unica.it\/scienzepedagogicheedeiservizieducativi\/wp-json\/wp\/v2\/users\/1"}],"replies":[{"embeddable":true,"href":"https:\/\/people.unica.it\/scienzepedagogicheedeiservizieducativi\/wp-json\/wp\/v2\/comments?post=1251"}],"version-history":[{"count":33,"href":"https:\/\/people.unica.it\/scienzepedagogicheedeiservizieducativi\/wp-json\/wp\/v2\/pages\/1251\/revisions"}],"predecessor-version":[{"id":4511,"href":"https:\/\/people.unica.it\/scienzepedagogicheedeiservizieducativi\/wp-json\/wp\/v2\/pages\/1251\/revisions\/4511"}],"up":[{"embeddable":true,"href":"https:\/\/people.unica.it\/scienzepedagogicheedeiservizieducativi\/wp-json\/wp\/v2\/pages\/29"}],"wp:attachment":[{"href":"https:\/\/people.unica.it\/scienzepedagogicheedeiservizieducativi\/wp-json\/wp\/v2\/media?parent=1251"}],"curies":[{"name":"wp","href":"https:\/\/api.w.org\/{rel}","templated":true}]}}