{"id":1249,"date":"2012-11-26T10:35:15","date_gmt":"2012-11-26T10:35:15","guid":{"rendered":"http:\/\/people.unica.it\/provacds2\/?page_id=1249"},"modified":"2018-12-18T15:32:43","modified_gmt":"2018-12-18T15:32:43","slug":"ordinamento","status":"publish","type":"page","link":"https:\/\/people.unica.it\/scienzepedagogicheedeiservizieducativi\/didattica\/ordinamento\/","title":{"rendered":"Ordinamento"},"content":{"rendered":"<p>L\u2019Ordinamento didattico di un corso di studio, come specificato nell\u2019articolo 11 del DM 270\/2004, \u00e8 l\u2019insieme delle norme che regolano il Corso di studio. L\u2019ordinamento didattico \u00e8 definito dal Consiglio di Facolt\u00e0 su proposta del Consiglio di Corso di studi sulla base delle procedure e della normativa vigente ed \u00e8 emanato con decreto Rettorale. L\u2019ordinamento didattico determina:<\/p>\n<ul>\n<li>le denominazioni e gli obiettivi formativi dei corsi di studio e la relativa classe di appartenenza;<\/li>\n<li>il quadro generale delle attivit\u00e0 formative inserite nei curricula;<\/li>\n<li>i crediti assegnati a ciascuna attivit\u00e0 formativa e i riferimenti ai settori scientifico-disciplinari degli insegnamenti;<\/li>\n<li>le caratteristiche della prova finale per il conseguimento del titolo di studio.<\/li>\n<\/ul>\n<hr \/>\n<ul>\n<li><a title=\"Ordinamento didattico scienze pedagogiche e dei servizi educativi\" href=\"http:\/\/people.unica.it\/scienzepedagogicheedeiservizieducativi\/files\/2012\/11\/Ordinamento_scienze_pedagogiche_servizi_educativi.pdf\" target=\"_blank\" rel=\"noopener\"><strong>Ordinamento didattico del CdS LM-50\/85<\/strong><\/a><\/li>\n<li><a href=\"http:\/\/people.unica.it\/scienzepedagogicheedeiservizieducativi\/files\/2018\/12\/LM-50_85-Tabella-ministeriale.pdf\">Tabella ministeriale dei Corsi di Studio Magistrale LM-50 e LM-85<\/a> (D.M 16 marzo 2007)<\/li>\n<\/ul>\n","protected":false},"excerpt":{"rendered":"<p>L\u2019Ordinamento didattico di un corso di studio, come specificato nell\u2019articolo 11 del DM 270\/2004, \u00e8 l\u2019insieme delle norme che regolano il Corso di studio. L\u2019ordinamento didattico \u00e8 definito dal Consiglio di Facolt\u00e0 su proposta del Consiglio di Corso di studi sulla base delle procedure e della normativa vigente ed \u00e8 emanato con decreto Rettorale. L\u2019ordinamento didattico determina: le denominazioni e gli obiettivi formativi dei corsi di studio e la relativa classe di appartenenza; il quadro generale delle attivit\u00e0 formative inserite nei curricula; i crediti assegnati a ciascuna attivit\u00e0 formativa e i riferimenti ai settori scientifico-disciplinari degli insegnamenti; le caratteristiche della <a href='https:\/\/people.unica.it\/scienzepedagogicheedeiservizieducativi\/didattica\/ordinamento\/' class='excerpt-more'>[&#8230;]<\/a><\/p>\n","protected":false},"author":1,"featured_media":0,"parent":29,"menu_order":0,"comment_status":"closed","ping_status":"closed","template":"","meta":{"footnotes":""},"class_list":["post-1249","page","type-page","status-publish","hentry","post-seq-1","post-parity-odd","meta-position-corners","fix"],"_links":{"self":[{"href":"https:\/\/people.unica.it\/scienzepedagogicheedeiservizieducativi\/wp-json\/wp\/v2\/pages\/1249","targetHints":{"allow":["GET"]}}],"collection":[{"href":"https:\/\/people.unica.it\/scienzepedagogicheedeiservizieducativi\/wp-json\/wp\/v2\/pages"}],"about":[{"href":"https:\/\/people.unica.it\/scienzepedagogicheedeiservizieducativi\/wp-json\/wp\/v2\/types\/page"}],"author":[{"embeddable":true,"href":"https:\/\/people.unica.it\/scienzepedagogicheedeiservizieducativi\/wp-json\/wp\/v2\/users\/1"}],"replies":[{"embeddable":true,"href":"https:\/\/people.unica.it\/scienzepedagogicheedeiservizieducativi\/wp-json\/wp\/v2\/comments?post=1249"}],"version-history":[{"count":13,"href":"https:\/\/people.unica.it\/scienzepedagogicheedeiservizieducativi\/wp-json\/wp\/v2\/pages\/1249\/revisions"}],"predecessor-version":[{"id":3242,"href":"https:\/\/people.unica.it\/scienzepedagogicheedeiservizieducativi\/wp-json\/wp\/v2\/pages\/1249\/revisions\/3242"}],"up":[{"embeddable":true,"href":"https:\/\/people.unica.it\/scienzepedagogicheedeiservizieducativi\/wp-json\/wp\/v2\/pages\/29"}],"wp:attachment":[{"href":"https:\/\/people.unica.it\/scienzepedagogicheedeiservizieducativi\/wp-json\/wp\/v2\/media?parent=1249"}],"curies":[{"name":"wp","href":"https:\/\/api.w.org\/{rel}","templated":true}]}}