{"id":1245,"date":"2012-11-26T10:34:21","date_gmt":"2012-11-26T10:34:21","guid":{"rendered":"http:\/\/people.unica.it\/provacds2\/?page_id=1245"},"modified":"2020-09-24T08:24:18","modified_gmt":"2020-09-24T08:24:18","slug":"requisiti-di-trasparenza","status":"publish","type":"page","link":"https:\/\/people.unica.it\/scienzepedagogicheedeiservizieducativi\/requisiti-di-trasparenza\/","title":{"rendered":"Trasparenza e qualit\u00e0"},"content":{"rendered":"<p>Il Corso di studi \u00e8 costantemente impegnato nell&#8217;assicurazione della qualit\u00e0 attraverso i suoi organi collegiali.<\/p>\n<ul>\n<li><a href=\"http:\/\/people.unica.it\/scienzedelleducazioneedellaformazione\/files\/2017\/07\/Sistema-AQ-AreaPED-2017.pdf\">Documento di Assicurazione della Qualit\u00e0 del CdS<\/a>\u00a0(approvato dal consiglio del 21\/6\/2017)<\/li>\n<li><a href=\"http:\/\/people.unica.it\/scienzedelleducazioneedellaformazione\/files\/2018\/12\/Scadenzario-AQ-CdL-2017.pdf\">Calendario AQ<\/a><\/li>\n<li><a href=\"https:\/\/www.universitaly.it\/index.php\/scheda\/sua\/37008\">Scheda SUA CdS<\/a><\/li>\n<li><a href=\"http:\/\/people.unica.it\/scienzepedagogicheedeiservizieducativi\/chi-siamo\/commissioni\/\">Commissioni del CdS<\/a><\/li>\n<\/ul>\n<p><strong><span style=\"color: #000000\">Test di ammissione<\/span><\/strong><\/p>\n<ul>\n<li>A.A. 2019\/2020: <a href=\"http:\/\/people.unica.it\/scienzepedagogicheedeiservizieducativi\/files\/2019\/11\/2019-20-LM-50_85-DOMANDE.pdf\">domande<\/a>; <a href=\"http:\/\/people.unica.it\/scienzepedagogicheedeiservizieducativi\/files\/2019\/11\/2019-20-LM-50_85-RISPOSTE.pdf\">risposte<\/a><\/li>\n<li>A.A. 2018\/2019: <a href=\"http:\/\/people.unica.it\/scienzepedagogicheedeiservizieducativi\/files\/2019\/09\/30-44-test-2018-DOMANDE.pdf\">domande<\/a>; <a href=\"http:\/\/people.unica.it\/scienzepedagogicheedeiservizieducativi\/files\/2019\/09\/30-44-test-2018-RISPOSTE.pdf\">risposte<\/a><\/li>\n<li>A.A. 2017\/2018: <a href=\"http:\/\/people.unica.it\/scienzepedagogicheedeiservizieducativi\/files\/2018\/05\/questionario-LM-SPSE-AA-201718-1.pdf\">domande<\/a>; <em>risposte<\/em><\/li>\n<li>A.A. 2016\/2017: <a href=\"http:\/\/people.unica.it\/scienzepedagogicheedeiservizieducativi\/files\/2012\/11\/Test-magistrale-interclasse-pedagogica-2016-17-domande.pdf\" target=\"_blank\" rel=\"noopener noreferrer\">domande<\/a>; <a href=\"http:\/\/people.unica.it\/scienzepedagogicheedeiservizieducativi\/files\/2012\/11\/SPSE-20-16_17-risposte.pdf\" target=\"_blank\" rel=\"noopener noreferrer\">risposte<\/a><\/li>\n<li>A.A. 2015\/2016: <a href=\"http:\/\/people.unica.it\/scienzepedagogicheedeiservizieducativi\/files\/2012\/11\/SPSE_domande.pdf\" target=\"_blank\" rel=\"noopener noreferrer\">domande<\/a>; <a href=\"http:\/\/people.unica.it\/scienzepedagogicheedeiservizieducativi\/files\/2012\/11\/SPSE_risposte.pdf\" target=\"_blank\" rel=\"noopener noreferrer\">risposte<\/a><\/li>\n<li>A.A. 2014-2015:\u00a0<a href=\"http:\/\/people.unica.it\/scienzepedagogicheedeiservizieducativi\/files\/2012\/11\/DOMANDE.pdf\" target=\"_blank\" rel=\"noopener noreferrer\">domande<\/a>;\u00a0<a href=\"http:\/\/people.unica.it\/scienzepedagogicheedeiservizieducativi\/files\/2012\/11\/risposte.pdf\" target=\"_blank\" rel=\"noopener noreferrer\">risposte<\/a><\/li>\n<li><a title=\"A.A. 2013-2014\" href=\"http:\/\/people.unica.it\/scienzepedagogicheedeiservizieducativi\/files\/2012\/11\/Test-di-ingresso-A.A.-2013-2014.pdf\" target=\"_blank\" rel=\"noopener noreferrer\">A.A. 2013-2014<\/a><\/li>\n<li><a href=\"http:\/\/people.unica.it\/scienzepedagogicheedeiservizieducativi\/files\/2014\/06\/Test-di-ingresso-AA_2012-2011.pdf\" target=\"_blank\" rel=\"noopener noreferrer\">A.A. 2012-2013<\/a><\/li>\n<li><a href=\"http:\/\/people.unica.it\/scienzepedagogicheedeiservizieducativi\/files\/2014\/06\/Test-di-ingresso-AA_2011-2012.pdf\" target=\"_blank\" rel=\"noopener noreferrer\">A.A. 2011-2012<\/a><\/li>\n<\/ul>\n<p><strong>Autovalutazione e valutazione di qualit\u00e0<\/strong><\/p>\n<ul>\n<li><a href=\"http:\/\/people.unica.it\/scienzepedagogicheedeiservizieducativi\/requisiti-di-trasparenza\/valutazione-della-didattica\/\">Valutazione della didattica\/Opinioni degli studenti<\/a><\/li>\n<li><a href=\"http:\/\/people.unica.it\/scienzepedagogicheedeiservizieducativi\/opinioni-tirocini-curriculari\/\">Opinioni sui tirocini curriculari (opinioni studenti e enti e imprese)<\/a><\/li>\n<li><a href=\"http:\/\/people.unica.it\/scienzepedagogicheedeiservizieducativi\/verbali-cav\/\">Verbali della Commissione di Autovalutazione<\/a><\/li>\n<li><a href=\"http:\/\/people.unica.it\/scienzepedagogicheedeiservizieducativi\/chi-siamo\/commissioni\/comitato-di-indirizzo\/\">Componenti e verbali Comitato indirizzo<\/a><\/li>\n<\/ul>\n<p><strong>Requisiti di trasparenza<\/strong><\/p>\n<ul>\n<li><a href=\"http:\/\/www2.almalaurea.it\/cgi-php\/universita\/statistiche\/framescheda.php?anno=2017&amp;corstipo=LS&amp;ateneo=70004&amp;facolta=tutti&amp;gruppo=tutti&amp;pa=70004&amp;classe=11087&amp;corso=tutti&amp;postcorso=0920107305100002&amp;isstella=0&amp;isstella=0&amp;disaggregazione=&amp;LANG=it&amp;CONFIG=profilo\">Indagine soddisfazione laureati 2017<\/a><\/li>\n<li><a href=\"http:\/\/people.unica.it\/scienzepedagogicheedeiservizieducativi\/files\/2018\/12\/15-3-2017-SCIENZE-PEDAGOGICHE-E-SERV-EDU-LM50-85.pdf\">Dati di monitoraggio al 15\/03\/2017<\/a><\/li>\n<li><a href=\"http:\/\/people.unica.it\/scienzepedagogicheedeiservizieducativi\/files\/2018\/12\/31-5-2016-SCIENZE-PEDAGOGICHE-E-DEI-SERVIZI-EDUCATIVI-LM.pdf\">Dati di monitoraggio al 31\/05\/2016<\/a><\/li>\n<li><a href=\"http:\/\/unica2.unica.it\/nuvat\/index.php?page=A_relaz_annuale\">Relazioni del nucleo di valutazione di Ateneo<\/a><\/li>\n<li><a href=\"http:\/\/people.unica.it\/scienzepedagogicheedeiservizieducativi\/requisiti-di-trasparenza\/archivio-dati-statistici\/\">Archivio dati statistici<\/a><\/li>\n<\/ul>\n","protected":false},"excerpt":{"rendered":"<p>Il Corso di studi \u00e8 costantemente impegnato nell&#8217;assicurazione della qualit\u00e0 attraverso i suoi organi collegiali. Documento di Assicurazione della Qualit\u00e0 del CdS\u00a0(approvato dal consiglio del 21\/6\/2017) Calendario AQ Scheda SUA CdS Commissioni del CdS Test di ammissione A.A. 2019\/2020: domande; risposte A.A. 2018\/2019: domande; risposte A.A. 2017\/2018: domande; risposte A.A. 2016\/2017: domande; risposte A.A. 2015\/2016: domande; risposte A.A. 2014-2015:\u00a0domande;\u00a0risposte A.A. 2013-2014 A.A. 2012-2013 A.A. 2011-2012 Autovalutazione e valutazione di qualit\u00e0 Valutazione della didattica\/Opinioni degli studenti Opinioni sui tirocini curriculari (opinioni studenti e enti e imprese) Verbali della Commissione di Autovalutazione Componenti e verbali Comitato indirizzo Requisiti di trasparenza Indagine soddisfazione <a href='https:\/\/people.unica.it\/scienzepedagogicheedeiservizieducativi\/requisiti-di-trasparenza\/' class='excerpt-more'>[&#8230;]<\/a><\/p>\n","protected":false},"author":643,"featured_media":0,"parent":0,"menu_order":0,"comment_status":"closed","ping_status":"closed","template":"","meta":{"footnotes":""},"class_list":["post-1245","page","type-page","status-publish","hentry","post-seq-1","post-parity-odd","meta-position-corners","fix"],"_links":{"self":[{"href":"https:\/\/people.unica.it\/scienzepedagogicheedeiservizieducativi\/wp-json\/wp\/v2\/pages\/1245","targetHints":{"allow":["GET"]}}],"collection":[{"href":"https:\/\/people.unica.it\/scienzepedagogicheedeiservizieducativi\/wp-json\/wp\/v2\/pages"}],"about":[{"href":"https:\/\/people.unica.it\/scienzepedagogicheedeiservizieducativi\/wp-json\/wp\/v2\/types\/page"}],"author":[{"embeddable":true,"href":"https:\/\/people.unica.it\/scienzepedagogicheedeiservizieducativi\/wp-json\/wp\/v2\/users\/643"}],"replies":[{"embeddable":true,"href":"https:\/\/people.unica.it\/scienzepedagogicheedeiservizieducativi\/wp-json\/wp\/v2\/comments?post=1245"}],"version-history":[{"count":64,"href":"https:\/\/people.unica.it\/scienzepedagogicheedeiservizieducativi\/wp-json\/wp\/v2\/pages\/1245\/revisions"}],"predecessor-version":[{"id":3977,"href":"https:\/\/people.unica.it\/scienzepedagogicheedeiservizieducativi\/wp-json\/wp\/v2\/pages\/1245\/revisions\/3977"}],"wp:attachment":[{"href":"https:\/\/people.unica.it\/scienzepedagogicheedeiservizieducativi\/wp-json\/wp\/v2\/media?parent=1245"}],"curies":[{"name":"wp","href":"https:\/\/api.w.org\/{rel}","templated":true}]}}