{"id":1231,"date":"2012-11-26T10:28:30","date_gmt":"2012-11-26T10:28:30","guid":{"rendered":"http:\/\/people.unica.it\/provacds2\/?page_id=1231"},"modified":"2021-10-20T16:15:55","modified_gmt":"2021-10-20T16:15:55","slug":"commissione-erasmus","status":"publish","type":"page","link":"https:\/\/people.unica.it\/scienzepedagogicheedeiservizieducativi\/chi-siamo\/commissioni\/commissione-erasmus\/","title":{"rendered":"Commissione Erasmus e internazionalizzazione"},"content":{"rendered":"<p>La Commissione Erasmus e internazionalizzazione fornisce ai Corsi dell\u2019Area pedagogica il supporto per le attivit\u00e0 di internazionalizzazione e l\u2019incontro con Universit\u00e0 estere sedi di Corsi di Studio in area pedagogica ed educativa. La Commissione ha il compito di promuovere le attivit\u00e0 formative all\u2019estero, istruire le pratiche di riconoscimento dei crediti maturati all\u2019estero dagli studenti (previo esame dei programmi degli insegnamenti sostenuti e della loro coerenza con gli obiettivi formativi), monitorare l\u2019efficacia di tali attivit\u00e0.<\/p>\n<p>La Commissione \u00e8 cos\u00ec composta (delibera 5\/10\/2021):<\/p>\n<ul>\n<li>prof.ssa Gabriella Baptist (Coordinatrice)<\/li>\n<li>prof. Andrea Orsucci<\/li>\n<li>prof. Antonio Ledda<\/li>\n<\/ul>\n<p>Gli studenti interessati alle attivit\u00e0 formative all&#8217;estero possono rivolgersi ai docenti della Commissione durante i loro orari di ricevimento.<\/p>\n<hr \/>\n<p><img decoding=\"async\" src=\"http:\/\/people.unica.it\/scienzepedagogicheedeiservizieducativi\/files\/2018\/12\/Adobe_Icon.png\" \/>\u00a0<a href=\"https:\/\/www.unica.it\/unica\/protected\/111345\/0\/def\/ref\/GNC110561\/\">Linee guida per il riconoscimento di attivit\u00e0 formative all&#8217;estero<\/a><\/p>\n<hr \/>\n<ul>\n<li><a href=\"http:\/\/people.unica.it\/scienzepedagogicheedeiservizieducativi\/chi-siamo\/commissioni\/\">visualizza le altre commissioni<\/a><\/li>\n<\/ul>\n","protected":false},"excerpt":{"rendered":"<p>La Commissione Erasmus e internazionalizzazione fornisce ai Corsi dell\u2019Area pedagogica il supporto per le attivit\u00e0 di internazionalizzazione e l\u2019incontro con Universit\u00e0 estere sedi di Corsi di Studio in area pedagogica ed educativa. La Commissione ha il compito di promuovere le attivit\u00e0 formative all\u2019estero, istruire le pratiche di riconoscimento dei crediti maturati all\u2019estero dagli studenti (previo esame dei programmi degli insegnamenti sostenuti e della loro coerenza con gli obiettivi formativi), monitorare l\u2019efficacia di tali attivit\u00e0. La Commissione \u00e8 cos\u00ec composta (delibera 5\/10\/2021): prof.ssa Gabriella Baptist (Coordinatrice) prof. Andrea Orsucci prof. Antonio Ledda Gli studenti interessati alle attivit\u00e0 formative all&#8217;estero possono rivolgersi <a href='https:\/\/people.unica.it\/scienzepedagogicheedeiservizieducativi\/chi-siamo\/commissioni\/commissione-erasmus\/' class='excerpt-more'>[&#8230;]<\/a><\/p>\n","protected":false},"author":643,"featured_media":0,"parent":14,"menu_order":0,"comment_status":"closed","ping_status":"closed","template":"","meta":{"footnotes":""},"class_list":["post-1231","page","type-page","status-publish","hentry","post-seq-1","post-parity-odd","meta-position-corners","fix"],"_links":{"self":[{"href":"https:\/\/people.unica.it\/scienzepedagogicheedeiservizieducativi\/wp-json\/wp\/v2\/pages\/1231","targetHints":{"allow":["GET"]}}],"collection":[{"href":"https:\/\/people.unica.it\/scienzepedagogicheedeiservizieducativi\/wp-json\/wp\/v2\/pages"}],"about":[{"href":"https:\/\/people.unica.it\/scienzepedagogicheedeiservizieducativi\/wp-json\/wp\/v2\/types\/page"}],"author":[{"embeddable":true,"href":"https:\/\/people.unica.it\/scienzepedagogicheedeiservizieducativi\/wp-json\/wp\/v2\/users\/643"}],"replies":[{"embeddable":true,"href":"https:\/\/people.unica.it\/scienzepedagogicheedeiservizieducativi\/wp-json\/wp\/v2\/comments?post=1231"}],"version-history":[{"count":11,"href":"https:\/\/people.unica.it\/scienzepedagogicheedeiservizieducativi\/wp-json\/wp\/v2\/pages\/1231\/revisions"}],"predecessor-version":[{"id":4368,"href":"https:\/\/people.unica.it\/scienzepedagogicheedeiservizieducativi\/wp-json\/wp\/v2\/pages\/1231\/revisions\/4368"}],"up":[{"embeddable":true,"href":"https:\/\/people.unica.it\/scienzepedagogicheedeiservizieducativi\/wp-json\/wp\/v2\/pages\/14"}],"wp:attachment":[{"href":"https:\/\/people.unica.it\/scienzepedagogicheedeiservizieducativi\/wp-json\/wp\/v2\/media?parent=1231"}],"curies":[{"name":"wp","href":"https:\/\/api.w.org\/{rel}","templated":true}]}}