{"id":1225,"date":"2012-11-26T10:27:00","date_gmt":"2012-11-26T10:27:00","guid":{"rendered":"http:\/\/people.unica.it\/provacds2\/?page_id=1225"},"modified":"2021-10-20T16:35:49","modified_gmt":"2021-10-20T16:35:49","slug":"commissione-procedure-test-ingresso","status":"publish","type":"page","link":"https:\/\/people.unica.it\/scienzepedagogicheedeiservizieducativi\/chi-siamo\/commissioni\/commissione-procedure-test-ingresso\/","title":{"rendered":"Commissione procedure test di ingresso"},"content":{"rendered":"<p>La Commissione procedure test di ingresso ha il compito di predisporre, organizzare e presiedere le operazioni relative alle prove di valutazione dei test di ingresso. La commissione si preoccupa inoltre di seguire i processi di costituzione delle graduatorie degli ammessi elaborate dalla Presidenza di Facolt\u00e0 e dalla Segreteria studenti. La commissione ha inoltre il compito di individuare tra gli immatricolati alla triennale quelli che si sono iscritti con un debito formativo e di certificare lo svolgimento delle attivit\u00e0 di riallineamento e l\u2019avvenuto recupero dei debiti stessi al fine dell\u2019immatricolazione al secondo anno, cos\u00ec come previsto dal regolamento didattico. La Commissione \u00e8 cos\u00ec composta (delibera 5\/10\/2021),<\/p>\n<p>per l\u2019ammissione al Corso di studi triennale in Scienze dell\u2019Educazione e della Formazione:<\/p>\n<ul>\n<li>prof. Giuliano Vivanet (Coordinatore)<\/li>\n<li>prof.ssa Chiara Fastame<\/li>\n<li>dott.ssa Elisabetta Artizzu<\/li>\n<\/ul>\n<p>per i test d\u2019ingresso al Corso magistrale interclasse in Scienze Pedagogiche e dei Servizi Educativi:<\/p>\n<ul>\n<li>prof. Antonio Ledda (Coordinatore)<\/li>\n<li>prof. Carlo Maxia<\/li>\n<\/ul>\n<hr \/>\n<ul>\n<li><a href=\"http:\/\/people.unica.it\/scienzepedagogicheedeiservizieducativi\/chi-siamo\/commissioni\/\">visualizza le altre commissioni<\/a><\/li>\n<\/ul>\n","protected":false},"excerpt":{"rendered":"<p>La Commissione procedure test di ingresso ha il compito di predisporre, organizzare e presiedere le operazioni relative alle prove di valutazione dei test di ingresso. La commissione si preoccupa inoltre di seguire i processi di costituzione delle graduatorie degli ammessi elaborate dalla Presidenza di Facolt\u00e0 e dalla Segreteria studenti. La commissione ha inoltre il compito di individuare tra gli immatricolati alla triennale quelli che si sono iscritti con un debito formativo e di certificare lo svolgimento delle attivit\u00e0 di riallineamento e l\u2019avvenuto recupero dei debiti stessi al fine dell\u2019immatricolazione al secondo anno, cos\u00ec come previsto dal regolamento didattico. La Commissione <a href='https:\/\/people.unica.it\/scienzepedagogicheedeiservizieducativi\/chi-siamo\/commissioni\/commissione-procedure-test-ingresso\/' class='excerpt-more'>[&#8230;]<\/a><\/p>\n","protected":false},"author":643,"featured_media":0,"parent":14,"menu_order":0,"comment_status":"closed","ping_status":"closed","template":"","meta":{"footnotes":""},"class_list":["post-1225","page","type-page","status-publish","hentry","post-seq-1","post-parity-odd","meta-position-corners","fix"],"_links":{"self":[{"href":"https:\/\/people.unica.it\/scienzepedagogicheedeiservizieducativi\/wp-json\/wp\/v2\/pages\/1225","targetHints":{"allow":["GET"]}}],"collection":[{"href":"https:\/\/people.unica.it\/scienzepedagogicheedeiservizieducativi\/wp-json\/wp\/v2\/pages"}],"about":[{"href":"https:\/\/people.unica.it\/scienzepedagogicheedeiservizieducativi\/wp-json\/wp\/v2\/types\/page"}],"author":[{"embeddable":true,"href":"https:\/\/people.unica.it\/scienzepedagogicheedeiservizieducativi\/wp-json\/wp\/v2\/users\/643"}],"replies":[{"embeddable":true,"href":"https:\/\/people.unica.it\/scienzepedagogicheedeiservizieducativi\/wp-json\/wp\/v2\/comments?post=1225"}],"version-history":[{"count":16,"href":"https:\/\/people.unica.it\/scienzepedagogicheedeiservizieducativi\/wp-json\/wp\/v2\/pages\/1225\/revisions"}],"predecessor-version":[{"id":4370,"href":"https:\/\/people.unica.it\/scienzepedagogicheedeiservizieducativi\/wp-json\/wp\/v2\/pages\/1225\/revisions\/4370"}],"up":[{"embeddable":true,"href":"https:\/\/people.unica.it\/scienzepedagogicheedeiservizieducativi\/wp-json\/wp\/v2\/pages\/14"}],"wp:attachment":[{"href":"https:\/\/people.unica.it\/scienzepedagogicheedeiservizieducativi\/wp-json\/wp\/v2\/media?parent=1225"}],"curies":[{"name":"wp","href":"https:\/\/api.w.org\/{rel}","templated":true}]}}