{"id":102,"date":"2012-04-12T12:03:39","date_gmt":"2012-04-12T12:03:39","guid":{"rendered":"http:\/\/people.unica.it\/basecds\/?page_id=102"},"modified":"2022-07-18T18:51:58","modified_gmt":"2022-07-18T18:51:58","slug":"home","status":"publish","type":"page","link":"https:\/\/people.unica.it\/scienzepedagogicheedeiservizieducativi\/","title":{"rendered":"Home"},"content":{"rendered":"<p>Questo \u00e8 il sito del Corso di studi interclasse in <strong>Scienze pedagogiche e dei servizi educativi (LM-50 &amp; LM-85)<\/strong>, corso per il quale non sar\u00e0 pi\u00f9 possibile immatricolarsi; dall\u2019<strong>Anno Accademico 2022-2023 <\/strong>verr\u00e0 attivato solo il secondo anno del Corso per i gi\u00e0 immatricolati.<\/p>\n<p>Al suo posto prender\u00e0 avvio il <strong>Corso di Laurea Magistrale in Scienze pedagogiche e dei processi formativi (LM-85). <\/strong><\/p>\n<p>Si invitano gli interessati al Corso di laurea magistrale a considerare i contenuti del sito del nuovo corso visitabile al <strong><a href=\"https:\/\/unica.it\/unica\/it\/crs_30_54.page\">seguente link<\/a>.<\/strong><\/p>\n<hr \/>\n<div class=\"elencoarticoli\"><h3>Elenco avvisi Corso di studi in Scienze pedagogiche e dei servizi educativi<\/h3><ul class=\"ulpostelenco\"><li><a target=\"_blank\" title=\"Cessazione erogazione insegnamenti. Corrispondenze nel nuovo CdS\" href=\"https:\/\/people.unica.it\/scienzepedagogicheedeiservizieducativi\/2023\/11\/06\/corrispondenze-insegnamenti\/\" ><div class=\"datapostelenco\">06-11-2023<\/div><div class=\"titolopostelencodata\">Cessazione erogazione insegnamenti. Corrispondenze nel nuovo CdS<div class=\"autorepostelenco\"> (gbonaiuti)<\/div><\/div><\/a><\/li><li><a target=\"_blank\" title=\"Corrispondenze dei laboratori con quelli della nuova LM\" href=\"https:\/\/people.unica.it\/scienzepedagogicheedeiservizieducativi\/2023\/11\/06\/corrispondenze-dei-laboratori-con-quelli-della-nuova-lm\/\" ><div class=\"datapostelenco\">06-11-2023<\/div><div class=\"titolopostelencodata\">Corrispondenze dei laboratori con quelli della nuova LM<div class=\"autorepostelenco\"> (gbonaiuti)<\/div><\/div><\/a><\/li><li><a target=\"_blank\" title=\"Laboratorio di progettazione e coordinamento pedagogico\" href=\"https:\/\/people.unica.it\/scienzepedagogicheedeiservizieducativi\/2023\/06\/13\/laboratorio-di-progettazione-e-coordinamento-pedagogico-2\/\" ><div class=\"datapostelenco\">13-06-2023<\/div><div class=\"titolopostelencodata\">Laboratorio di progettazione e coordinamento pedagogico<div class=\"autorepostelenco\"> (gbonaiuti)<\/div><\/div><\/a><\/li><li><a target=\"_blank\" title=\"Seminari e convegno Bernhard Waldenfels\" href=\"https:\/\/people.unica.it\/scienzepedagogicheedeiservizieducativi\/2023\/05\/29\/seminari-e-convegno-bernhard-waldenfels\/\" ><div class=\"datapostelenco\">29-05-2023<\/div><div class=\"titolopostelencodata\">Seminari e convegno Bernhard Waldenfels<div class=\"autorepostelenco\"> (gbonaiuti)<\/div><\/div><\/a><\/li><li><a target=\"_blank\" title=\"Laboratorio di consulenza e supervisione pedagogica - edizione 2\/2023 LM-85 - Classe delle lauree magistrali in Scienze pedagogiche\" href=\"https:\/\/people.unica.it\/scienzepedagogicheedeiservizieducativi\/2023\/05\/26\/laboratorio-di-consulenza-e-supervisione-pedagogica-edizione-2-2023-lm-85-classe-delle-lauree-magistrali-in-scienze-pedagogiche\/\" ><div class=\"datapostelenco\">26-05-2023<\/div><div class=\"titolopostelencodata\">Laboratorio di consulenza e supervisione pedagogica - edizione 2\/2023 LM-85 - Classe delle lauree magistrali in Scienze pedagogiche<div class=\"autorepostelenco\"> (Studi Umanistici)<\/div><\/div><\/a><\/li><li><a target=\"_blank\" title=\"Laboratorio di consulenza e supervisione pedagogica (LM-85) 2a e ultima edizione\" href=\"https:\/\/people.unica.it\/scienzepedagogicheedeiservizieducativi\/2023\/05\/25\/laboratorio-di-consulenza-e-supervisione-pedagogica-lm-85-2a-e-ultima-edizione\/\" ><div class=\"datapostelenco\">25-05-2023<\/div><div class=\"titolopostelencodata\">Laboratorio di consulenza e supervisione pedagogica (LM-85) 2a e ultima edizione<div class=\"autorepostelenco\"> (gbonaiuti)<\/div><\/div><\/a><\/li><li><a target=\"_blank\" title=\"Laboratorio di progettazione e sviluppo per l\u2019educazione (II e ultima edizione)\" href=\"https:\/\/people.unica.it\/scienzepedagogicheedeiservizieducativi\/2023\/05\/08\/laboratorio-di-progettazione-e-sviluppo-per-leducazione-ii-edizione\/\" ><div class=\"datapostelenco\">08-05-2023<\/div><div class=\"titolopostelencodata\">Laboratorio di progettazione e sviluppo per l\u2019educazione (II e ultima edizione)<div class=\"autorepostelenco\"> (gbonaiuti)<\/div><\/div><\/a><\/li><li><a target=\"_blank\" title=\"Laboratorio di metodi e tecniche per la progettazione pedagogica \u2013 2a (e ultima) Edizione 2023\" href=\"https:\/\/people.unica.it\/scienzepedagogicheedeiservizieducativi\/2023\/04\/21\/laboratorio-di-metodi-e-tecniche-per-la-progettazione-pedagogica-2a-e-ultima-edizione-2023\/\" ><div class=\"datapostelenco\">21-04-2023<\/div><div class=\"titolopostelencodata\">Laboratorio di metodi e tecniche per la progettazione pedagogica \u2013 2a (e ultima) Edizione 2023<div class=\"autorepostelenco\"> (gbonaiuti)<\/div><\/div><\/a><\/li><li><a target=\"_blank\" title=\"Lezioni Laboratorio orientamento al tirocinio LM-85\/50 (II e ultima edizione)\" href=\"https:\/\/people.unica.it\/scienzepedagogicheedeiservizieducativi\/2023\/04\/18\/lezioni-lot-lm-85-50\/\" ><div class=\"datapostelenco\">18-04-2023<\/div><div class=\"titolopostelencodata\">Lezioni Laboratorio orientamento al tirocinio LM-85\/50 (II e ultima edizione)<div class=\"autorepostelenco\"> (Studi Umanistici)<\/div><\/div><\/a><\/li><li><a target=\"_blank\" title=\"Laboratorio di progettazione e coordinamento pedagogico - Edizione 1\/2023\" href=\"https:\/\/people.unica.it\/scienzepedagogicheedeiservizieducativi\/2023\/02\/21\/laboratorio-di-progettazione-e-coordinamento-pedagogico\/\" ><div class=\"datapostelenco\">21-02-2023<\/div><div class=\"titolopostelencodata\">Laboratorio di progettazione e coordinamento pedagogico - Edizione 1\/2023<div class=\"autorepostelenco\"> (gbonaiuti)<\/div><\/div><\/a><\/li><li><a target=\"_blank\" title=\"Laboratorio di metodi e tecniche per la progettazione pedagogica \u2013 1a Edizione 2023\" href=\"https:\/\/people.unica.it\/scienzepedagogicheedeiservizieducativi\/2023\/02\/07\/laboratorio-di-metodi-e-tecniche-per-la-progettazione-pedagogica-edizione-i-2023\/\" ><div class=\"datapostelenco\">07-02-2023<\/div><div class=\"titolopostelencodata\">Laboratorio di metodi e tecniche per la progettazione pedagogica \u2013 1a Edizione 2023<div class=\"autorepostelenco\"> (gbonaiuti)<\/div><\/div><\/a><\/li><li><a target=\"_blank\" title=\"Laboratorio di Orientamento al Tirocinio Curriculare (I Edizione)\" href=\"https:\/\/people.unica.it\/scienzepedagogicheedeiservizieducativi\/2023\/02\/02\/laboratorio-orientamento-tirocinio\/\" ><div class=\"datapostelenco\">02-02-2023<\/div><div class=\"titolopostelencodata\">Laboratorio di Orientamento al Tirocinio Curriculare (I Edizione)<div class=\"autorepostelenco\"> (gbonaiuti)<\/div><\/div><\/a><\/li><li><a target=\"_blank\" title=\"CAREER DAY 2023. Ciclo di seminari e incontri\" href=\"https:\/\/people.unica.it\/scienzepedagogicheedeiservizieducativi\/2022\/12\/22\/career-day-2023-ciclo-di-seminari-e-incontri\/\" ><div class=\"datapostelenco\">22-12-2022<\/div><div class=\"titolopostelencodata\">CAREER DAY 2023. Ciclo di seminari e incontri<div class=\"autorepostelenco\"> (gbonaiuti)<\/div><\/div><\/a><\/li><li><a target=\"_blank\" title=\"Laboratorio di consulenza e supervisione pedagogica - Edizione 1\/2023\" href=\"https:\/\/people.unica.it\/scienzepedagogicheedeiservizieducativi\/2022\/12\/21\/laboratorio-di-consulenza-e-supervisione-pedagogica-edizione-i-2023\/\" ><div class=\"datapostelenco\">21-12-2022<\/div><div class=\"titolopostelencodata\">Laboratorio di consulenza e supervisione pedagogica - Edizione 1\/2023<div class=\"autorepostelenco\"> (Studi Umanistici)<\/div><\/div><\/a><\/li><li><a target=\"_blank\" title=\"Talk \"La ricerca in carcere e sul carcere\"\" href=\"https:\/\/people.unica.it\/scienzepedagogicheedeiservizieducativi\/2022\/09\/26\/talk-la-ricerca-in-carcere-e-sul-carcere\/\" ><div class=\"datapostelenco\">26-09-2022<\/div><div class=\"titolopostelencodata\">Talk \"La ricerca in carcere e sul carcere\"<div class=\"autorepostelenco\"> (gbonaiuti)<\/div><\/div><\/a><\/li><li><a target=\"_blank\" title=\"Terzo incontro del ciclo di seminari sull'autismo\" href=\"https:\/\/people.unica.it\/scienzepedagogicheedeiservizieducativi\/2022\/07\/11\/ciclo-di-seminari-sullautismo\/\" ><div class=\"datapostelenco\">11-07-2022<\/div><div class=\"titolopostelencodata\">Terzo incontro del ciclo di seminari sull'autismo<div class=\"autorepostelenco\"> (gbonaiuti)<\/div><\/div><\/a><\/li><li><a target=\"_blank\" title=\"Laboratorio di progettazione e sviluppo per l\u2019educazione interculturale (II ed.)\" href=\"https:\/\/people.unica.it\/scienzepedagogicheedeiservizieducativi\/2022\/05\/19\/laboratorio-di-progettazione-e-sviluppo-per-leducazione-interculturale-ii-ed\/\" ><div class=\"datapostelenco\">19-05-2022<\/div><div class=\"titolopostelencodata\">Laboratorio di progettazione e sviluppo per l\u2019educazione interculturale (II ed.)<div class=\"autorepostelenco\"> (gbonaiuti)<\/div><\/div><\/a><\/li><li><a target=\"_blank\" title=\"Laboratorio sugli approcci consulenziali alla progettazione educativa (II ed.)\" href=\"https:\/\/people.unica.it\/scienzepedagogicheedeiservizieducativi\/2022\/05\/19\/laboratorio-sugli-approcci-consulenziali-alla-progettazione-educativa-ii-ed\/\" ><div class=\"datapostelenco\">19-05-2022<\/div><div class=\"titolopostelencodata\">Laboratorio sugli approcci consulenziali alla progettazione educativa (II ed.)<div class=\"autorepostelenco\"> (gbonaiuti)<\/div><\/div><\/a><\/li><li><a target=\"_blank\" title=\"Convegno Internazionale \"Intercorporeality and intersubjectivity\"\" href=\"https:\/\/people.unica.it\/scienzepedagogicheedeiservizieducativi\/2022\/05\/05\/convegno-internazionale-intercorporeality-and-intersubjectivity\/\" ><div class=\"datapostelenco\">05-05-2022<\/div><div class=\"titolopostelencodata\">Convegno Internazionale \"Intercorporeality and intersubjectivity\"<div class=\"autorepostelenco\"> (gbonaiuti)<\/div><\/div><\/a><\/li><li><a target=\"_blank\" title=\"Giornate seminariali \"L\u2019interpretazione tra coscienza, storia, saperi\"\" href=\"https:\/\/people.unica.it\/scienzepedagogicheedeiservizieducativi\/2022\/05\/03\/giornate-seminariali-linterpretazione-tra-coscienza-storia-saperi\/\" ><div class=\"datapostelenco\">03-05-2022<\/div><div class=\"titolopostelencodata\">Giornate seminariali \"L\u2019interpretazione tra coscienza, storia, saperi\"<div class=\"autorepostelenco\"> (gbonaiuti)<\/div><\/div><\/a><\/li><li><a target=\"_blank\" title=\"Ripresa lezioni educazione degli adulti\" href=\"https:\/\/people.unica.it\/scienzepedagogicheedeiservizieducativi\/2022\/04\/07\/educazione-degli-adulti\/\" ><div class=\"datapostelenco\">07-04-2022<\/div><div class=\"titolopostelencodata\">Ripresa lezioni educazione degli adulti<div class=\"autorepostelenco\"> (gbonaiuti)<\/div><\/div><\/a><\/li><li><a target=\"_blank\" title=\"LABORATORIO DI STORIA E TEORIA DELL'EDUCAZIONE (I e II ed.)\" href=\"https:\/\/people.unica.it\/scienzepedagogicheedeiservizieducativi\/2022\/03\/23\/laboratorio-di-storia-e-teoria-delleducazione\/\" ><div class=\"datapostelenco\">23-03-2022<\/div><div class=\"titolopostelencodata\">LABORATORIO DI STORIA E TEORIA DELL'EDUCAZIONE (I e II ed.)<div class=\"autorepostelenco\"> (gbonaiuti)<\/div><\/div><\/a><\/li><li><a target=\"_blank\" title=\"LABORATORIO DI METODI E TECNICHE PER LA PROGETTAZIONE PEDAGOGICA (I e II ed.)\" href=\"https:\/\/people.unica.it\/scienzepedagogicheedeiservizieducativi\/2022\/03\/19\/laboratorio-di-metodi-e-tecniche-per-la-progettazione-pedagogica\/\" ><div class=\"datapostelenco\">19-03-2022<\/div><div class=\"titolopostelencodata\">LABORATORIO DI METODI E TECNICHE PER LA PROGETTAZIONE PEDAGOGICA (I e II ed.)<div class=\"autorepostelenco\"> (gbonaiuti)<\/div><\/div><\/a><\/li><li><a target=\"_blank\" title=\"Lezioni Psicologia dell'educazione\" href=\"https:\/\/people.unica.it\/scienzepedagogicheedeiservizieducativi\/2022\/03\/10\/lezioni-psicologia-delleducazione\/\" ><div class=\"datapostelenco\">10-03-2022<\/div><div class=\"titolopostelencodata\">Lezioni Psicologia dell'educazione<div class=\"autorepostelenco\"> (Studi Umanistici)<\/div><\/div><\/a><\/li><li><a target=\"_blank\" title=\"Finestre per le richieste di riconoscimento crediti liberi e tirocini\" href=\"https:\/\/people.unica.it\/scienzepedagogicheedeiservizieducativi\/2022\/03\/07\/presentazione-riconoscimenti\/\" ><div class=\"datapostelenco\">07-03-2022<\/div><div class=\"titolopostelencodata\">Finestre per le richieste di riconoscimento crediti liberi e tirocini<div class=\"autorepostelenco\"> (gbonaiuti)<\/div><\/div><\/a><\/li><li><a target=\"_blank\" title=\"Informatica e e-learning\" href=\"https:\/\/people.unica.it\/scienzepedagogicheedeiservizieducativi\/2022\/03\/07\/informatica-e-e-learning\/\" ><div class=\"datapostelenco\">07-03-2022<\/div><div class=\"titolopostelencodata\">Informatica e e-learning<div class=\"autorepostelenco\"> (gbonaiuti)<\/div><\/div><\/a><\/li><li><a target=\"_blank\" title=\"Erasmus+ primo avviso 2022\/23\" href=\"https:\/\/people.unica.it\/scienzepedagogicheedeiservizieducativi\/2022\/03\/05\/erasmus-primo-avviso-2022-23\/\" ><div class=\"datapostelenco\">05-03-2022<\/div><div class=\"titolopostelencodata\">Erasmus+ primo avviso 2022\/23<div class=\"autorepostelenco\"> (gbonaiuti)<\/div><\/div><\/a><\/li><li><a target=\"_blank\" title=\"Ciclo di incontri di orientamento e supporto al percorso di studi\" href=\"https:\/\/people.unica.it\/scienzepedagogicheedeiservizieducativi\/2022\/02\/28\/ciclo-di-incontri-di-orientamento-e-supporto-al-percorso-di-studi\/\" ><div class=\"datapostelenco\">28-02-2022<\/div><div class=\"titolopostelencodata\">Ciclo di incontri di orientamento e supporto al percorso di studi<div class=\"autorepostelenco\"> (gbonaiuti)<\/div><\/div><\/a><\/li><li><a target=\"_blank\" title=\"La formazione post\u2013laurea delle professioni pedagogiche tra pubblico e privato\" href=\"https:\/\/people.unica.it\/scienzepedagogicheedeiservizieducativi\/2022\/02\/15\/la-formazione-post-laurea-delle-professioni-pedagogiche-tra-pubblico-e-privato\/\" ><div class=\"datapostelenco\">15-02-2022<\/div><div class=\"titolopostelencodata\">La formazione post\u2013laurea delle professioni pedagogiche tra pubblico e privato<div class=\"autorepostelenco\"> (gbonaiuti)<\/div><\/div><\/a><\/li><li><a target=\"_blank\" title=\"Laboratorio sugli approcci consulenziali alla progettazione educativa\" href=\"https:\/\/people.unica.it\/scienzepedagogicheedeiservizieducativi\/2022\/02\/01\/laboratorio-sugli-approcci-consulenziali-alla-progettazione-educativa\/\" ><div class=\"datapostelenco\">01-02-2022<\/div><div class=\"titolopostelencodata\">Laboratorio sugli approcci consulenziali alla progettazione educativa<div class=\"autorepostelenco\"> (Studi Umanistici)<\/div><\/div><\/a><\/li><\/ul><\/div>\n","protected":false},"excerpt":{"rendered":"<p>Questo \u00e8 il sito del Corso di studi interclasse in Scienze pedagogiche e dei servizi educativi (LM-50 &amp; LM-85), corso per il quale non sar\u00e0 pi\u00f9 possibile immatricolarsi; dall\u2019Anno Accademico 2022-2023 verr\u00e0 attivato solo il secondo anno del Corso per i gi\u00e0 immatricolati. Al suo posto prender\u00e0 avvio il Corso di Laurea Magistrale in Scienze pedagogiche e dei processi formativi (LM-85). Si invitano gli interessati al Corso di laurea magistrale a considerare i contenuti del sito del nuovo corso visitabile al seguente link.<\/p>\n","protected":false},"author":1,"featured_media":0,"parent":0,"menu_order":0,"comment_status":"closed","ping_status":"closed","template":"","meta":{"footnotes":""},"class_list":["post-102","page","type-page","status-publish","hentry","post-seq-1","post-parity-odd","meta-position-corners","fix"],"_links":{"self":[{"href":"https:\/\/people.unica.it\/scienzepedagogicheedeiservizieducativi\/wp-json\/wp\/v2\/pages\/102","targetHints":{"allow":["GET"]}}],"collection":[{"href":"https:\/\/people.unica.it\/scienzepedagogicheedeiservizieducativi\/wp-json\/wp\/v2\/pages"}],"about":[{"href":"https:\/\/people.unica.it\/scienzepedagogicheedeiservizieducativi\/wp-json\/wp\/v2\/types\/page"}],"author":[{"embeddable":true,"href":"https:\/\/people.unica.it\/scienzepedagogicheedeiservizieducativi\/wp-json\/wp\/v2\/users\/1"}],"replies":[{"embeddable":true,"href":"https:\/\/people.unica.it\/scienzepedagogicheedeiservizieducativi\/wp-json\/wp\/v2\/comments?post=102"}],"version-history":[{"count":23,"href":"https:\/\/people.unica.it\/scienzepedagogicheedeiservizieducativi\/wp-json\/wp\/v2\/pages\/102\/revisions"}],"predecessor-version":[{"id":4491,"href":"https:\/\/people.unica.it\/scienzepedagogicheedeiservizieducativi\/wp-json\/wp\/v2\/pages\/102\/revisions\/4491"}],"wp:attachment":[{"href":"https:\/\/people.unica.it\/scienzepedagogicheedeiservizieducativi\/wp-json\/wp\/v2\/media?parent=102"}],"curies":[{"name":"wp","href":"https:\/\/api.w.org\/{rel}","templated":true}]}}