{"id":39,"date":"2008-09-03T08:58:41","date_gmt":"2008-09-03T08:58:41","guid":{"rendered":"http:\/\/people.unica.it\/dirittopubblico\/?page_id=93"},"modified":"2011-04-22T06:11:37","modified_gmt":"2011-04-22T06:11:37","slug":"segreteria-amministrativa","status":"publish","type":"page","link":"https:\/\/people.unica.it\/scienzegiuridicheeforensi\/?page_id=39","title":{"rendered":"Segreteria amministrativa"},"content":{"rendered":"<p><strong><span style=\"font-size: xx-small;font-family: verdana;color: #000080\">Segreteria                  amministrativa: <\/span><\/strong><span style=\"font-size: xx-small;font-family: verdana;color: #000080\">Viale S. Ignazio 86 &#8211; c\/o                  Facolt\u00e0 di Giurisprudenza<\/span><\/p>\n<p><strong><span style=\"font-size: xx-small;font-family: verdana;color: #000080\">Segretario                  amministrativo<\/span><\/strong><\/p>\n<ul>\n<li><span style=\"font-size: xx-small;font-family: verdana;color: #000080\"> <strong>dott. Carlo Secci<\/strong><br \/>\n<span style=\"font-size: xx-small;color: #000080\"> <strong>Tel.<\/strong> 070\/6753819 | <strong>e-mail:<\/strong> <a href=\"mailto:segrgiur@unica.it\">segrgiur@unica.it<\/a> <\/span><\/span><\/li>\n<\/ul>\n<p><strong><span style=\"font-size: xx-small;font-family: verdana;color: #000080\">Personale                  amministrativo:<\/span><\/strong><\/p>\n<ul>\n<li><span style=\"font-size: xx-small;font-family: verdana;color: #000080\"> <strong>Elisabetta Oro<\/strong><br \/>\n<span style=\"font-size: xx-small;color: #000080\"> <strong>Tel.<\/strong> 070\/6753812 | <strong>e-mail:<\/strong> <a href=\"mailto:istdir@unica.it\">istdir@unica.it<\/a> <\/span><\/span><\/li>\n<\/ul>\n<p><span style=\"font-size: xx-small;font-family: verdana;color: #000080\"><strong>Gli orari della                  Segreteria amministrativa sono i seguenti: <\/strong><\/span><\/p>\n<ul>\n<li><span style=\"font-size: xx-small;font-family: verdana;color: #000080\"><strong>Luned\u00ec dalle                    ore 9,00 alle 13,00;<\/strong><\/span><\/li>\n<li><span style=\"font-size: xx-small;font-family: verdana;color: #000080\"><strong>Marted\u00ec &#8211;                    Mercoled\u00ec dalle ore 11,00 alle ore 13,00;<\/strong><\/span><\/li>\n<li><span style=\"font-size: xx-small;font-family: verdana;color: #000080\"><strong>Gioved\u00ec                    dalle ore 9,00 alle 13,00 e dalle 16,00 alle 18,00;<\/strong><\/span><\/li>\n<li><span style=\"font-size: xx-small;font-family: verdana;color: #000080\"><strong>Venerd\u00ec dalle ore 10,00 alle ore 11,30;<\/strong><\/span><\/li>\n<\/ul>\n","protected":false},"excerpt":{"rendered":"<p>Segreteria amministrativa: Viale S. Ignazio 86 &#8211; c\/o Facolt\u00e0 di Giurisprudenza Segretario amministrativo dott. Carlo Secci Tel. 070\/6753819 | e-mail: segrgiur@unica.it Personale amministrativo: Elisabetta Oro Tel. 070\/6753812 | e-mail: istdir@unica.it Gli orari della Segreteria amministrativa sono i seguenti: Luned\u00ec dalle ore 9,00 alle 13,00; Marted\u00ec &#8211; Mercoled\u00ec dalle ore 11,00 alle ore 13,00; Gioved\u00ec dalle ore 9,00 alle 13,00 e dalle 16,00 alle 18,00; Venerd\u00ec dalle ore 10,00 alle ore 11,30;<\/p>\n","protected":false},"author":233,"featured_media":0,"parent":0,"menu_order":15,"comment_status":"closed","ping_status":"closed","template":"","meta":{"footnotes":""},"class_list":["post-39","page","type-page","status-publish","hentry","category-23355-id","post-seq-1","post-parity-odd","meta-position-corners","fix"],"_links":{"self":[{"href":"https:\/\/people.unica.it\/scienzegiuridicheeforensi\/index.php?rest_route=\/wp\/v2\/pages\/39","targetHints":{"allow":["GET"]}}],"collection":[{"href":"https:\/\/people.unica.it\/scienzegiuridicheeforensi\/index.php?rest_route=\/wp\/v2\/pages"}],"about":[{"href":"https:\/\/people.unica.it\/scienzegiuridicheeforensi\/index.php?rest_route=\/wp\/v2\/types\/page"}],"author":[{"embeddable":true,"href":"https:\/\/people.unica.it\/scienzegiuridicheeforensi\/index.php?rest_route=\/wp\/v2\/users\/233"}],"replies":[{"embeddable":true,"href":"https:\/\/people.unica.it\/scienzegiuridicheeforensi\/index.php?rest_route=%2Fwp%2Fv2%2Fcomments&post=39"}],"version-history":[{"count":41,"href":"https:\/\/people.unica.it\/scienzegiuridicheeforensi\/index.php?rest_route=\/wp\/v2\/pages\/39\/revisions"}],"predecessor-version":[{"id":188,"href":"https:\/\/people.unica.it\/scienzegiuridicheeforensi\/index.php?rest_route=\/wp\/v2\/pages\/39\/revisions\/188"}],"wp:attachment":[{"href":"https:\/\/people.unica.it\/scienzegiuridicheeforensi\/index.php?rest_route=%2Fwp%2Fv2%2Fmedia&parent=39"}],"curies":[{"name":"wp","href":"https:\/\/api.w.org\/{rel}","templated":true}]}}