{"id":1236,"date":"2012-11-26T10:30:01","date_gmt":"2012-11-26T10:30:01","guid":{"rendered":"http:\/\/people.unica.it\/provacds2\/?page_id=1236"},"modified":"2013-01-21T09:11:58","modified_gmt":"2013-01-21T09:11:58","slug":"il-corso","status":"publish","type":"page","link":"https:\/\/people.unica.it\/scienzefilosoficheestorico-filosofiche\/chi-siamo\/il-corso\/","title":{"rendered":"Il corso"},"content":{"rendered":"<p>Il Corso di Laurea Magistrale il Scienze filosofiche e storico-filosofiche (LM-78) si propone di formare una figura con elevate conoscenze a livello specialistico che rientrano nell&#8217;ambito delle discipline filosofico-teoriche e storico-filosofiche. \u00c8 suo specifico obiettivo far acquisire ai laureati competenze che lo pongano in grado di affrontare realt\u00e0 differenziate e complesse, di vagliare situazioni problematiche, individuandone criticit\u00e0 e vie di soluzione, di trovare modalit\u00e0 di organizzazione del lavoro efficaci e produttive; che gli forniscano metodologie e capacit\u00e0 di ricerca; che gli permettano di affrontare studi di grado pi\u00f9 elevato (Dottorati di ricerca, Master di II livello); che gli consentano di aver accesso alle scuole di specializzazione per l&#8217;insegnamento. Egli dovr\u00e0 inoltre avere una buona conoscenza di una lingua dell&#8217;Unione europea.<\/p>\n<p>&nbsp;<\/p>\n<p>Il CdS in Scienze filosofiche e storiche filosofiche prepara all&#8217;esercizio di diverse professioni, tra cui: esperto nella analisi di problemi legati alla natura delle istituzioni sociali, politiche e culturali e nella gestione delle dinamiche a queste connesse; giornalista; consulente nell&#8217;ambito delle pubbliche relazioni, delle relazioni interculturali e interpersonali; consulente filosofico; dirigente nell&#8217;ambito dell&#8217;editoria; redattore e revisore di testi scientifici; dirigente nelle istituzioni e amministrazioni pubbliche.<\/p>\n<p>&nbsp;<\/p>\n<p>L&#8217;attivit\u00e0 didattica del Corso prevede lezioni frontali, seminari e laboratori di lingua straniera e corso si fonda prevalentemente sugli insegnamenti delle discipline filosofiche tenute dai docenti al Corso stesso afferenti; grazie alla presenza di un elevato numero di crediti liberi lo studente pu\u00f2 ampliare le proprie competenze sia nelle stesse discipline filosofiche (che possono essere reiterate consentendo una maggiore specializzazione settoriale) sia in altri campi scelti dallo studente e coerenti con il suo piano di studio.<\/p>\n<p>&nbsp;<\/p>\n<p>Inoltre, il CdS in Scienze filosofiche e storico-filosofiche offre agli iscritti la possibilit\u00e0 di usufruire dei soggiorni di studio presso Universit\u00e0 dell&#8217;Unione Europea, grazie al progetto Socrates-Erasmus e partecipa al progetto Qualit\u00e0 \u201cCampus Unica\u201d promosso dall&#8217;Universit\u00e0 di Cagliari, finalizzato all&#8217;autovalutazione e valutazione dei corsi di studio.<\/p>","protected":false},"excerpt":{"rendered":"<p>Il Corso di Laurea Magistrale il Scienze filosofiche e storico-filosofiche (LM-78) si propone di formare una figura con elevate conoscenze a livello specialistico che rientrano nell&#8217;ambito delle discipline filosofico-teoriche e storico-filosofiche. \u00c8 suo specifico obiettivo far acquisire ai laureati competenze che lo pongano in grado di affrontare realt\u00e0 differenziate e complesse, di vagliare situazioni problematiche, individuandone criticit\u00e0 e vie di soluzione, di trovare modalit\u00e0 di organizzazione del lavoro efficaci e produttive; che gli forniscano metodologie e capacit\u00e0 di ricerca; che gli permettano di affrontare studi di grado pi\u00f9 elevato (Dottorati di ricerca, Master di II livello); che gli consentano di <a href='https:\/\/people.unica.it\/scienzefilosoficheestorico-filosofiche\/chi-siamo\/il-corso\/' class='excerpt-more'>[&#8230;]<\/a><\/p>\n","protected":false},"author":643,"featured_media":0,"parent":90,"menu_order":0,"comment_status":"closed","ping_status":"closed","template":"","meta":{"footnotes":""},"class_list":["post-1236","page","type-page","status-publish","hentry","post-seq-1","post-parity-odd","meta-position-corners","fix"],"_links":{"self":[{"href":"https:\/\/people.unica.it\/scienzefilosoficheestorico-filosofiche\/wp-json\/wp\/v2\/pages\/1236","targetHints":{"allow":["GET"]}}],"collection":[{"href":"https:\/\/people.unica.it\/scienzefilosoficheestorico-filosofiche\/wp-json\/wp\/v2\/pages"}],"about":[{"href":"https:\/\/people.unica.it\/scienzefilosoficheestorico-filosofiche\/wp-json\/wp\/v2\/types\/page"}],"author":[{"embeddable":true,"href":"https:\/\/people.unica.it\/scienzefilosoficheestorico-filosofiche\/wp-json\/wp\/v2\/users\/643"}],"replies":[{"embeddable":true,"href":"https:\/\/people.unica.it\/scienzefilosoficheestorico-filosofiche\/wp-json\/wp\/v2\/comments?post=1236"}],"version-history":[{"count":2,"href":"https:\/\/people.unica.it\/scienzefilosoficheestorico-filosofiche\/wp-json\/wp\/v2\/pages\/1236\/revisions"}],"predecessor-version":[{"id":1436,"href":"https:\/\/people.unica.it\/scienzefilosoficheestorico-filosofiche\/wp-json\/wp\/v2\/pages\/1236\/revisions\/1436"}],"up":[{"embeddable":true,"href":"https:\/\/people.unica.it\/scienzefilosoficheestorico-filosofiche\/wp-json\/wp\/v2\/pages\/90"}],"wp:attachment":[{"href":"https:\/\/people.unica.it\/scienzefilosoficheestorico-filosofiche\/wp-json\/wp\/v2\/media?parent=1236"}],"curies":[{"name":"wp","href":"https:\/\/api.w.org\/{rel}","templated":true}]}}