{"id":2,"date":"2008-09-02T11:52:55","date_gmt":"2008-09-02T11:52:55","guid":{"rendered":""},"modified":"2011-06-16T09:42:29","modified_gmt":"2011-06-16T09:42:29","slug":"info","status":"publish","type":"page","link":"https:\/\/people.unica.it\/santagilla08\/info\/","title":{"rendered":"Contatti"},"content":{"rendered":"<p>COORDINAMENTO GENERALE<br \/>\nCesarina Siddi &#8211; Facolt\u00e0 di Architettura UNICA<br \/>\nChristophe Girot &#8211; ETH Zurich\n<\/p>\n<p>COMITATO ORGANIZZATIVO<br \/>\nCesarina Siddi &#8211; Facolt\u00e0 di Architettura UNICA<br \/>\nFiammetta Sau &#8211; Facolt\u00e0 di Architettura UNICA<br \/>\nElisa Serra &#8211; Facolt\u00e0 di Architettura UNICA<br \/>\nSara Sorrentino &#8211; Facolt\u00e0 di Architettura UNICA<br \/>\nAlexandre Kapellos &#8211; ETH Zurich<br \/>\nIsabelle Duner &#8211; ETH Zurich\n<\/p>\n<p>SEGRETERIA ORGANIZZATIVA<br \/>\nElisa Serra &#8211; Facolt\u00e0 di Architettura UNICA<br \/>\nSara Sorrentino &#8211; Facolt\u00e0 di Architettura UNICA<\/p>\n<p>CONTATTI<br \/>\nElisa Serra                 Mobile +39 340 9287898<br \/>\nSara Sorrentino     Mobile +39 347 7904812<br \/>\nTel. Dipartimento di Architettura: +39 070 6755359<br \/>\nE-mail: santagilla08@unica.it<\/p>\n","protected":false},"excerpt":{"rendered":"<p>COORDINAMENTO GENERALE Cesarina Siddi &#8211; Facolt\u00e0 di Architettura UNICA Christophe Girot &#8211; ETH Zurich COMITATO ORGANIZZATIVO Cesarina Siddi &#8211; Facolt\u00e0 di Architettura UNICA Fiammetta Sau &#8211; Facolt\u00e0 di Architettura UNICA Elisa Serra &#8211; Facolt\u00e0 di Architettura UNICA Sara Sorrentino &#8211; Facolt\u00e0 di Architettura UNICA Alexandre Kapellos &#8211; ETH Zurich Isabelle Duner &#8211; ETH Zurich SEGRETERIA ORGANIZZATIVA Elisa Serra &#8211; Facolt\u00e0 di Architettura UNICA Sara Sorrentino &#8211; Facolt\u00e0 di Architettura UNICA CONTATTI Elisa Serra Mobile +39 340 9287898 Sara Sorrentino Mobile +39 347 7904812 Tel. Dipartimento di Architettura: +39 070 6755359 E-mail: santagilla08@unica.it<\/p>\n","protected":false},"author":218,"featured_media":0,"parent":0,"menu_order":0,"comment_status":"closed","ping_status":"closed","template":"","meta":{"footnotes":""},"class_list":["post-2","page","type-page","status-publish","hentry","category-1-id","post-seq-1","post-parity-odd","meta-position-corners","fix"],"_links":{"self":[{"href":"https:\/\/people.unica.it\/santagilla08\/wp-json\/wp\/v2\/pages\/2","targetHints":{"allow":["GET"]}}],"collection":[{"href":"https:\/\/people.unica.it\/santagilla08\/wp-json\/wp\/v2\/pages"}],"about":[{"href":"https:\/\/people.unica.it\/santagilla08\/wp-json\/wp\/v2\/types\/page"}],"author":[{"embeddable":true,"href":"https:\/\/people.unica.it\/santagilla08\/wp-json\/wp\/v2\/users\/218"}],"replies":[{"embeddable":true,"href":"https:\/\/people.unica.it\/santagilla08\/wp-json\/wp\/v2\/comments?post=2"}],"version-history":[{"count":12,"href":"https:\/\/people.unica.it\/santagilla08\/wp-json\/wp\/v2\/pages\/2\/revisions"}],"predecessor-version":[{"id":288,"href":"https:\/\/people.unica.it\/santagilla08\/wp-json\/wp\/v2\/pages\/2\/revisions\/288"}],"wp:attachment":[{"href":"https:\/\/people.unica.it\/santagilla08\/wp-json\/wp\/v2\/media?parent=2"}],"curies":[{"name":"wp","href":"https:\/\/api.w.org\/{rel}","templated":true}]}}