{"id":6208,"date":"2015-12-10T11:43:56","date_gmt":"2015-12-10T10:43:56","guid":{"rendered":"http:\/\/people.unica.it\/researchersinmotion\/?page_id=6208"},"modified":"2015-12-10T12:02:41","modified_gmt":"2015-12-10T11:02:41","slug":"eloh-kodjo","status":"publish","type":"page","link":"https:\/\/people.unica.it\/researchersinmotion\/alumni-profiles\/eloh-kodjo\/","title":{"rendered":"Eloh Kodjo"},"content":{"rendered":"<p><a href=\"http:\/\/people.unica.it\/researchersinmotion\/files\/2015\/12\/myphoto.jpg\"><img decoding=\"async\" class=\"wp-image-6197 size-thumbnail alignleft\" src=\"http:\/\/people.unica.it\/researchersinmotion\/files\/2015\/12\/myphoto-150x150.jpg\" alt=\"ELOH Kodjo\" width=\"150\" height=\"150\" srcset=\"https:\/\/people.unica.it\/researchersinmotion\/files\/2015\/12\/myphoto-150x150.jpg 150w, https:\/\/people.unica.it\/researchersinmotion\/files\/2015\/12\/myphoto-96x96.jpg 96w, https:\/\/people.unica.it\/researchersinmotion\/files\/2015\/12\/myphoto-24x24.jpg 24w, https:\/\/people.unica.it\/researchersinmotion\/files\/2015\/12\/myphoto-36x36.jpg 36w, https:\/\/people.unica.it\/researchersinmotion\/files\/2015\/12\/myphoto-48x48.jpg 48w, https:\/\/people.unica.it\/researchersinmotion\/files\/2015\/12\/myphoto-64x64.jpg 64w\" sizes=\"(max-width: 150px) 100vw, 150px\" \/><\/a><\/p>\n<p>&nbsp;<\/p>\n<p><span style=\"color: #3366ff\"><strong>PhD student<\/strong>, <strong><a style=\"color: #3366ff\" href=\"http:\/\/dottorati.unica.it\/stta\/info\/\" target=\"_blank\">PhD School in Earth and Environmental Sciences and technologies<\/a><\/strong><\/span><\/p>\n<p>&nbsp;<\/p>\n<p><span style=\"color: #3366ff\"><a style=\"color: #3366ff\" href=\"http:\/\/people.unica.it\/researchersinmotion\/alumni-profiles\/eloh-kodjo\/cv-eloh-kodjo\/\" target=\"_blank\">CV<\/a><\/span><\/p>\n<p>&nbsp;<\/p>\n<p style=\"text-align: justify\">I am Kodjo ELOH from Togo. Born at 08 April 1985 in Atakpam\u00e9, a city located at 200 km from the capital city Lom\u00e9 of Togo. I did my primary study in Lom\u00e9 and secondary school at Agb\u00e9louv\u00e9, a village situated at 60 km from Lom\u00e9. At the University, I opted for physics and chemistry and got a master&#8217;s degree in 2009 at University of Lom\u00e9. Then I got a PhD in Chemistry in August 2015 from the same University. I immediately started another PhD at the University of Cagliari that attracted me at my internship. My field of research focuses on soil nematodes that hinder plant growth. We study their interaction with plants and we also work on solutions to control them.<\/p>\n<p style=\"text-align: justify\">I love research and teaching and I will probably make career. I often spend my free time watching football matches (Barcelona in particular) or playing with friends. I also appreciate passing time in kitchen.<\/p>\n","protected":false},"excerpt":{"rendered":"<p>&nbsp; PhD student, PhD School in Earth and Environmental Sciences and technologies &nbsp; CV &nbsp; I am Kodjo ELOH from Togo. Born at 08 April 1985 in Atakpam\u00e9, a city located at 200 km from the capital city Lom\u00e9 of Togo. I did my primary study in Lom\u00e9 and secondary school at Agb\u00e9louv\u00e9, a village situated at 60 km from Lom\u00e9. At the University, I opted for physics and chemistry and got a master&#8217;s degree in 2009 at University of Lom\u00e9. Then I got a PhD in Chemistry in August 2015 from the same University. I immediately started another PhD <a href='https:\/\/people.unica.it\/researchersinmotion\/alumni-profiles\/eloh-kodjo\/' class='excerpt-more'>[&#8230;]<\/a><\/p>\n","protected":false},"author":366,"featured_media":0,"parent":557,"menu_order":0,"comment_status":"closed","ping_status":"closed","template":"","meta":{"ngg_post_thumbnail":0,"footnotes":""},"class_list":["post-6208","page","type-page","status-publish","hentry","post-seq-1","post-parity-odd","meta-position-corners","fix"],"publishpress_future_action":{"enabled":false,"date":"2026-04-11 06:49:20","action":"change-status","newStatus":"draft","terms":[],"taxonomy":"frm_application","extraData":[]},"publishpress_future_workflow_manual_trigger":{"enabledWorkflows":[]},"_links":{"self":[{"href":"https:\/\/people.unica.it\/researchersinmotion\/wp-json\/wp\/v2\/pages\/6208","targetHints":{"allow":["GET"]}}],"collection":[{"href":"https:\/\/people.unica.it\/researchersinmotion\/wp-json\/wp\/v2\/pages"}],"about":[{"href":"https:\/\/people.unica.it\/researchersinmotion\/wp-json\/wp\/v2\/types\/page"}],"author":[{"embeddable":true,"href":"https:\/\/people.unica.it\/researchersinmotion\/wp-json\/wp\/v2\/users\/366"}],"replies":[{"embeddable":true,"href":"https:\/\/people.unica.it\/researchersinmotion\/wp-json\/wp\/v2\/comments?post=6208"}],"version-history":[{"count":4,"href":"https:\/\/people.unica.it\/researchersinmotion\/wp-json\/wp\/v2\/pages\/6208\/revisions"}],"predecessor-version":[{"id":6221,"href":"https:\/\/people.unica.it\/researchersinmotion\/wp-json\/wp\/v2\/pages\/6208\/revisions\/6221"}],"up":[{"embeddable":true,"href":"https:\/\/people.unica.it\/researchersinmotion\/wp-json\/wp\/v2\/pages\/557"}],"wp:attachment":[{"href":"https:\/\/people.unica.it\/researchersinmotion\/wp-json\/wp\/v2\/media?parent=6208"}],"curies":[{"name":"wp","href":"https:\/\/api.w.org\/{rel}","templated":true}]}}