{"id":4502,"date":"2015-03-03T09:58:45","date_gmt":"2015-03-03T08:58:45","guid":{"rendered":"http:\/\/people.unica.it\/researchersinmotion\/?page_id=4502"},"modified":"2015-03-03T09:58:45","modified_gmt":"2015-03-03T08:58:45","slug":"cv-anna-nebot-escrigues","status":"publish","type":"page","link":"https:\/\/people.unica.it\/researchersinmotion\/alumni-profiles\/anna-nebot-escrigues\/cv-anna-nebot-escrigues\/","title":{"rendered":"CV Anna Nebot Escrigues"},"content":{"rendered":"<p style=\"text-align: justify\"><span style=\"color: #ff0000\"><strong>EDUCATION: <\/strong><\/span><\/p>\n<p style=\"text-align: justify\"><strong>Graduate in Biology <\/strong>in the field of Biodiversity and Conservation in the University of Valencia (UV). 2007-2012<\/p>\n<p style=\"text-align: justify\"><strong>Final project: <\/strong>Reproductive biology of the threatened endemism <em>Silene hifacensis <\/em>Rouy ex Willk. Assessment: Excellent with Honours (9.9\/10)<\/p>\n<p style=\"text-align: justify\"><strong>Internship<\/strong> in the Centro de Investigatigaci\u00f3n y Experimentaci\u00f3n Forestal (CIEF), department of threatened flora. (February-May 2012). Generalitat Valenciana. Conselleria d\u2019Infraestructures, Territori i Medi Ambient. (300 hours): Census and monitoring of threatened plant species; in situ harvesting of seeds of rare, threatened and endemic taxa; tests of viability and germination of seeds; conservation works with seeds.<\/p>\n<p style=\"text-align: justify\"><strong>Workshop<\/strong> on: Ex situ conservation of germoplasm of threatened flora and harvesting of threatened plants of Valencia. Enviromental education centre of the Comunitat Valenciana. (8 hours). 20 and 22 June 2012.<\/p>\n<p style=\"text-align: justify\">\u00a0Participation in the <strong>Doctoral summer school<\/strong> on \u201cThe conservation and management of plant diversity in hot-spot areas\u201d. (40 hours) From 17 to 21 June 2013.<\/p>\n<p style=\"text-align: justify\">\u00a0<\/p>\n<p style=\"text-align: justify\"><span style=\"color: #ff0000\"><strong>IT: <\/strong><\/span><\/p>\n<p style=\"text-align: justify\">Windows user level, Office, Internet and e-mail;<\/p>\n<p style=\"text-align: justify\">Specific programs: SPSS.<\/p>\n<p style=\"text-align: justify\">\u00a0<\/p>\n<p style=\"text-align: justify\"><span style=\"color: #ff0000\"><strong>LANGUAGES: <\/strong><\/span><\/p>\n<p style=\"text-align: justify\"><strong>Mother tongues: <\/strong>Spanish and Catalan (C1)<\/p>\n<p style=\"text-align: justify\"><strong>Other languages: <\/strong><\/p>\n<p style=\"text-align: justify\"><strong>Italian: <\/strong>CELI2 (B1) with a score of B (Good). Universit\u00e0 per stranieri di Perugia.<\/p>\n<p style=\"text-align: justify\"><strong>English: <\/strong>level B1<\/p>\n<p style=\"text-align: justify\">\u00a0<\/p>\n<p style=\"text-align: justify\"><span style=\"color: #ff0000\"><strong>RELEVANT EXPERIENCE: <\/strong><\/span><\/p>\n<p style=\"text-align: justify\"><strong>Internship<\/strong> in the CIEF (June-August 2012). (3 months): Review data base of protected flora; experiences of reproductive biology; plantation in the field of endangered species; census and monitoring of threatened plant species in situ and harvested from seeds; test of viability and germination of seeds; work of seeds conservation.<\/p>\n<p style=\"text-align: justify\"><strong>Internship<\/strong> in the Centro di Conservazione della Biodivesit\u00e0 (CCB) (April-October 2013). With the scholarship Leonardo da Vinci. (6 months) Study of <em>Dianthus morisianus<\/em>: phenology, fruit set and seed set analysis, monitoring crop plants, pollination experiments to learn about the reproductive system, fruit harvesting and data analysis and seed germination.<\/p>\n<p style=\"text-align: justify\">\u00a0<\/p>\n<p style=\"text-align: justify\"><span style=\"color: #ff0000\"><strong>OTHER SKILLS: <\/strong><\/span><\/p>\n<p style=\"text-align: justify\">In the 6th Congreso de Biologia de la Conservaci\u00f3n de Plantas (2013) my final studies project was published with the tittle: \u201cBiolog\u00eda reproductiva del endemismo amenazado <em>Silene hifacensis <\/em>Rouy ex Willk.\u201d Also presented a collaboration that I did with the CIEF: \u201cTestado del m\u00e9todo de conservaci\u00f3n de semillas ex-situ en la colecci\u00f3n CIEF a trav\u00e9s del analisis de germinabilidad del endemismo valenciano <em>Verbascum fontqueri <\/em>Bened\u00ed &amp; J.M.Monts. (Scrophulariaceae)\u201d.<\/p>\n<p style=\"text-align: justify\">\u00a0<\/p>\n<p style=\"text-align: justify\">Now writing the article of data obtained during the internship in the CCB.<\/p>\n<p style=\"text-align: justify\">\u00a0<\/p>\n<p style=\"text-align: justify\">B1 driving licence and own car.<\/p>\n","protected":false},"excerpt":{"rendered":"<p>EDUCATION: Graduate in Biology in the field of Biodiversity and Conservation in the University of Valencia (UV). 2007-2012 Final project: Reproductive biology of the threatened endemism Silene hifacensis Rouy ex Willk. Assessment: Excellent with Honours (9.9\/10) Internship in the Centro de Investigatigaci\u00f3n y Experimentaci\u00f3n Forestal (CIEF), department of threatened flora. (February-May 2012). Generalitat Valenciana. Conselleria d\u2019Infraestructures, Territori i Medi Ambient. (300 hours): Census and monitoring of threatened plant species; in situ harvesting of seeds of rare, threatened and endemic taxa; tests of viability and germination of seeds; conservation works with seeds. Workshop on: Ex situ conservation of germoplasm of threatened <a href='https:\/\/people.unica.it\/researchersinmotion\/alumni-profiles\/anna-nebot-escrigues\/cv-anna-nebot-escrigues\/' class='excerpt-more'>[&#8230;]<\/a><\/p>\n","protected":false},"author":366,"featured_media":0,"parent":4500,"menu_order":0,"comment_status":"closed","ping_status":"closed","template":"","meta":{"ngg_post_thumbnail":0,"footnotes":""},"class_list":["post-4502","page","type-page","status-publish","hentry","post-seq-1","post-parity-odd","meta-position-corners","fix"],"publishpress_future_action":{"enabled":false,"date":"2026-04-11 10:22:19","action":"change-status","newStatus":"draft","terms":[],"taxonomy":"frm_application","extraData":[]},"publishpress_future_workflow_manual_trigger":{"enabledWorkflows":[]},"_links":{"self":[{"href":"https:\/\/people.unica.it\/researchersinmotion\/wp-json\/wp\/v2\/pages\/4502","targetHints":{"allow":["GET"]}}],"collection":[{"href":"https:\/\/people.unica.it\/researchersinmotion\/wp-json\/wp\/v2\/pages"}],"about":[{"href":"https:\/\/people.unica.it\/researchersinmotion\/wp-json\/wp\/v2\/types\/page"}],"author":[{"embeddable":true,"href":"https:\/\/people.unica.it\/researchersinmotion\/wp-json\/wp\/v2\/users\/366"}],"replies":[{"embeddable":true,"href":"https:\/\/people.unica.it\/researchersinmotion\/wp-json\/wp\/v2\/comments?post=4502"}],"version-history":[{"count":1,"href":"https:\/\/people.unica.it\/researchersinmotion\/wp-json\/wp\/v2\/pages\/4502\/revisions"}],"predecessor-version":[{"id":4503,"href":"https:\/\/people.unica.it\/researchersinmotion\/wp-json\/wp\/v2\/pages\/4502\/revisions\/4503"}],"up":[{"embeddable":true,"href":"https:\/\/people.unica.it\/researchersinmotion\/wp-json\/wp\/v2\/pages\/4500"}],"wp:attachment":[{"href":"https:\/\/people.unica.it\/researchersinmotion\/wp-json\/wp\/v2\/media?parent=4502"}],"curies":[{"name":"wp","href":"https:\/\/api.w.org\/{rel}","templated":true}]}}