{"id":4451,"date":"2015-03-02T10:14:06","date_gmt":"2015-03-02T09:14:06","guid":{"rendered":"http:\/\/people.unica.it\/researchersinmotion\/?page_id=4451"},"modified":"2015-03-06T08:42:03","modified_gmt":"2015-03-06T07:42:03","slug":"cv-malgorzata-plumbaum","status":"publish","type":"page","link":"https:\/\/people.unica.it\/researchersinmotion\/alumni-profiles\/malgorzata-plumbaum\/cv-malgorzata-plumbaum\/","title":{"rendered":"CV Ma\u0142gorzata Plumbaum"},"content":{"rendered":"<p>Nationality: Polish<\/p>\n<p>KNOWLEDGE AREAS<\/p>\n<p>French Phenomenology, Philosophy of Art, Aesthetics, Ancient Philosophy, Ancient Greek, Latin, Neo-latin languages<\/p>\n<p>FORMAL EDUCATION<\/p>\n<p>PhD candidate in the Department of Philosophy, Psychology, and Pedagogy at Universit\u00e0 degli Studi di Cagliari, Sardinia, Italy. (2014)<\/p>\n<p>M.A. in Philosophy, University of Gda\u0144sk. (2014)<\/p>\n<p>Title:<em>\u00a0<\/em><em>O ciele i cielesno\u015bci ludzkiej w wybranych uj\u0119ciach (About the Body and Corporieality in Selected Theories)<\/em><br \/>\nSupervisor: Prof. Dr. Hab. Piotr J. Przybysz<\/p>\n<p>B.A. in Classical Philology, University of Gda\u0144sk. (2013)<\/p>\n<p>Title:<em>\u00a0<\/em><em>Portretowanie cielesno\u015bci w Metamorfozach Owidiusza (Corporieality in Ovid&#8217;s Metamorphoses)<\/em><br \/>\nSupervisor: Prof. Dr. Hab. Krzysztof G\u0142ombiowski<\/p>\n<p>B.A. in Philosophy, University of Gda\u0144sk. (2011)<\/p>\n<p>Title:<em>\u00a0<\/em><em>Percepcja dzie\u0142a sztuki malarskiej w filozofii Maurice&#8217;a Merleau-Ponty&#8217;ego (Perception of the Painting&#8217;s Work Art in Maurice Merleau-Ponty&#8217;s Philosophy.)<\/em><br \/>\nSupervisor: Dr. Hab. Anna Ch\u0119cka-Gotkowicz<\/p>\n<p>SEMINARS, CONFERENCES<\/p>\n<p>Seminar on \u201c New Moral Intuitionism. Its Possibilities and Challenges\u201d organized by<br \/>\nDepartment of Philosophy at University of Gda\u0144sk. (2014)<\/p>\n<p>Conference on &#8220;Jedna czy wiele fenomenologii? Fenomenologia we wsp\u00f3\u0142czesnej filozofii&#8221; (&#8220;Phenomenology and Contemporary Philosophy&#8221;) organized by<br \/>\nDepartment of Philosophy at University of Gda\u0144sk. (2013)<\/p>\n<p>Research on Ancient Greek, Ancient Philosophy, Culture of Ancient Greece, History of Ancient Greece, Greek Architecture organised by Department of Classical Philology at University of Gda\u0144sk during linguistic trip in Greece (among others: Athens, Thessaloniki, Ioannina, Meteora, Thermopiles, Pella, Amphipolis). (2012)<\/p>\n<p>Conference on &#8220;Virtue Ethics: Possibilities and Limitations&#8221; organized by<br \/>\nDepartment of Philosophy at University of Gda\u0144sk. (2008)<\/p>\n<p>LANGUAGES<\/p>\n<p>Polish (mother language)<\/p>\n<p>Ancient Greek (intermediate)<\/p>\n<p>Latin (intermediate)<\/p>\n<p>Italian (advanced)<\/p>\n<p>Spanish (advanced)<\/p>\n<p>French (pre-intermediate)<\/p>\n<p>English (upper-intermediate)<\/p>\n<p>German (pre-intermediate\/intermediate)<\/p>\n<p>&nbsp;<\/p>\n","protected":false},"excerpt":{"rendered":"<p>Nationality: Polish KNOWLEDGE AREAS French Phenomenology, Philosophy of Art, Aesthetics, Ancient Philosophy, Ancient Greek, Latin, Neo-latin languages FORMAL EDUCATION PhD candidate in the Department of Philosophy, Psychology, and Pedagogy at Universit\u00e0 degli Studi di Cagliari, Sardinia, Italy. (2014) M.A. in Philosophy, University of Gda\u0144sk. (2014) Title:\u00a0O ciele i cielesno\u015bci ludzkiej w wybranych uj\u0119ciach (About the Body and Corporieality in Selected Theories) Supervisor: Prof. Dr. Hab. Piotr J. Przybysz B.A. in Classical Philology, University of Gda\u0144sk. (2013) Title:\u00a0Portretowanie cielesno\u015bci w Metamorfozach Owidiusza (Corporieality in Ovid&#8217;s Metamorphoses) Supervisor: Prof. Dr. Hab. Krzysztof G\u0142ombiowski B.A. in Philosophy, University of Gda\u0144sk. (2011) Title:\u00a0Percepcja dzie\u0142a <a href='https:\/\/people.unica.it\/researchersinmotion\/alumni-profiles\/malgorzata-plumbaum\/cv-malgorzata-plumbaum\/' class='excerpt-more'>[&#8230;]<\/a><\/p>\n","protected":false},"author":366,"featured_media":0,"parent":4447,"menu_order":0,"comment_status":"closed","ping_status":"closed","template":"","meta":{"ngg_post_thumbnail":0,"footnotes":""},"class_list":["post-4451","page","type-page","status-publish","hentry","post-seq-1","post-parity-odd","meta-position-corners","fix"],"publishpress_future_action":{"enabled":false,"date":"2026-04-13 22:17:33","action":"change-status","newStatus":"draft","terms":[],"taxonomy":"frm_application","extraData":[]},"publishpress_future_workflow_manual_trigger":{"enabledWorkflows":[]},"_links":{"self":[{"href":"https:\/\/people.unica.it\/researchersinmotion\/wp-json\/wp\/v2\/pages\/4451","targetHints":{"allow":["GET"]}}],"collection":[{"href":"https:\/\/people.unica.it\/researchersinmotion\/wp-json\/wp\/v2\/pages"}],"about":[{"href":"https:\/\/people.unica.it\/researchersinmotion\/wp-json\/wp\/v2\/types\/page"}],"author":[{"embeddable":true,"href":"https:\/\/people.unica.it\/researchersinmotion\/wp-json\/wp\/v2\/users\/366"}],"replies":[{"embeddable":true,"href":"https:\/\/people.unica.it\/researchersinmotion\/wp-json\/wp\/v2\/comments?post=4451"}],"version-history":[{"count":6,"href":"https:\/\/people.unica.it\/researchersinmotion\/wp-json\/wp\/v2\/pages\/4451\/revisions"}],"predecessor-version":[{"id":4612,"href":"https:\/\/people.unica.it\/researchersinmotion\/wp-json\/wp\/v2\/pages\/4451\/revisions\/4612"}],"up":[{"embeddable":true,"href":"https:\/\/people.unica.it\/researchersinmotion\/wp-json\/wp\/v2\/pages\/4447"}],"wp:attachment":[{"href":"https:\/\/people.unica.it\/researchersinmotion\/wp-json\/wp\/v2\/media?parent=4451"}],"curies":[{"name":"wp","href":"https:\/\/api.w.org\/{rel}","templated":true}]}}