{"id":2542,"date":"2014-04-09T10:43:57","date_gmt":"2014-04-09T09:43:57","guid":{"rendered":"http:\/\/people.unica.it\/researchersinmotion\/?page_id=2542"},"modified":"2014-04-09T10:43:57","modified_gmt":"2014-04-09T09:43:57","slug":"cv-patricia-diaz-de-alba-2","status":"publish","type":"page","link":"https:\/\/people.unica.it\/researchersinmotion\/alumni-profiles\/patricia-diaz-de-alba\/cv-patricia-diaz-de-alba-2\/","title":{"rendered":"CV Patricia Diaz De Alba"},"content":{"rendered":"<p><span style=\"line-height: 1.5em\">Nationality: Spanish<\/span><\/p>\n<p><strong>WORK EXPERIENCE<\/strong><\/p>\n<p><strong><span style=\"line-height: 1.5em\">2012<\/span><\/strong><\/p>\n<p><span style=\"line-height: 1.5em\">Internship in the water company \u201cAguas de C\u00e1diz, S.A.\u201d (C\u00e1diz) for 300 hours.<\/span><\/p>\n<p>Modelling the water supply network of C\u00e1diz, conducted by the Engines Department at University of C\u00e1diz (Spain)<\/p>\n<p><strong>2011-2012<\/strong><\/p>\n<p><span style=\"line-height: 1.5em\">Internship and scholarship granted by University of C\u00e1diz for 6 months.<\/span><\/p>\n<p>Database management with MySQL for the diffusion of the Mathematics degree<\/p>\n<p><strong>TEACHING EXPERIENCE<\/strong><\/p>\n<p><strong>2007<\/strong><\/p>\n<p>36 hours in \u201cWeek of Science and Technology 2007\u201d<\/p>\n<p>University of C\u00e1diz (Spain)<\/p>\n<p><strong>EDUCATION AND TRAINING<\/strong><\/p>\n<p><strong>2011 \u2013 2012<\/strong><\/p>\n<p>MS Degree in Mathematics (Inter-university programme with the Universities of C\u00e1diz, M\u00e1laga, Granada and Almer\u00eda)University of C\u00e1diz (Spain) &#8211;\u00a0November 2011 \u2013 September 2012<\/p>\n<p><strong><span style=\"line-height: 1.5em\">2006-2011<\/span><\/strong><\/p>\n<p>BS Degree in MathematicsUniversity of C\u00e1diz (Spain) &#8211;\u00a0October 2006 \u2013 July 2011<\/p>\n<p><strong><span style=\"line-height: 1.5em\">2009-2010<\/span><\/strong><\/p>\n<p>Erasmus exchange students programmeUniversit\u00e9 Joseph Fourier, Grenoble (France) &#8211;\u00a0September 2009 \u2013 February 2010<\/p>\n<p><strong>2004-2006<\/strong><\/p>\n<p>High School Diploma with technological orientation.IES Wenceslao Ben\u00edtez, San Fernando, C\u00e1diz (Spain) &#8211;\u00a0September 2004 \u2013 May 2006<\/p>\n<p><strong>COMPLEMENTARY\u00a0<span style=\"line-height: 1.5em\">FORMATION<\/span><\/strong><\/p>\n<p><strong>2007-2009<\/strong><\/p>\n<p>Assistant Student in the Mathematics Department at University of C\u00e1diz (Spain)Geometric exercises treatment with Cinderella and LaTeX<\/p>\n<p><strong><span style=\"line-height: 1.5em\">COURSES TAKEN<\/span><\/strong><\/p>\n<p><strong>2013<\/strong><\/p>\n<p>Curso fundamental de microeconom\u00eda (\u201cFundamental course in Microeconomics\u201d<\/p>\n<p><strong>2013<\/strong><\/p>\n<p>Excel 2013<\/p>\n<p><strong><span style=\"line-height: 1.5em\">2013<\/span><\/strong><\/p>\n<p>Aplicaciones de la Teor\u00eda de grafos a la vida real (\u201cApplications of graph theory to real life\u201d<\/p>\n<p><strong><span style=\"line-height: 1.5em\">2009<\/span><\/strong><\/p>\n<p>Taller de Geom\u00e1tica (\u201cGeomatics workshop\u201d)<\/p>\n<p>gvSIG course<\/p>\n<p><strong>PERSONAL SKILLS AND COMPETENCES<\/strong><\/p>\n<p>Mother tongue:\u00a0Spanish<\/p>\n<p><strong><span style=\"line-height: 1.5em\">OTHER LANGUAGES<\/span><\/strong><\/p>\n<p><strong>English:<\/strong><\/p>\n<p>PET Certificate<\/p>\n<p>Reading: Good<\/p>\n<p>Writing: Good<\/p>\n<p>Speaking: Good<span style=\"line-height: 1.5em\">\u00a0<\/span><\/p>\n<p><strong>French:<\/strong><\/p>\n<p>Level: A2-B1<\/p>\n<p>Reading: Basic<\/p>\n<p>Writing: Basic<\/p>\n<p>Speaking: Basic<\/p>\n<p><strong>TECHNICAL SKILLS<\/strong><\/p>\n<p>User: Windows, Linux, Internet, Office (Word, Excel, PowerPoint,&#8230;), LaTeX and Cinderella. Basic knowledge of web design, Moodle<\/p>\n<p>Programming and calculation: MATLAB, Mathematica, FreeFem++ and wxMaxima<\/p>\n<p><span style=\"line-height: 1.5em\">Data analysis: Statgraphics<\/span><\/p>\n<p>Database: HeidiSQL<\/p>\n<p>Geomatics: gvSIG<\/p>\n<p><strong>ADDITIONAL INFORMATION<\/strong><\/p>\n<p>Currently, I am teaching maths classes to high school, secondary school and college students.<\/p>\n<p>I am interested in management, economics, entrepreneurship and social debate topics.<\/p>\n<p>Active participation in organizing conferences and seminars with professors from the University of C\u00e1diz (Spain).<\/p>\n<p>Hobbies: cinema, reading and new technologies.<\/p>\n<p>Driving licence (over two years), availability to travel and availability to start immediately.<\/p>\n<p>&nbsp;<\/p>\n","protected":false},"excerpt":{"rendered":"<p>Nationality: Spanish WORK EXPERIENCE 2012 Internship in the water company \u201cAguas de C\u00e1diz, S.A.\u201d (C\u00e1diz) for 300 hours. Modelling the water supply network of C\u00e1diz, conducted by the Engines Department at University of C\u00e1diz (Spain) 2011-2012 Internship and scholarship granted by University of C\u00e1diz for 6 months. Database management with MySQL for the diffusion of the Mathematics degree TEACHING EXPERIENCE 2007 36 hours in \u201cWeek of Science and Technology 2007\u201d University of C\u00e1diz (Spain) EDUCATION AND TRAINING 2011 \u2013 2012 MS Degree in Mathematics (Inter-university programme with the Universities of C\u00e1diz, M\u00e1laga, Granada and Almer\u00eda)University of C\u00e1diz (Spain) &#8211;\u00a0November 2011 <a href='https:\/\/people.unica.it\/researchersinmotion\/alumni-profiles\/patricia-diaz-de-alba\/cv-patricia-diaz-de-alba-2\/' class='excerpt-more'>[&#8230;]<\/a><\/p>\n","protected":false},"author":366,"featured_media":0,"parent":2535,"menu_order":0,"comment_status":"closed","ping_status":"closed","template":"","meta":{"ngg_post_thumbnail":0,"footnotes":""},"class_list":["post-2542","page","type-page","status-publish","hentry","post-seq-1","post-parity-odd","meta-position-corners","fix"],"publishpress_future_action":{"enabled":false,"date":"2026-04-11 12:08:28","action":"change-status","newStatus":"draft","terms":[],"taxonomy":"frm_application","extraData":[]},"publishpress_future_workflow_manual_trigger":{"enabledWorkflows":[]},"_links":{"self":[{"href":"https:\/\/people.unica.it\/researchersinmotion\/wp-json\/wp\/v2\/pages\/2542","targetHints":{"allow":["GET"]}}],"collection":[{"href":"https:\/\/people.unica.it\/researchersinmotion\/wp-json\/wp\/v2\/pages"}],"about":[{"href":"https:\/\/people.unica.it\/researchersinmotion\/wp-json\/wp\/v2\/types\/page"}],"author":[{"embeddable":true,"href":"https:\/\/people.unica.it\/researchersinmotion\/wp-json\/wp\/v2\/users\/366"}],"replies":[{"embeddable":true,"href":"https:\/\/people.unica.it\/researchersinmotion\/wp-json\/wp\/v2\/comments?post=2542"}],"version-history":[{"count":3,"href":"https:\/\/people.unica.it\/researchersinmotion\/wp-json\/wp\/v2\/pages\/2542\/revisions"}],"predecessor-version":[{"id":2545,"href":"https:\/\/people.unica.it\/researchersinmotion\/wp-json\/wp\/v2\/pages\/2542\/revisions\/2545"}],"up":[{"embeddable":true,"href":"https:\/\/people.unica.it\/researchersinmotion\/wp-json\/wp\/v2\/pages\/2535"}],"wp:attachment":[{"href":"https:\/\/people.unica.it\/researchersinmotion\/wp-json\/wp\/v2\/media?parent=2542"}],"curies":[{"name":"wp","href":"https:\/\/api.w.org\/{rel}","templated":true}]}}