{"id":2205,"date":"2014-01-16T13:08:53","date_gmt":"2014-01-16T12:08:53","guid":{"rendered":"http:\/\/people.unica.it\/researchersinmotion\/?page_id=2205"},"modified":"2014-01-16T13:08:53","modified_gmt":"2014-01-16T12:08:53","slug":"in-out-archive","status":"publish","type":"page","link":"https:\/\/people.unica.it\/researchersinmotion\/in-out-archive\/","title":{"rendered":"In &amp; Out Archive"},"content":{"rendered":"<div class=\"elencoarticoli\"><ul class=\"ulpostelenco\"><li><a  title=\"IN: Micha\u0142 Szalast \u2013 Dao Quy - coming from Jagiellonian University, Poland\" href=\"https:\/\/people.unica.it\/researchersinmotion\/2015\/07\/29\/in-michal-szalast-dao-quy-coming-from-jagiellonian-university-poland\/\" ><div class=\"titolopostelenco\">IN: Micha\u0142 Szalast \u2013 Dao Quy - coming from Jagiellonian University, Poland<\/div><\/a><\/li><li><a  title=\"OUT: Mauro Pala going to Trinity College Dublin, Ireland\" href=\"https:\/\/people.unica.it\/researchersinmotion\/2015\/02\/23\/out-mauro-pala-going-to-trinity-college-dublin-ireland\/\" ><div class=\"titolopostelenco\">OUT: Mauro Pala going to Trinity College Dublin, Ireland<\/div><\/a><\/li><li><a  title=\"OUT: Fabio Roli - going to HUST University, China\" href=\"https:\/\/people.unica.it\/researchersinmotion\/2014\/11\/04\/out-fabio-roli-going-to-hust-university-china\/\" ><div class=\"titolopostelenco\">OUT: Fabio Roli - going to HUST University, China<\/div><\/a><\/li><li><a  title=\"IN: Daria Parkhomenko - coming from Belarusian State University, Minsk\" href=\"https:\/\/people.unica.it\/researchersinmotion\/2014\/10\/17\/in-daria-parkhomenko-coming-from-university-of-informatics-and-radioelectronics-belarusian-state\/\" ><div class=\"titolopostelenco\">IN: Daria Parkhomenko - coming from Belarusian State University, Minsk<\/div><\/a><\/li><li><a  title=\"OUT: Roberto Puxeddu - going to Falck Medical Vladivostok, Russia \" href=\"https:\/\/people.unica.it\/researchersinmotion\/2014\/09\/17\/out-roberto-puxeddu-going-to-falck-medical-vladivostok-russia\/\" ><div class=\"titolopostelenco\">OUT: Roberto Puxeddu - going to Falck Medical Vladivostok, Russia <\/div><\/a><\/li><li><a  title=\"IN: Zuzanna Rudnicka - coming from Jagiellonian University, Poland\" href=\"https:\/\/people.unica.it\/researchersinmotion\/2014\/08\/01\/in-zuzanna-rudnicka-coming-from-jagiellonian-university-poland\/\" ><div class=\"titolopostelenco\">IN: Zuzanna Rudnicka - coming from Jagiellonian University, Poland<\/div><\/a><\/li><li><a  title=\"IN: C\u00e9sar Luis Garc\u00eda - coming from Universidad Cat\u00f3lica de C\u00f3rdoba, Argentina\" href=\"https:\/\/people.unica.it\/researchersinmotion\/2014\/06\/11\/in-cesar-luis-garcia-coming-from-universidad-catolica-de-cordoba-argentina\/\" ><div class=\"titolopostelenco\">IN: C\u00e9sar Luis Garc\u00eda - coming from Universidad Cat\u00f3lica de C\u00f3rdoba, Argentina<\/div><\/a><\/li><li><a  title=\"IN: Agata Pilecka - coming from University of Warsaw, Poland\" href=\"https:\/\/people.unica.it\/researchersinmotion\/2014\/06\/09\/in-agata-pilecka-coming-from-university-of-warsaw-poland\/\" ><div class=\"titolopostelenco\">IN: Agata Pilecka - coming from University of Warsaw, Poland<\/div><\/a><\/li><li><a  title=\"OUT: Amir Mohammad Amiri - going to London South Bank University, United Kingdom \" href=\"https:\/\/people.unica.it\/researchersinmotion\/2014\/05\/14\/out-amiri-mohammad-amir-going-to-london-south-park-university-united-kingdom\/\" ><div class=\"titolopostelenco\">OUT: Amir Mohammad Amiri - going to London South Bank University, United Kingdom <\/div><\/a><\/li><li><a  title=\"IN: Philip Baldi - coming from Penn State University, USA\" href=\"https:\/\/people.unica.it\/researchersinmotion\/2014\/04\/22\/in-philip-baldi-coming-from-penn-state-university-usa\/\" ><div class=\"titolopostelenco\">IN: Philip Baldi - coming from Penn State University, USA<\/div><\/a><\/li><\/ul><\/div>\n","protected":false},"excerpt":{"rendered":"<p>\u00a0<\/p>\n","protected":false},"author":366,"featured_media":0,"parent":0,"menu_order":0,"comment_status":"closed","ping_status":"closed","template":"","meta":{"ngg_post_thumbnail":0,"footnotes":""},"class_list":["post-2205","page","type-page","status-publish","hentry","post-seq-1","post-parity-odd","meta-position-corners","fix"],"publishpress_future_action":{"enabled":false,"date":"2026-04-11 01:45:11","action":"change-status","newStatus":"draft","terms":[],"taxonomy":"frm_application","extraData":[]},"publishpress_future_workflow_manual_trigger":{"enabledWorkflows":[]},"_links":{"self":[{"href":"https:\/\/people.unica.it\/researchersinmotion\/wp-json\/wp\/v2\/pages\/2205","targetHints":{"allow":["GET"]}}],"collection":[{"href":"https:\/\/people.unica.it\/researchersinmotion\/wp-json\/wp\/v2\/pages"}],"about":[{"href":"https:\/\/people.unica.it\/researchersinmotion\/wp-json\/wp\/v2\/types\/page"}],"author":[{"embeddable":true,"href":"https:\/\/people.unica.it\/researchersinmotion\/wp-json\/wp\/v2\/users\/366"}],"replies":[{"embeddable":true,"href":"https:\/\/people.unica.it\/researchersinmotion\/wp-json\/wp\/v2\/comments?post=2205"}],"version-history":[{"count":4,"href":"https:\/\/people.unica.it\/researchersinmotion\/wp-json\/wp\/v2\/pages\/2205\/revisions"}],"predecessor-version":[{"id":2209,"href":"https:\/\/people.unica.it\/researchersinmotion\/wp-json\/wp\/v2\/pages\/2205\/revisions\/2209"}],"wp:attachment":[{"href":"https:\/\/people.unica.it\/researchersinmotion\/wp-json\/wp\/v2\/media?parent=2205"}],"curies":[{"name":"wp","href":"https:\/\/api.w.org\/{rel}","templated":true}]}}